{"id":22026,"date":"2021-10-11T08:01:45","date_gmt":"2021-10-11T06:01:45","guid":{"rendered":"https:\/\/smania.store\/hu\/termek\/marshall-fali-kulcstarto\/"},"modified":"2023-06-06T18:38:45","modified_gmt":"2023-06-06T16:38:45","slug":"marshall-fali-kulcstarto","status":"publish","type":"product","link":"https:\/\/shoppamo.com\/hu\/termek\/marshall-fali-kulcstarto\/","title":{"rendered":"Marshall fali kulcstart\u00f3"},"content":{"rendered":"<div class=\"smania_landing_description_title\">\u00daJ! Marshall fali kulcstart\u00f3<\/div>\n<div class=\"smania_landing_description_txt\">Inspir\u00e1ljon az \u00f6tletes kulcstart\u00f3val!<\/div>\n<div class=\"smania_landing_description_subtitle\">Legyen egyedi \u00e9s cser\u00e9lje ki az unalmas kulcstart\u00f3j\u00e1t az \u00faj Marshall fali kulcstart\u00f3ra \u00e9s st\u00edlus\u00e1val ny\u0171g\u00f6zze le vend\u00e9geit. L\u00e9nyeges kieg\u00e9sz\u00edt\u0151 minden otthonba, irod\u00e1ba, hangst\u00fadi\u00f3ba, pr\u00f3baterembe vagy \u201ef\u00e9rfi-barlangba\u201d.<\/div>\n<div class=\"smania_landing_description_list\">\n<ul>\n<li>Dug\u00f3k \u00e9s bemenetek eredeti anyagokb\u00f3l a val\u00f3di \u00e9rz\u00e9s \u00e9rdek\u00e9ben<\/li>\n<li>Kifinomult \u00e9s id\u0151tlen hangsz\u00f3r\u00f3 megjelen\u00e9s<\/li>\n<li>A kulcsok mindig j\u00f3l l\u00e1that\u00f3 helyen lesznek t\u00e1rolva<\/li>\n<li>K\u00f6nnyen felszerelhet\u0151 minden t\u00edpus\u00fa falra<\/li>\n<li>T\u00f6k\u00e9letes aj\u00e1nd\u00e9k minden zenerajong\u00f3 sz\u00e1m\u00e1ra<\/li>\n<\/ul>\n<\/div>\n","protected":false},"excerpt":{"rendered":"<p>Figyelemfelkelt\u0151 kulcstart\u00f3|Ide\u00e1lis minden t\u00edpus\u00fa helyis\u00e9g feldob\u00e1s\u00e1hoz|Eredeti anyagokb\u00f3l k\u00e9sz\u00fclt|A k\u00e9szlet tartalma: Kulcstart\u00f3, 4 \u00d7 dug\u00f3, r\u00f6gz\u00edt\u0151csavarok|Egyszer\u0171 felhelyezni|Min\u0151s\u00e9gi anyagok \u00e9s gy\u00e1rt\u00e1s|Dimenzi\u00f3k: 196 \u00d7 70 mm|T\u00f6k\u00e9letes aj\u00e1nd\u00e9k minden zenerajong\u00f3 sz\u00e1m\u00e1ra<\/p>\n","protected":false},"featured_media":22020,"template":"","meta":[],"product_cat":[16],"product_tag":[1555],"acf":[],"_links":{"self":[{"href":"https:\/\/shoppamo.com\/hu\/wp-json\/wp\/v2\/product\/22026"}],"collection":[{"href":"https:\/\/shoppamo.com\/hu\/wp-json\/wp\/v2\/product"}],"about":[{"href":"https:\/\/shoppamo.com\/hu\/wp-json\/wp\/v2\/types\/product"}],"wp:featuredmedia":[{"embeddable":true,"href":"https:\/\/shoppamo.com\/hu\/wp-json\/wp\/v2\/media\/22020"}],"wp:attachment":[{"href":"https:\/\/shoppamo.com\/hu\/wp-json\/wp\/v2\/media?parent=22026"}],"wp:term":[{"taxonomy":"product_cat","embeddable":true,"href":"https:\/\/shoppamo.com\/hu\/wp-json\/wp\/v2\/product_cat?post=22026"},{"taxonomy":"product_tag","embeddable":true,"href":"https:\/\/shoppamo.com\/hu\/wp-json\/wp\/v2\/product_tag?post=22026"}],"curies":[{"name":"wp","href":"https:\/\/api.w.org\/{rel}","templated":true}]}}