{"id":25258,"date":"2021-10-11T13:14:00","date_gmt":"2021-10-11T11:14:00","guid":{"rendered":"https:\/\/smania.store\/hu\/termek\/sprinkie-vizi-jatszoszonyeg\/"},"modified":"2024-07-05T08:52:00","modified_gmt":"2024-07-05T06:52:00","slug":"sprinkie-vizi-jatszoszonyeg","status":"publish","type":"product","link":"https:\/\/shoppamo.com\/hu\/termek\/sprinkie-vizi-jatszoszonyeg\/","title":{"rendered":"Sprinkie v\u00edzi j\u00e1tsz\u00f3sz\u0151nyeg"},"content":{"rendered":"<div class=\"smania_landing_description_title\">WOW! \ud83c\udf1e Sprinkie v\u00edzi j\u00e1tsz\u00f3sz\u0151nyeg<\/div>\n<div class=\"smania_landing_description_txt\">Elegend\u0151 ennyi sz\u00f3rakoz\u00e1s gyermeke sz\u00e1m\u00e1ra?<\/div>\n<div class=\"smania_landing_description_subtitle\">Sprinkie permetezi a vizet, leh\u0171ti gyermek\u00e9t a forr\u00f3 ny\u00e1ri napokon, \u00e9s t\u00f6bb \u00f3r\u00e1nyi felh\u0151tlen sz\u00f3rakoz\u00e1st biztosit a v\u00edzben.<\/div>\n<div class=\"smania_landing_description_list\">\n<ul>\n<li>A gyerekek im\u00e1dni fogj\u00e1k a v\u00edzcseppet<\/li>\n<li>\u00daszhatnak \u00e9s j\u00e1tszhatnak a sek\u00e9ly v\u00edzben<\/li>\n<li>Csak dugja be a kerti csapba vagy a PVC cs\u0151be<\/li>\n<li>\u00c1ll\u00edtsa be a v\u00edznyom\u00e1st a permetez\u00e9si er\u0151 cs\u00f6kkent\u00e9s\u00e9hez vagy magasabb szintj\u00e9hez<\/li>\n<li>T\u00f6ltse fel sz\u00f3rakoztat\u00f3 j\u00e1t\u00e9kokkal<\/li>\n<\/ul><\/div>\n","protected":false},"excerpt":{"rendered":"<p>Tart\u00f3s \u00e9s vastag PVC-b\u0151l k\u00e9sz\u00fclt|A kis \u00e9s nagy gyerekek egyar\u00e1nt im\u00e1dni fogj\u00e1k|Babamedencek\u00e9nt haszn\u00e1lhat\u00f3|T\u00f6k\u00e9letes ny\u00e1ri sz\u00fclet\u00e9snapi partikhoz|Sz\u00ednes nyomtat\u00e1s \u00e9l\u00e9nk rajzfilmfigur\u00e1kkal|\u00c1tm\u00e9r\u0151: 172 cm|Nagyszer\u0171 kell\u00e9k a forr\u00f3 napokban|Feln\u0151tek fel\u00fcgyelete mellett haszn\u00e1lhat\u00f3<\/p>\n","protected":false},"featured_media":33633,"template":"","meta":[],"product_cat":[21,2303],"product_tag":[2025],"acf":[],"_links":{"self":[{"href":"https:\/\/shoppamo.com\/hu\/wp-json\/wp\/v2\/product\/25258"}],"collection":[{"href":"https:\/\/shoppamo.com\/hu\/wp-json\/wp\/v2\/product"}],"about":[{"href":"https:\/\/shoppamo.com\/hu\/wp-json\/wp\/v2\/types\/product"}],"wp:featuredmedia":[{"embeddable":true,"href":"https:\/\/shoppamo.com\/hu\/wp-json\/wp\/v2\/media\/33633"}],"wp:attachment":[{"href":"https:\/\/shoppamo.com\/hu\/wp-json\/wp\/v2\/media?parent=25258"}],"wp:term":[{"taxonomy":"product_cat","embeddable":true,"href":"https:\/\/shoppamo.com\/hu\/wp-json\/wp\/v2\/product_cat?post=25258"},{"taxonomy":"product_tag","embeddable":true,"href":"https:\/\/shoppamo.com\/hu\/wp-json\/wp\/v2\/product_tag?post=25258"}],"curies":[{"name":"wp","href":"https:\/\/api.w.org\/{rel}","templated":true}]}}