{"id":27540,"date":"2021-11-25T09:53:07","date_gmt":"2021-11-25T08:53:07","guid":{"rendered":"https:\/\/smania.store\/hu\/termek\/mr-kringle-maszo-mikulas\/"},"modified":"2024-11-13T10:59:18","modified_gmt":"2024-11-13T09:59:18","slug":"mr-kringle-maszo-mikulas","status":"publish","type":"product","link":"https:\/\/shoppamo.com\/hu\/termek\/mr-kringle-maszo-mikulas\/","title":{"rendered":"Mr. Kringle m\u00e1sz\u00f3 Mikul\u00e1s"},"content":{"rendered":"<div class=\"smania_landing_description_title\">\u00daj! \ud83c\udf84 Mr. Kringle m\u00e1sz\u00f3 Mikul\u00e1s<\/div>\n<div class=\"smania_landing_description_txt\">A vicces Mr. Kringle t\u00f6k\u00e9letes kar\u00e1csonyi hangulatot teremt!<\/div>\n<div class=\"smania_landing_description_subtitle\">Ne agg\u00f3djon, ha a f\u00e1ja m\u00e9g nincs feld\u00edsz\u00edtve, \u00e9s otthon\u00e1nak nincs kar\u00e1csonyi s\u00fcti illata. Id\u00e9n a m\u00e1sz\u00f3 Mikul\u00e1s gondoskodik a kar\u00e1csonyi hangulatr\u00f3l! Felm\u00e1szik a l\u00e9tr\u00e1n vagy a k\u00f6t\u00e9len, kar\u00e1csonyi \u00e9nekeket \u00e9nekel, \u00e9s \u00f6sszess\u00e9g\u00e9ben csod\u00e1latos meglepet\u00e9st okoz.<\/div>\n<div class=\"smania_landing_description_list\">\n<ul>\n<li>H\u00e1rom m\u00e1sz\u00f3 Mikul\u00e1s k\u00f6z\u00fcl v\u00e1laszthat<\/li>\n<li>El\u00e9rhet\u0151 Mr. Kringle, aki l\u00e9tr\u00e1n m\u00e1szik, vagy Mikul\u00e1s, aki k\u00f6t\u00e9len m\u00e1szik<\/li>\n<li>Az \u00f6regember, aki a l\u00e9tra tetej\u00e9n billeg, biztosan meg fogja nevetetni<\/li>\n<li>Minden j\u00f3 ember kar\u00e1csonyi \u00e9nekeket j\u00e1tszik<\/li>\n<li>Csod\u00e1latos \u00fcnnepi dekor\u00e1ci\u00f3 minden otthonba<\/li>\n<\/ul><\/div>\n","protected":false},"excerpt":{"rendered":"<p>B\u00e1rhov\u00e1 felakaszthat\u00f3 \u00fcnnepi dekor\u00e1ci\u00f3|A megfordul\u00f3 Mikul\u00e1s minden gyermeknek \u00f6r\u00f6met szerez|Feldob minden borong\u00f3s t\u00e9li est\u00e9t|Sz\u00f3rakoztat\u00f3 kar\u00e1csonyi aj\u00e1nd\u00e9k|2 db AA elemmel m\u0171k\u00f6dik (nem mell\u00e9kelt)|A d\u0151lt l\u00e9tra m\u00e9rete: 70 cm; Mikul\u00e1s: 20 cm|A szabadon \u00e1ll\u00f3 l\u00e9tra m\u00e9rete: 42 \u00d7 22 cm; Mikul\u00e1s: 24 cm|A k\u00f6t\u00e9len m\u00e1sz\u00f3 Mikul\u00e1s m\u00e9rete: 12,5 \u00d7 13 \u00d7 21 cm<\/p>\n","protected":false},"featured_media":27534,"template":"","meta":[],"product_cat":[23,2162,2623],"product_tag":[2112],"acf":[],"_links":{"self":[{"href":"https:\/\/shoppamo.com\/hu\/wp-json\/wp\/v2\/product\/27540"}],"collection":[{"href":"https:\/\/shoppamo.com\/hu\/wp-json\/wp\/v2\/product"}],"about":[{"href":"https:\/\/shoppamo.com\/hu\/wp-json\/wp\/v2\/types\/product"}],"wp:featuredmedia":[{"embeddable":true,"href":"https:\/\/shoppamo.com\/hu\/wp-json\/wp\/v2\/media\/27534"}],"wp:attachment":[{"href":"https:\/\/shoppamo.com\/hu\/wp-json\/wp\/v2\/media?parent=27540"}],"wp:term":[{"taxonomy":"product_cat","embeddable":true,"href":"https:\/\/shoppamo.com\/hu\/wp-json\/wp\/v2\/product_cat?post=27540"},{"taxonomy":"product_tag","embeddable":true,"href":"https:\/\/shoppamo.com\/hu\/wp-json\/wp\/v2\/product_tag?post=27540"}],"curies":[{"name":"wp","href":"https:\/\/api.w.org\/{rel}","templated":true}]}}