{"id":32334,"date":"2022-06-16T10:23:13","date_gmt":"2022-06-16T08:23:13","guid":{"rendered":"https:\/\/smania.store\/hu\/termek\/moonie-kerti-torpe\/"},"modified":"2025-12-03T20:15:37","modified_gmt":"2025-12-03T19:15:37","slug":"moonie-kerti-torpe","status":"publish","type":"product","link":"https:\/\/shoppamo.com\/hu\/termek\/moonie-kerti-torpe\/","title":{"rendered":"Moonie kerti t\u00f6rpe"},"content":{"rendered":"<div class=\"smania_landing_description_title\">Vicces! Moonie kerti t\u00f6rpe<\/div>\n<div class=\"smania_landing_description_txt\">Ismerje meg a kerti t\u00f6rpecsal\u00e1d \u00faj tagj\u00e1t!<\/div>\n<div class=\"smania_landing_description_subtitle\">A huncut kerti t\u00f6rpe, Moonie szeretettel v\u00e1rja vend\u00e9geit, akik nem fogj\u00e1k k\u00f6nnyed\u00e9n elfelejteni! Mutassa meg szomsz\u00e9daidnak, hogy kinek van a legjobb humor\u00e9rz\u00e9ke az utc\u00e1ban.<\/div>\n<div class=\"smania_landing_description_list\">\n<ul>\n<li>Sz\u00f3rakoztat\u00f3 dekor\u00e1ci\u00f3, amely meg fogja nevettetni a vend\u00e9geit<\/li>\n<li>Tart\u00f3s gyant\u00e1b\u00f3l k\u00e9sz\u00fclt<\/li>\n<li>K\u00e9zzel festett \u00e9s UV-\u00e1ll\u00f3 bevonattal k\u00e9sz\u00fclt<\/li>\n<li>Gy\u00f6ny\u00f6r\u0171 vonalak \u00e9s \u00e9l\u00e9nk sz\u00ednek<\/li>\n<li>Fantasztikus lak\u00e1s- \u00e9s h\u00e1zavat\u00f3 aj\u00e1nd\u00e9k<\/li>\n<\/ul><\/div>\n","protected":false},"excerpt":{"rendered":"<p>Belt\u00e9ri vagy k\u00fclt\u00e9ri dekor\u00e1ci\u00f3nak kiv\u00e1l\u00f3|Gy\u00f6ny\u00f6r\u0171 vonalak \u00e9s \u00e9l\u00e9nk sz\u00ednek|Kiv\u00e1l\u00f3 kieg\u00e9sz\u00edt\u0151je a t\u00f6rpekollekci\u00f3nak|Mindazoknak alkalmas, akiknek huncut humora van|K\u00e9zzel festett|Anyaga: gyanta|M\u00e9rete: 13,8 \u00d7 15 cm|S\u00falya: 196 g<\/p>\n","protected":false},"featured_media":32328,"template":"","meta":[],"product_cat":[16,2251],"product_tag":[1503,1555],"acf":[],"_links":{"self":[{"href":"https:\/\/shoppamo.com\/hu\/wp-json\/wp\/v2\/product\/32334"}],"collection":[{"href":"https:\/\/shoppamo.com\/hu\/wp-json\/wp\/v2\/product"}],"about":[{"href":"https:\/\/shoppamo.com\/hu\/wp-json\/wp\/v2\/types\/product"}],"wp:featuredmedia":[{"embeddable":true,"href":"https:\/\/shoppamo.com\/hu\/wp-json\/wp\/v2\/media\/32328"}],"wp:attachment":[{"href":"https:\/\/shoppamo.com\/hu\/wp-json\/wp\/v2\/media?parent=32334"}],"wp:term":[{"taxonomy":"product_cat","embeddable":true,"href":"https:\/\/shoppamo.com\/hu\/wp-json\/wp\/v2\/product_cat?post=32334"},{"taxonomy":"product_tag","embeddable":true,"href":"https:\/\/shoppamo.com\/hu\/wp-json\/wp\/v2\/product_tag?post=32334"}],"curies":[{"name":"wp","href":"https:\/\/api.w.org\/{rel}","templated":true}]}}