{"id":21903,"date":"2021-10-29T08:17:42","date_gmt":"2021-10-29T06:17:42","guid":{"rendered":"https:\/\/smania.store\/it\/articolo\/coperta-con-maniche-snughug\/"},"modified":"2024-10-02T01:50:26","modified_gmt":"2024-10-01T23:50:26","slug":"coperta-con-maniche-snughug","status":"publish","type":"product","link":"https:\/\/shoppamo.com\/it\/articolo\/coperta-con-maniche-snughug\/","title":{"rendered":"Coperta con maniche SnugHug"},"content":{"rendered":"<div class=\"smania_landing_description_title\">Il miglior acquisto! Coperta con maniche SnugHug<\/div>\n<div class=\"smania_landing_description_txt\">Godetevi il caldo abbraccio della coperta con le maniche SnugHug!<\/div>\n<div class=\"smania_landing_description_subtitle\">Indossate la calda coperta SnugHug e tenetevi al caldo anche nelle giornate pi\u00f9 fredde. Prodotto di alta qualit\u00e0 e dal design molto interessante, che si prender\u00e0 cura del vostro comfort. Ideale sia per essere portata a casa vostra o sia durante le notti fredde sotto le stelle.<\/div>\n<div class=\"smania_landing_description_list\">\n<ul>\n<li>Realizzata in caldo pile di alta qualit\u00e0<\/li>\n<li>Morbido e di una vestibilit\u00e0 confortevole<\/li>\n<li>Con il cappuccio e le maniche, per proteggere dal freddo<\/li>\n<li>Da scegliere tra diversi colori<\/li>\n<li>Si pu\u00f2 indossare sia all\u2019interno che all\u2019esterno<\/li>\n<\/ul><\/div>\n","protected":false},"excerpt":{"rendered":"<p>Dal design unico e innovativo|Incredibilmente calda|Produzione di qualit\u00e0|Certe variazioni si illuminano al buio|Materiale: 100% fibre di poliestere|Offre un comfort incredibile|Taglia unica, adatta a tutti|Idea regalo perfetta per l&#8217;inverno<\/p>\n","protected":false},"featured_media":39503,"template":"","meta":[],"product_cat":[1844,1547,1981,21],"product_tag":[823,1847,925,937],"acf":[],"_links":{"self":[{"href":"https:\/\/shoppamo.com\/it\/wp-json\/wp\/v2\/product\/21903"}],"collection":[{"href":"https:\/\/shoppamo.com\/it\/wp-json\/wp\/v2\/product"}],"about":[{"href":"https:\/\/shoppamo.com\/it\/wp-json\/wp\/v2\/types\/product"}],"wp:featuredmedia":[{"embeddable":true,"href":"https:\/\/shoppamo.com\/it\/wp-json\/wp\/v2\/media\/39503"}],"wp:attachment":[{"href":"https:\/\/shoppamo.com\/it\/wp-json\/wp\/v2\/media?parent=21903"}],"wp:term":[{"taxonomy":"product_cat","embeddable":true,"href":"https:\/\/shoppamo.com\/it\/wp-json\/wp\/v2\/product_cat?post=21903"},{"taxonomy":"product_tag","embeddable":true,"href":"https:\/\/shoppamo.com\/it\/wp-json\/wp\/v2\/product_tag?post=21903"}],"curies":[{"name":"wp","href":"https:\/\/api.w.org\/{rel}","templated":true}]}}