{"id":22837,"date":"2021-12-06T10:34:11","date_gmt":"2021-12-06T09:34:11","guid":{"rendered":"https:\/\/smania.store\/it\/articolo\/puntale-per-lalbero-di-natale-stella-3d\/"},"modified":"2024-07-15T09:19:59","modified_gmt":"2024-07-15T07:19:59","slug":"puntale-per-lalbero-di-natale-stella-3d","status":"publish","type":"product","link":"https:\/\/shoppamo.com\/it\/articolo\/puntale-per-lalbero-di-natale-stella-3d\/","title":{"rendered":"Puntale per l\u2019albero di natale stella 3D"},"content":{"rendered":"<div class=\"smania_landing_description_title\">Magico!\ud83c\udf84\ud83c\udf87 Puntale per l\u2019albero di natale stella 3D<\/div>\n<div class=\"smania_landing_description_txt\">Perch\u00e9 il tuo albero di natale merita la stella pi\u00f9 bella!<\/div>\n<div class=\"smania_landing_description_subtitle\">Trascorri le feste di Natale di quest&#8217;anno ammirando il pi\u00f9 bell&#8217;albero mai addobbato. La stella 3D dell&#8217;albero illuminer\u00e0 l&#8217;atmosfera della tua casa e sorprender\u00e0 piacevolmente i tuoi ospiti.<\/div>\n<div class=\"smania_landing_description_list\">\n<ul>\n<li>Bellissima stella tridimensionale che porter\u00e0 magia nella tua casa<\/li>\n<li>Realizzato con materiali di alta qualit\u00e0, ricoperto di brillantini scintillanti<\/li>\n<li>La regolabile lampadina a LED interna proietta fiocchi di neve sulle pareti e sul soffitto<\/li>\n<li>Questo stupendo ornamento sar\u00e0 il tocco finale perfetto per il tuo albero di Natale e scalder\u00e0 il cuore<\/li>\n<\/ul>\n<\/div>\n","protected":false},"excerpt":{"rendered":"<p>Ideale per l&#8217;uso all&#8217;interno|Raggio di proiezione: 2\u20135 m\u00b2|Pi\u00f9 sar\u00e0 lontano dal soffitto, maggiore \u00e8 il raggio di proiezione|Crea un&#8217;atmosfera romantica e accogliente |Disponibile in oro e argento|Materiali: ABS + plastica|Dimensioni: 27 \u00d7 28 \u00d7 12 cm|Lunghezza del filo: 2,4 metri<\/p>\n","protected":false},"featured_media":22831,"template":"","meta":[],"product_cat":[23,1507,1981],"product_tag":[857],"acf":[],"_links":{"self":[{"href":"https:\/\/shoppamo.com\/it\/wp-json\/wp\/v2\/product\/22837"}],"collection":[{"href":"https:\/\/shoppamo.com\/it\/wp-json\/wp\/v2\/product"}],"about":[{"href":"https:\/\/shoppamo.com\/it\/wp-json\/wp\/v2\/types\/product"}],"wp:featuredmedia":[{"embeddable":true,"href":"https:\/\/shoppamo.com\/it\/wp-json\/wp\/v2\/media\/22831"}],"wp:attachment":[{"href":"https:\/\/shoppamo.com\/it\/wp-json\/wp\/v2\/media?parent=22837"}],"wp:term":[{"taxonomy":"product_cat","embeddable":true,"href":"https:\/\/shoppamo.com\/it\/wp-json\/wp\/v2\/product_cat?post=22837"},{"taxonomy":"product_tag","embeddable":true,"href":"https:\/\/shoppamo.com\/it\/wp-json\/wp\/v2\/product_tag?post=22837"}],"curies":[{"name":"wp","href":"https:\/\/api.w.org\/{rel}","templated":true}]}}