{"id":28481,"date":"2022-11-25T13:47:50","date_gmt":"2022-11-25T12:47:50","guid":{"rendered":"https:\/\/smania.store\/it\/articolo\/albero-di-natale-ballerino-jollytree\/"},"modified":"2023-11-30T11:37:52","modified_gmt":"2023-11-30T10:37:52","slug":"albero-di-natale-ballerino-jollytree","status":"publish","type":"product","link":"https:\/\/shoppamo.com\/it\/articolo\/albero-di-natale-ballerino-jollytree\/","title":{"rendered":"Albero di Natale ballerino JollyTree"},"content":{"rendered":"<div class=\"smania_landing_description_title\">Festivo! Albero di Natale ballerino JollyTree<\/div>\n<div class=\"smania_landing_description_txt\">Porta lo spirito delle feste nella tua casa!<\/div>\n<div class=\"smania_landing_description_subtitle\">Decora la tua casa con l&#8217;incredibile albero di Natale ballerino JollyTree e invita lo spirito del Natale sotto il tuo tetto!<\/div>\n<div class=\"smania_landing_description_list\">\n<ul>\n<li>Balla su una popolare melodia natalizia<\/li>\n<li>Grandi mosse per un albero cos\u00ec piccolo<\/li>\n<li>L&#8217;elemento che rende le tue decorazioni natalizie perfette<\/li>\n<li>Faccia divertente e braccia che si muovono simpaticamente<\/li>\n<\/ul><\/div>\n","protected":false},"excerpt":{"rendered":"<p>Canta &#8220;Jingle Bells&#8221;|Stupende mosse di ballo |Grandioso regalo per bambini e famiglie|Alimentazione: 3 \u00d7 batteria AA (non inclusa)|Materiale: plastica, flanella|Dimensione S: 7 \u00d7 16 cm|Dimensione M: 8 \u00d7 20 cm|Dimensione L: 10 \u00d7 24 cm<\/p>\n","protected":false},"featured_media":28608,"template":"","meta":[],"product_cat":[23,1507,1981],"product_tag":[857],"acf":[],"_links":{"self":[{"href":"https:\/\/shoppamo.com\/it\/wp-json\/wp\/v2\/product\/28481"}],"collection":[{"href":"https:\/\/shoppamo.com\/it\/wp-json\/wp\/v2\/product"}],"about":[{"href":"https:\/\/shoppamo.com\/it\/wp-json\/wp\/v2\/types\/product"}],"wp:featuredmedia":[{"embeddable":true,"href":"https:\/\/shoppamo.com\/it\/wp-json\/wp\/v2\/media\/28608"}],"wp:attachment":[{"href":"https:\/\/shoppamo.com\/it\/wp-json\/wp\/v2\/media?parent=28481"}],"wp:term":[{"taxonomy":"product_cat","embeddable":true,"href":"https:\/\/shoppamo.com\/it\/wp-json\/wp\/v2\/product_cat?post=28481"},{"taxonomy":"product_tag","embeddable":true,"href":"https:\/\/shoppamo.com\/it\/wp-json\/wp\/v2\/product_tag?post=28481"}],"curies":[{"name":"wp","href":"https:\/\/api.w.org\/{rel}","templated":true}]}}