{"id":1725,"date":"2021-05-19T05:40:43","date_gmt":"2021-05-19T03:40:43","guid":{"rendered":"https:\/\/s-mania.si\/?page_id=1725"},"modified":"2024-07-05T09:28:53","modified_gmt":"2024-07-05T07:28:53","slug":"o-nas","status":"publish","type":"page","link":"https:\/\/shoppamo.com\/pl\/o-nas\/","title":{"rendered":"O nas"},"content":{"rendered":"\n<div class=\"smania_static_side\">\n\n    <div class=\"smania_static_side_left\">\n        <h4>Adresa<\/h4>\n        DFVU d.o.o.\n        <br>\n        Liparjeva cesta 6a\n        <br>\n        1234 Menge\u0161\n\t<br>\n\tS\u0142owenia\n        \n        <br><br>\n        <h4>E-mail<\/h4>\n        <a href=\"mailto:info@shoppamo.com\">info@shoppamo.com<\/a>\n         \n        <br><br>\n        <h4>Nr. telefonu<\/h4>\n        <a href=\"tel:02 5579 0520\">02 5579 0520<\/a>      \n        <br><br>\n\n        <h4>Godziny pracy<\/h4>\n        Od poniedzia\u0142ku do pi\u0105tku: 8:00\u201316:00\n        \n        <br><br>\n        <h4>Informacje o za\u0142o\u017ceniu firmy<\/h4>\n        Rejestrator: AJPES, oddzia\u0142 w Lublanie\n        <br>\n        Data rejestracji: 13.12.2016\n        \n        <br><br>\n        <h4>Dane identyfikacyjne<\/h4>\n        NIP (nr. identyfikacji podatkowej): SI35983175\n        <br>\n        Dzia\u0142alno\u015b\u0107 gospodarcza zarejestrowana jako podatnik VAT: TAK\n        <br>\n        Numer rejestracyjny: 7193548000\n        <br>\n        Numer konta bankowego: SI56 6100 0001 5525 391 (DELAVSKA HRANILNICA d.d)\n        <br>\n        BIC: HDELSI22\n    \n    <\/div>\n    \n    <div class=\"smania_static_side_right\">\n    \n        <h3>TABLICA OG\u0141OSZE\u0143<\/h3>\n        <span style=\"color: #808080;\">29.03.2021<\/span>\n        <br>\n        <strong>Komunikat w sprawie nieu\u017cywania piecz\u0119ci w celu weryfikacji dokument\u00f3w<\/strong>\n        <br>\n        <a target=\"_blank\" href=\"https:\/\/s-mania.si\/wp-content\/uploads\/doc\/Sklep-o-neuporabi-%C5%BEiga-2021.pdf\" rel=\"noopener\">Zobacz dokument<\/a>\n    \n    <\/div>\n    \n<\/div>\n    \n    <style>\n    \n    #main a {\n        color: #0087DE;\n        text-decoration: none!important;\n        }\n    \n    .smania_static_side {\n    \n        display: flex;\n        flex-direction: row;\n    \n    }\n    \n    .smania_static_side_left {\n    \n        padding-right: 40px;\n        margin-right: 40px;\n        border-right: 1px solid #dcdcdc;\n    \n    }\n    \n    @media only screen and (max-width: 800px) {\n    \n        .smania_static_side {\n    \n            flex-direction: column;\n    \n        }\n    \n        .smania_static_side > div {\n    \n            width: 100%;\n    \n        }\n    \n        .smania_static_side_left {\n    \n            padding-right: 0;\n            margin-right: 0;\n            border-right: none;\n    \n            padding-bottom: 40px;\n            margin-bottom: 40px;\n            border-bottom: 1px solid #dcdcdc;\n    \n        }\n    \n    }\n    \n    <\/style>\n\n\n\n<p><\/p>\n","protected":false},"excerpt":{"rendered":"<p>Adresa DFVU d.o.o. Liparjeva cesta 6a 1234 Menge\u0161 S\u0142owenia E-mail info@shoppamo.com Nr. telefonu 02 5579 0520 Godziny pracy Od poniedzia\u0142ku do pi\u0105tku: 8:00\u201316:00 Informacje o za\u0142o\u017ceniu firmy Rejestrator: AJPES, oddzia\u0142 w Lublanie Data rejestracji: 13.12.2016 Dane identyfikacyjne NIP (nr. identyfikacji podatkowej): SI35983175 Dzia\u0142alno\u015b\u0107 gospodarcza zarejestrowana jako podatnik VAT: TAK Numer rejestracyjny: 7193548000 Numer konta bankowego: [&hellip;]<\/p>\n","protected":false},"author":1,"featured_media":0,"parent":0,"menu_order":0,"comment_status":"closed","ping_status":"closed","template":"","meta":[],"acf":[],"_links":{"self":[{"href":"https:\/\/shoppamo.com\/pl\/wp-json\/wp\/v2\/pages\/1725"}],"collection":[{"href":"https:\/\/shoppamo.com\/pl\/wp-json\/wp\/v2\/pages"}],"about":[{"href":"https:\/\/shoppamo.com\/pl\/wp-json\/wp\/v2\/types\/page"}],"author":[{"embeddable":true,"href":"https:\/\/shoppamo.com\/pl\/wp-json\/wp\/v2\/users\/1"}],"replies":[{"embeddable":true,"href":"https:\/\/shoppamo.com\/pl\/wp-json\/wp\/v2\/comments?post=1725"}],"version-history":[{"count":37,"href":"https:\/\/shoppamo.com\/pl\/wp-json\/wp\/v2\/pages\/1725\/revisions"}],"predecessor-version":[{"id":53609,"href":"https:\/\/shoppamo.com\/pl\/wp-json\/wp\/v2\/pages\/1725\/revisions\/53609"}],"wp:attachment":[{"href":"https:\/\/shoppamo.com\/pl\/wp-json\/wp\/v2\/media?parent=1725"}],"curies":[{"name":"wp","href":"https:\/\/api.w.org\/{rel}","templated":true}]}}