{"id":21390,"date":"2021-10-05T12:21:13","date_gmt":"2021-10-05T10:21:13","guid":{"rendered":"https:\/\/smania.store\/pl\/?page_id=21390"},"modified":"2021-10-05T12:21:13","modified_gmt":"2021-10-05T10:21:13","slug":"polityka-plikow-cookie","status":"publish","type":"page","link":"https:\/\/shoppamo.com\/pl\/polityka-plikow-cookie\/","title":{"rendered":"Polityka plik\u00f3w cookie"},"content":{"rendered":"<div class=\"cli_pg_page_contaner\">\n<h3>O tej polityce plik\u00f3w cookie<\/h3>\n<div>Niniejsza polityka dotycz\u0105ca plik\u00f3w cookie wyja\u015bnia, czym s\u0105 pliki cookie i w jaki spos\u00f3b ich u\u017cywamy, rodzaje plik\u00f3w cookie, kt\u00f3rych u\u017cywamy, tj. informacje, kt\u00f3re zbieramy za pomoc\u0105 plik\u00f3w cookie i w jaki spos\u00f3b te informacje s\u0105 wykorzystywane oraz jak kontrolowa\u0107 preferencje dotycz\u0105ce plik\u00f3w cookie. Wi\u0119cej informacji o tym, jak wykorzystujemy, przechowujemy i zabezpieczamy Twoje dane osobowe, znajdziesz w naszej Polityce prywatno\u015bci.W ka\u017cdej chwili mo\u017cesz zmieni\u0107 lub wycofa\u0107 swoj\u0105 zgod\u0119 z Deklaracji dotycz\u0105cej plik\u00f3w cookie na naszej stronie internetowej.Dowiedz si\u0119 wi\u0119cej o tym, kim jeste\u015bmy, jak mo\u017cesz si\u0119 z nami skontaktowa\u0107 i jak przetwarzamy dane osobowe w naszej Polityce prywatno\u015bci.Twoja zgoda dotyczy nast\u0119puj\u0105cych domen:&nbsp;smania.store[user_consent_state]<\/div>\n<h3>Czym s\u0105 pliki cookie?<\/h3>\n<div>Pliki cookies to ma\u0142e pliki tekstowe, kt\u00f3re s\u0142u\u017c\u0105 do przechowywania niewielkich ilo\u015bci informacji. S\u0105 one przechowywane na Twoim urz\u0105dzeniu, gdy strona jest \u0142adowana w przegl\u0105darce. Pliki te pomagaj\u0105 nam w prawid\u0142owym funkcjonowaniu strony internetowej, zwi\u0119kszeniu jej bezpiecze\u0144stwa, zapewnieniu lepszych wra\u017ce\u0144 u\u017cytkownikom, zrozumieniu dzia\u0142ania strony internetowej oraz analizie tego, co dzia\u0142a, a co wymaga udoskonalenia.<\/div>\n<h3>Jak korzystamy z plik\u00f3w cookie?<\/h3>\n<div>Jak wi\u0119kszo\u015b\u0107 serwis\u00f3w internetowych, nasza strona u\u017cywa plik\u00f3w cookies (tzw. first-party cookies) oraz plik\u00f3w cookies stron trzecich (tzw. third-party cookies) do r\u00f3\u017cnych cel\u00f3w. Pliki cookie stron trzecich s\u0105 w wi\u0119kszo\u015bci przypadk\u00f3w niezb\u0119dne do prawid\u0142owego funkcjonowania strony internetowej i nie gromadz\u0105 \u017cadnych danych umo\u017cliwiaj\u0105cych identyfikacj\u0119 u\u017cytkownika.Pliki cookie stron trzecich u\u017cywane na naszej stronie internetowej s\u0142u\u017c\u0105 g\u0142\u00f3wnie do zrozumienia, jak dzia\u0142a strona internetowa, jak wchodzisz w interakcje z nasz\u0105 stron\u0105 internetow\u0105, utrzymywania bezpiecze\u0144stwa naszych us\u0142ug, dostarczania reklam, kt\u00f3re s\u0105 odpowiednie dla Ciebie, a w sumie zapewnienia Ci lepszego i ulepszonego do\u015bwiadczenia u\u017cytkownika i pomagaj\u0105 przyspieszy\u0107 Twoje przysz\u0142e interakcje z nasz\u0105 stron\u0105 internetow\u0105.<\/div>\n<h3>Jakich rodzaj\u00f3w plik\u00f3w cookie u\u017cywamy?<\/h3>\n<div>Niezb\u0119dne: niekt\u00f3re pliki cookie s\u0105 niezb\u0119dne, aby\u015b m\u00f3c korzysta\u0107 z pe\u0142nej funkcjonalno\u015bci naszej strony. Pozwalaj\u0105 nam utrzyma\u0107 sesje u\u017cytkownik\u00f3w i zapobiega\u0107 zagro\u017ceniom bezpiecze\u0144stwa. Nie zbieraj\u0105 ani nie przechowuj\u0105 \u017cadnych danych osobowych. Na przyk\u0142ad, te pliki cookies pozwalaj\u0105 na zalogowanie si\u0119 do konta, dodawanie produkt\u00f3w do koszyka i bezpieczne dokonywanie p\u0142atno\u015bci.Statystyka: te pliki cookie przechowuj\u0105 takie informacje, jak liczba odwiedzaj\u0105cych stron\u0119 internetow\u0105, liczba pojedynczych odwiedzaj\u0105cych, kt\u00f3re strony internetowej zosta\u0142y odwiedzone, \u017ar\u00f3d\u0142o wizyty itp. Dane te pomagaj\u0105 nam zrozumie\u0107 i przeanalizowa\u0107, jak dobrze funkcjonuje nasza strona internetowa i gdzie wymaga poprawek.Marketing: Na naszej stronie internetowej wy\u015bwietlane s\u0105 reklamy. Te pliki cookie s\u0105 u\u017cywane do personalizacji reklam, kt\u00f3re pokazujemy u\u017cytkownikowi, tak aby by\u0142y one dla niego znacz\u0105ce. Te pliki cookie pomagaj\u0105 nam r\u00f3wnie\u017c \u015bledzi\u0107 skuteczno\u015b\u0107 tych kampanii reklamowych.Informacje przechowywane w tych plikach cookie mog\u0105 by\u0107 r\u00f3wnie\u017c wykorzystywane przez zewn\u0119trznych dostawc\u00f3w us\u0142ug dodatkowych do wy\u015bwietlania reklam na innych stronach internetowych w przegl\u0105darce.Funkcjonalne: s\u0105 to pliki cookie, kt\u00f3re pomagaj\u0105 w niekt\u00f3rych innych funkcjach na naszej stronie internetowej. Funkcje te obejmuj\u0105 osadzanie tre\u015bci, takich jak filmy wideo lub udost\u0119pnianie tre\u015bci witryny na platformach medi\u00f3w spo\u0142eczno\u015bciowych.Preferencyjne: te pliki cookie pomagaj\u0105 nam przechowywa\u0107 ustawienia i preferencje przegl\u0105dania, takie jak preferencje j\u0119zykowe, aby zapewni\u0107 lepsze i wydajniejsze do\u015bwiadczenia podczas kolejnych wizyt na stronie internetowej.[cookie_audit columns=&#8221;cookie,description&#8221; heading=&#8221;The below list details the cookies used in our website.&#8221;]<\/div>\n<h3>Jak mog\u0119 regulowa\u0107 preferencje dotycz\u0105ce plik\u00f3w cookie?<\/h3>\n<div>Je\u015bli zdecydujesz si\u0119 zmieni\u0107 swoje preferencje w p\u00f3\u017aniejszym czasie podczas sesji przegl\u0105dania, mo\u017cesz klikn\u0105\u0107 zak\u0142adk\u0119 \u201ePolityka prywatno\u015bci i plik\u00f3w cookie\u201d na swoim ekranie. Spowoduje to ponowne wy\u015bwietlenie informacji o zgodzie, umo\u017cliwiaj\u0105c zmian\u0119 preferencji lub ca\u0142kowite wycofanie zgody.Ponadto r\u00f3\u017cne przegl\u0105darki oferuj\u0105 r\u00f3\u017cne metody blokowania i usuwania plik\u00f3w cookie u\u017cywanych przez strony internetowe. Mo\u017cesz zmieni\u0107 ustawienia swojej przegl\u0105darki, aby zablokowa\u0107\/usun\u0105\u0107 pliki cookie. Aby dowiedzie\u0107 si\u0119 wi\u0119cej o tym, jak zarz\u0105dza\u0107 i usuwa\u0107 pliki cookie, odwied\u017a stron\u0119 HTTP Cookie \u2013 Wikipedia.org lub www.allaboutcookies.org (w j\u0119zyku angielskim).<\/div>\n<\/div>\n","protected":false},"excerpt":{"rendered":"<p>O tej polityce plik\u00f3w cookie Niniejsza polityka dotycz\u0105ca plik\u00f3w cookie wyja\u015bnia, czym s\u0105 pliki cookie i w jaki spos\u00f3b ich u\u017cywamy, rodzaje plik\u00f3w cookie, kt\u00f3rych u\u017cywamy, tj. informacje, kt\u00f3re zbieramy za pomoc\u0105 plik\u00f3w cookie i w jaki spos\u00f3b te informacje s\u0105 wykorzystywane oraz jak kontrolowa\u0107 preferencje dotycz\u0105ce plik\u00f3w cookie. Wi\u0119cej informacji o tym, jak wykorzystujemy, [&hellip;]<\/p>\n","protected":false},"author":1,"featured_media":0,"parent":0,"menu_order":0,"comment_status":"closed","ping_status":"closed","template":"","meta":[],"acf":[],"_links":{"self":[{"href":"https:\/\/shoppamo.com\/pl\/wp-json\/wp\/v2\/pages\/21390"}],"collection":[{"href":"https:\/\/shoppamo.com\/pl\/wp-json\/wp\/v2\/pages"}],"about":[{"href":"https:\/\/shoppamo.com\/pl\/wp-json\/wp\/v2\/types\/page"}],"author":[{"embeddable":true,"href":"https:\/\/shoppamo.com\/pl\/wp-json\/wp\/v2\/users\/1"}],"replies":[{"embeddable":true,"href":"https:\/\/shoppamo.com\/pl\/wp-json\/wp\/v2\/comments?post=21390"}],"version-history":[{"count":1,"href":"https:\/\/shoppamo.com\/pl\/wp-json\/wp\/v2\/pages\/21390\/revisions"}],"predecessor-version":[{"id":21391,"href":"https:\/\/shoppamo.com\/pl\/wp-json\/wp\/v2\/pages\/21390\/revisions\/21391"}],"wp:attachment":[{"href":"https:\/\/shoppamo.com\/pl\/wp-json\/wp\/v2\/media?parent=21390"}],"curies":[{"name":"wp","href":"https:\/\/api.w.org\/{rel}","templated":true}]}}