{"id":33152,"date":"2022-11-02T08:30:47","date_gmt":"2022-11-02T07:30:47","guid":{"rendered":"https:\/\/smania.store\/pl\/?page_id=33152"},"modified":"2024-05-21T10:20:38","modified_gmt":"2024-05-21T08:20:38","slug":"outlet","status":"publish","type":"page","link":"https:\/\/shoppamo.com\/pl\/outlet\/","title":{"rendered":"Wyprzeda\u017c"},"content":{"rendered":"<p>[dfvu_outlet]Smania Outlet oferuje du\u017cy wyb\u00f3r ciekawych i praktycznych produkt\u00f3w do {outlet_discount} taniej! Skorzystaj z okazji zanim sko\u0144cz\u0105 si\u0119 zapasy! \u017byczymy mi\u0142ych zakup\u00f3w![\/dfvu_outlet]<\/p>\n\n\n<div class=\"wp-block-image smania_category_image_topper smania_category_image_topper-desktop\">\n<figure class=\"aligncenter size-large\" id=\"smania_category_page_img_main\"><img decoding=\"async\" src=\"https:\/\/s-mania.si\/wp-content\/uploads\/OUTLET-desktop-banner-1024x287.png\" alt=\"\" class=\"wp-image-35282\"\/><\/figure><\/div>\n\n<div class=\"wp-block-image smania_category_image_topper smania_category_image_topper-mobile\">\n<figure class=\"aligncenter size-full\" id=\"smania_category_page_img_main\"><img decoding=\"async\" src=\"https:\/\/s-mania.si\/wp-content\/uploads\/OUTLET-mobile-banner.png\" alt=\"\" class=\"wp-image-35291\"\/><\/figure><\/div>\n\n\n<br>\n<div class=\"smania_home_title\" style=\"text-align: left\">\n<span style=\"color:#C20114;font-weight:bold;font-size:42px\">Wszystkie produkty<\/span>\n<\/div>\n","protected":false},"excerpt":{"rendered":"","protected":false},"author":1,"featured_media":0,"parent":0,"menu_order":0,"comment_status":"closed","ping_status":"closed","template":"","meta":[],"acf":[],"_links":{"self":[{"href":"https:\/\/shoppamo.com\/pl\/wp-json\/wp\/v2\/pages\/33152"}],"collection":[{"href":"https:\/\/shoppamo.com\/pl\/wp-json\/wp\/v2\/pages"}],"about":[{"href":"https:\/\/shoppamo.com\/pl\/wp-json\/wp\/v2\/types\/page"}],"author":[{"embeddable":true,"href":"https:\/\/shoppamo.com\/pl\/wp-json\/wp\/v2\/users\/1"}],"replies":[{"embeddable":true,"href":"https:\/\/shoppamo.com\/pl\/wp-json\/wp\/v2\/comments?post=33152"}],"version-history":[{"count":2,"href":"https:\/\/shoppamo.com\/pl\/wp-json\/wp\/v2\/pages\/33152\/revisions"}],"predecessor-version":[{"id":53050,"href":"https:\/\/shoppamo.com\/pl\/wp-json\/wp\/v2\/pages\/33152\/revisions\/53050"}],"wp:attachment":[{"href":"https:\/\/shoppamo.com\/pl\/wp-json\/wp\/v2\/media?parent=33152"}],"curies":[{"name":"wp","href":"https:\/\/api.w.org\/{rel}","templated":true}]}}