{"id":21647,"date":"2021-10-05T14:04:28","date_gmt":"2021-10-05T12:04:28","guid":{"rendered":"https:\/\/smania.store\/pl\/produkt\/gra-planszowa-pinguice\/"},"modified":"2024-04-09T09:47:47","modified_gmt":"2024-04-09T07:47:47","slug":"gra-planszowa-pinguice","status":"publish","type":"product","link":"https:\/\/shoppamo.com\/pl\/produkt\/gra-planszowa-pinguice\/","title":{"rendered":"Gra planszowa PinguIce"},"content":{"rendered":"<div class=\"smania_landing_description_title\">Cool! Gra planszowa PinguIce<\/div>\n<div class=\"smania_landing_description_txt\">Najbardziej \u015bwie\u017ca gra planszowa dla ca\u0142ej rodziny!<\/div>\n<div class=\"smania_landing_description_subtitle\">Prze\u0142am ten l\u00f3d monotonii! Baw si\u0119 dobrze z rodzin\u0105, pr\u00f3buj\u0105c uratowa\u0107 uroczego pingwina. Ale uwa\u017caj, je\u015bli wpadnie do zimnej wody, podczas gdy Ty uderzasz w l\u00f3d, przegrywasz!<\/div>\n<div class=\"smania_landing_description_list\">\n<ul>\n<li>Przynosi nieko\u0144cz\u0105ce si\u0119 godziny zabawy zar\u00f3wno dla dzieci jak i doros\u0142ych<\/li>\n<li>Poprzez zabaw\u0119 wzmocnisz wi\u0119zi rodzinne<\/li>\n<li>Wspiera rozw\u00f3j strategicznego my\u015blenia dziecka<\/li>\n<li>Dotykanie kostek zwi\u0119ksza efektywno\u015b\u0107 manualn\u0105<\/li>\n<li>Gra ma wysok\u0105 wytrzyma\u0142o\u015b\u0107 i jest \u0142atwa do przenoszenia<\/li>\n<\/ul>\n<\/div>\n","protected":false},"excerpt":{"rendered":"<p>Na wiele godzin zabawy|Zwi\u0119ksza rozw\u00f3j my\u015blenia strategicznego|Zach\u0119ca do zwi\u0119kszania zr\u0119czno\u015bci manualnej|Wzmacnia wi\u0119zi mi\u0119dzy uczestnikami gry|\u0141atwa do czyszczenia i przechowywania|Lekka i przeno\u015bna|Wymiary: 22,5 \u00d7 19,5 \u00d7 7,5 cm|Materia\u0142: ABS<\/p>\n","protected":false},"featured_media":21640,"template":"","meta":[],"product_cat":[17,2166,2617],"product_tag":[1476,1478,1513],"acf":[],"_links":{"self":[{"href":"https:\/\/shoppamo.com\/pl\/wp-json\/wp\/v2\/product\/21647"}],"collection":[{"href":"https:\/\/shoppamo.com\/pl\/wp-json\/wp\/v2\/product"}],"about":[{"href":"https:\/\/shoppamo.com\/pl\/wp-json\/wp\/v2\/types\/product"}],"wp:featuredmedia":[{"embeddable":true,"href":"https:\/\/shoppamo.com\/pl\/wp-json\/wp\/v2\/media\/21640"}],"wp:attachment":[{"href":"https:\/\/shoppamo.com\/pl\/wp-json\/wp\/v2\/media?parent=21647"}],"wp:term":[{"taxonomy":"product_cat","embeddable":true,"href":"https:\/\/shoppamo.com\/pl\/wp-json\/wp\/v2\/product_cat?post=21647"},{"taxonomy":"product_tag","embeddable":true,"href":"https:\/\/shoppamo.com\/pl\/wp-json\/wp\/v2\/product_tag?post=21647"}],"curies":[{"name":"wp","href":"https:\/\/api.w.org\/{rel}","templated":true}]}}