{"id":21940,"date":"2021-10-06T06:53:39","date_gmt":"2021-10-06T04:53:39","guid":{"rendered":"https:\/\/smania.store\/pl\/produkt\/wieszak-na-klucze-marshall\/"},"modified":"2023-03-14T09:39:24","modified_gmt":"2023-03-14T08:39:24","slug":"wieszak-na-klucze-marshall","status":"publish","type":"product","link":"https:\/\/shoppamo.com\/pl\/produkt\/wieszak-na-klucze-marshall\/","title":{"rendered":"Wieszak na klucze Marshall"},"content":{"rendered":"<div class=\"smania_landing_description_title\">Stylowe! Wieszak na klucze Marshall<\/div>\n<div class=\"smania_landing_description_txt\">Zaimponuj kreatywnym wieszakiem na klucze!<\/div>\n<div class=\"smania_landing_description_subtitle\">B\u0105d\u017a wyj\u0105tkowy i zast\u0105p sw\u00f3j nudny wieszak na klucze nowym wzmacniaczem Marshalla i zaimponuj swoim go\u015bciom stylem. Niezb\u0119dny dodatek do ka\u017cdego domu, biura, studia nagra\u0144, sali pr\u00f3b czy pokoju rozrywkowego.<\/div>\n<div class=\"smania_landing_description_list\">\n<ul>\n<li>Wtyczki i gniazda wej\u015bciowe wykonane z oryginalnych materia\u0142\u00f3w dla prawdziwego uczucia<\/li>\n<li>Wyrafinowany, ponadczasowy wygl\u0105d wzmacniacza<\/li>\n<li>Klucze s\u0105 zawsze przechowywane w widocznym miejscu<\/li>\n<li>\u0141atwy do zainstalowania na wszystkich rodzajach \u015bcian<\/li>\n<li>Idealny prezent dla wszystkich mi\u0142o\u015bnik\u00f3w muzyki<\/li>\n<\/ul>\n<\/div>\n","protected":false},"excerpt":{"rendered":"<p>Atrakcyjny wygl\u0105d wieszaku na klucze|Idealny do dopracowania ka\u017cdego pomieszczenia|Wykonany z oryginalnych materia\u0142\u00f3w|Zestaw zawiera: uchwyt na klucze, 4 \u00d7 wtyczka, \u015bruby mocuj\u0105ce |\u0141atwy do zainstalowania|Dobra jako\u015b\u0107 i produkcja |Wymiary: 196 \u00d7 70 mm|Idealny prezent dla wszystkich mi\u0142o\u015bnik\u00f3w muzyki<\/p>\n","protected":false},"featured_media":21934,"template":"","meta":[],"product_cat":[16],"product_tag":[1528],"acf":[],"_links":{"self":[{"href":"https:\/\/shoppamo.com\/pl\/wp-json\/wp\/v2\/product\/21940"}],"collection":[{"href":"https:\/\/shoppamo.com\/pl\/wp-json\/wp\/v2\/product"}],"about":[{"href":"https:\/\/shoppamo.com\/pl\/wp-json\/wp\/v2\/types\/product"}],"wp:featuredmedia":[{"embeddable":true,"href":"https:\/\/shoppamo.com\/pl\/wp-json\/wp\/v2\/media\/21934"}],"wp:attachment":[{"href":"https:\/\/shoppamo.com\/pl\/wp-json\/wp\/v2\/media?parent=21940"}],"wp:term":[{"taxonomy":"product_cat","embeddable":true,"href":"https:\/\/shoppamo.com\/pl\/wp-json\/wp\/v2\/product_cat?post=21940"},{"taxonomy":"product_tag","embeddable":true,"href":"https:\/\/shoppamo.com\/pl\/wp-json\/wp\/v2\/product_tag?post=21940"}],"curies":[{"name":"wp","href":"https:\/\/api.w.org\/{rel}","templated":true}]}}