{"id":22848,"date":"2021-10-06T08:42:16","date_gmt":"2021-10-06T06:42:16","guid":{"rendered":"https:\/\/smania.store\/pl\/produkt\/interaktywny-robot-minibot\/"},"modified":"2023-08-21T13:53:06","modified_gmt":"2023-08-21T11:53:06","slug":"interaktywny-robot-minibot","status":"publish","type":"product","link":"https:\/\/shoppamo.com\/pl\/produkt\/interaktywny-robot-minibot\/","title":{"rendered":"Interaktywny robot MiniBot"},"content":{"rendered":"<div class=\"smania_landing_description_title\">WOOOW! Interaktywny robot MiniBot<\/div>\n<div class=\"smania_landing_description_txt\">Super sympatyczny interaktywny robot!<\/div>\n<div class=\"smania_landing_description_subtitle\">Ten inteligentny robot b\u0119dzie twoim ulubionym kompanem. Mo\u017ce \u015bpiewa\u0107 i ta\u0144czy\u0107 oraz dzia\u0142a\u0107 zgodnie z Twoimi komendami g\u0142osowymi. Dop\u00f3ki MiniBot jest w pobli\u017cu, nigdy nie b\u0119dziesz si\u0119 nudzi\u0107!<\/div>\n<div class=\"smania_landing_description_list\">\n<ul>\n<li>Przywitajcie si\u0119 lub wydaj mu rozkaz, a b\u0119dzie z Tob\u0105 wsp\u00f3\u0142pracowa\u0142<\/li>\n<li>Szcz\u0119\u015bliwie miga oczami, gdy wykonuje rozkazy<\/li>\n<li>Mo\u017ce nagrywa\u0107 g\u0142os i powtarza\u0107 go z efektem d\u017awi\u0119kowym robota<\/li>\n<li>\u015apiewa, ta\u0144czy, opowiada historie i rozmawia z Tob\u0105<\/li>\n<li>Niewielki rozmiar, kt\u00f3ry mie\u015bci si\u0119 w d\u0142oni lub kieszeni<\/li>\n<\/ul>\n<\/div>\n","protected":false},"excerpt":{"rendered":"<p>\u0141adnie prezentuj\u0105ce si\u0119 oczy LED|Rozpoznaje Tw\u00f3j g\u0142os i rozmawia z Tob\u0105|Idealny towarzysz, gdy jeste\u015b sam|Potrafi \u015blizga\u0107 si\u0119, \u015bpiewa\u0107, ta\u0144czy\u0107, opowiada\u0107 historie i wiele wi\u0119cej|R\u0119ce obrotowe|\u0141atwy do przenoszenia|Otw\u00f3r na tasiemk\u0119 na g\u0142owie|Zasilanie: 1 bateria AAA (nie wchodzi w sk\u0142ad zestawu)|Wykonany z wysokiej jako\u015bci tworzywa sztucznego|Rozmiar: 85 \u00d7 65 \u00d7 50 mm<\/p>\n","protected":false},"featured_media":22841,"template":"","meta":[],"product_cat":[17],"product_tag":[1513,1625],"acf":[],"_links":{"self":[{"href":"https:\/\/shoppamo.com\/pl\/wp-json\/wp\/v2\/product\/22848"}],"collection":[{"href":"https:\/\/shoppamo.com\/pl\/wp-json\/wp\/v2\/product"}],"about":[{"href":"https:\/\/shoppamo.com\/pl\/wp-json\/wp\/v2\/types\/product"}],"wp:featuredmedia":[{"embeddable":true,"href":"https:\/\/shoppamo.com\/pl\/wp-json\/wp\/v2\/media\/22841"}],"wp:attachment":[{"href":"https:\/\/shoppamo.com\/pl\/wp-json\/wp\/v2\/media?parent=22848"}],"wp:term":[{"taxonomy":"product_cat","embeddable":true,"href":"https:\/\/shoppamo.com\/pl\/wp-json\/wp\/v2\/product_cat?post=22848"},{"taxonomy":"product_tag","embeddable":true,"href":"https:\/\/shoppamo.com\/pl\/wp-json\/wp\/v2\/product_tag?post=22848"}],"curies":[{"name":"wp","href":"https:\/\/api.w.org\/{rel}","templated":true}]}}