{"id":25195,"date":"2021-10-06T13:28:24","date_gmt":"2021-10-06T11:28:24","guid":{"rendered":"https:\/\/smania.store\/pl\/produkt\/samonagrzewajace-turmalinowe-skarpetki\/"},"modified":"2025-02-19T18:11:21","modified_gmt":"2025-02-19T17:11:21","slug":"samonagrzewajace-turmalinowe-skarpetki","status":"publish","type":"product","link":"https:\/\/shoppamo.com\/pl\/produkt\/samonagrzewajace-turmalinowe-skarpetki\/","title":{"rendered":"Samonagrzewaj\u0105ce turmalinowe skarpetki"},"content":{"rendered":"<div class=\"smania_landing_description_title\">Wygodne i ciep\u0142e! Samonagrzewaj\u0105ce turmalinowe skarpetki<\/div>\n<div class=\"smania_landing_description_txt\">Ciep\u0142e stopy nawet w najzimniejsze dni!<\/div>\n<div class=\"smania_landing_description_subtitle\">Zapewnij swoim stopom ca\u0142odzienne ciep\u0142o i komfort! Te innowacyjne skarpetki zapewni\u0105 Ci ciep\u0142o i relaks w ch\u0142odne dni, z\u0142agodz\u0105 zm\u0119czenie n\u00f3g, a tak\u017ce zapobiegn\u0105 powstawaniu \u017cylak\u00f3w i opuchni\u0119cie n\u00f3g.<\/div>\n<div class=\"smania_landing_description_list\">\n<ul>\n<li>Niesamowicie ciep\u0142e skarpety ogrzej\u0105 Twoje stopy nawet przy bardzo niskich temperaturach<\/li>\n<li>Pomaga przy zm\u0119czonych, bol\u0105cych i spuchni\u0119tych nogach<\/li>\n<li>Stymuluje punkty akupresury<\/li>\n<li>Wykonane z wysokiej jako\u015bci bawe\u0142ny poliestrowej i turmalinu<\/li>\n<li>Nadaje si\u0119 do wszystkich rodzaj\u00f3w obuwia i aktywno\u015bci<\/li>\n<\/ul>\n<\/div>\n","protected":false},"excerpt":{"rendered":"<p>Spodnia cz\u0119\u015b\u0107 skarpet nagrzewa si\u0119 nawet przy bardzo niskich temperaturach|Zapobiega skurczom i obrz\u0119kom n\u00f3g|Niezwykle mi\u0119kkie i wygodne|Rozmiar uniwersalny|Zmniejszaj\u0105 zm\u0119czenie n\u00f3g i reguluj\u0105 przep\u0142yw krwi|Idealne do uprawiania sport\u00f3w zimowych|Materia\u0142: w\u0142\u00f3kno poliestrowo-bawe\u0142niane i turmalin|Piel\u0119gnacja: my\u0107 pod ciep\u0142\u0105 wod\u0105 bez u\u017cycia detergent\u00f3w<\/p>\n","protected":false},"featured_media":25189,"template":"","meta":[],"product_cat":[2207,2479,2165,2164,21],"product_tag":[1520,2480],"acf":[],"_links":{"self":[{"href":"https:\/\/shoppamo.com\/pl\/wp-json\/wp\/v2\/product\/25195"}],"collection":[{"href":"https:\/\/shoppamo.com\/pl\/wp-json\/wp\/v2\/product"}],"about":[{"href":"https:\/\/shoppamo.com\/pl\/wp-json\/wp\/v2\/types\/product"}],"wp:featuredmedia":[{"embeddable":true,"href":"https:\/\/shoppamo.com\/pl\/wp-json\/wp\/v2\/media\/25189"}],"wp:attachment":[{"href":"https:\/\/shoppamo.com\/pl\/wp-json\/wp\/v2\/media?parent=25195"}],"wp:term":[{"taxonomy":"product_cat","embeddable":true,"href":"https:\/\/shoppamo.com\/pl\/wp-json\/wp\/v2\/product_cat?post=25195"},{"taxonomy":"product_tag","embeddable":true,"href":"https:\/\/shoppamo.com\/pl\/wp-json\/wp\/v2\/product_tag?post=25195"}],"curies":[{"name":"wp","href":"https:\/\/api.w.org\/{rel}","templated":true}]}}