{"id":25234,"date":"2021-10-06T13:31:57","date_gmt":"2021-10-06T11:31:57","guid":{"rendered":"https:\/\/smania.store\/pl\/produkt\/pas-treningowy-sweatler\/"},"modified":"2024-07-05T09:32:29","modified_gmt":"2024-07-05T07:32:29","slug":"pas-treningowy-sweatler","status":"publish","type":"product","link":"https:\/\/shoppamo.com\/pl\/produkt\/pas-treningowy-sweatler\/","title":{"rendered":"Pas treningowy Sweatler"},"content":{"rendered":"<div class=\"smania_landing_description_title\">NOWO\u015a\u0106! Pas treningowy Sweatler<\/div>\n<div class=\"smania_landing_description_txt\">Wyci\u015bnij z siebie pot!<\/div>\n<div class=\"smania_landing_description_subtitle\">Osi\u0105gnij z \u0142atwo\u015bci\u0105 wszystkie swoje #fitnesgoals, stosuj\u0105c pas treningowy Sweatler w po\u0142\u0105czeniu z odpowiednimi \u0107wiczeniami i od\u017cywianiem! Pas zwi\u0119ksza pocenie si\u0119 w okolicy brzucha i mo\u017ce pom\u00f3c Ci w uzyskaniu lepszej sylwetki w kr\u00f3tszym czasie.<\/div>\n<div class=\"smania_landing_description_list\">\n<ul>\n<li>Mo\u017ce zwi\u0119kszy\u0107 Twoje tempo post\u0119p\u00f3w w osi\u0105ganiu cel\u00f3w <\/li>\n<li>Wygodny i rozci\u0105gliwy materia\u0142<\/li>\n<li>Unisex design, kt\u00f3ry pasuje do wszystkich rozmiar\u00f3w<\/li>\n<li>Dzia\u0142a najlepiej w po\u0142\u0105czeniu z \u0107wiczeniami i prawid\u0142owym od\u017cywianiem<\/li>\n<li>Niewidoczny pod ubraniami<\/li>\n<\/ul><\/div>\n","protected":false},"excerpt":{"rendered":"<p>Unisex design|Mo\u017ce pom\u00f3c Ci szybciej osi\u0105gn\u0105\u0107 Twoje cele|Oferuje wsparcie plec\u00f3w podczas \u0107wicze\u0144|Rozci\u0105gliwy i wygodny w noszeniu|Materia\u0142: nylon, poliester|Wymiary: 107,5 \u00d7 20,5 cm<\/p>\n","protected":false},"featured_media":31742,"template":"","meta":[],"product_cat":[2225,21],"product_tag":[1651],"acf":[],"_links":{"self":[{"href":"https:\/\/shoppamo.com\/pl\/wp-json\/wp\/v2\/product\/25234"}],"collection":[{"href":"https:\/\/shoppamo.com\/pl\/wp-json\/wp\/v2\/product"}],"about":[{"href":"https:\/\/shoppamo.com\/pl\/wp-json\/wp\/v2\/types\/product"}],"wp:featuredmedia":[{"embeddable":true,"href":"https:\/\/shoppamo.com\/pl\/wp-json\/wp\/v2\/media\/31742"}],"wp:attachment":[{"href":"https:\/\/shoppamo.com\/pl\/wp-json\/wp\/v2\/media?parent=25234"}],"wp:term":[{"taxonomy":"product_cat","embeddable":true,"href":"https:\/\/shoppamo.com\/pl\/wp-json\/wp\/v2\/product_cat?post=25234"},{"taxonomy":"product_tag","embeddable":true,"href":"https:\/\/shoppamo.com\/pl\/wp-json\/wp\/v2\/product_tag?post=25234"}],"curies":[{"name":"wp","href":"https:\/\/api.w.org\/{rel}","templated":true}]}}