{"id":25445,"date":"2021-10-06T13:49:41","date_gmt":"2021-10-06T11:49:41","guid":{"rendered":"https:\/\/smania.store\/pl\/produkt\/okragly-recznik-plazowy-mandala\/"},"modified":"2025-01-27T10:45:02","modified_gmt":"2025-01-27T09:45:02","slug":"okragly-recznik-plazowy-mandala","status":"publish","type":"product","link":"https:\/\/shoppamo.com\/pl\/produkt\/okragly-recznik-plazowy-mandala\/","title":{"rendered":"Okr\u0105g\u0142y r\u0119cznik pla\u017cowy Mandala"},"content":{"rendered":"<div class=\"smania_landing_description_title\">Nowo\u015b\u0107 w naszym sklepie! Okr\u0105g\u0142y r\u0119cznik pla\u017cowy Mandala<\/div>\n<div class=\"smania_landing_description_txt\">Dla przyjemnego sp\u0119dzenia czasu na pla\u017cy!<\/div>\n<div class=\"smania_landing_description_subtitle\">Wyj\u0105tkowo mi\u0119kki i wytrzyma\u0142y, mo\u017ce by\u0107 u\u017cywany jako r\u0119cznik lub kocyk. Zabierz go ze sob\u0105 na pla\u017c\u0119, piknik lub po prostu po\u0142\u00f3\u017c na tarasie i ciesz si\u0119 urokami lata.<\/div>\n<div class=\"smania_landing_description_list\">\n<ul>\n<li>Stylowy wygl\u0105d w stylu boho<\/li>\n<li>Niewiarygodnie delikatny i przyjemny w dotyku<\/li>\n<li>Wyj\u0105tkowo ch\u0142onny i szybkoschn\u0105cy materia\u0142<\/li>\n<li>Idealny rozmiar, aby si\u0119 nim otuli\u0107<\/li>\n<li>\u017bywe kolory, kt\u00f3re nie blakn\u0105<\/li>\n<\/ul><\/div>\n","protected":false},"excerpt":{"rendered":"<p>Odpowiedni jako r\u0119cznik, kocyk lub dekoracja|Niesamowite geometryczne wzory w stylu boho|Szybkoschn\u0105cy i \u0142atwy do czyszczenia materia\u0142|Pi\u0119kne, \u017cywe kolory|Bardzo mi\u0119kki i wygodny r\u0119cznik|Wyj\u0105tkowo ch\u0142onny|Wymiary: 150 \u00d7 150 cm|Materia\u0142: mikrofibra<\/p>\n","protected":false},"featured_media":25440,"template":"","meta":[],"product_cat":[2311,21],"product_tag":[1519],"acf":[],"_links":{"self":[{"href":"https:\/\/shoppamo.com\/pl\/wp-json\/wp\/v2\/product\/25445"}],"collection":[{"href":"https:\/\/shoppamo.com\/pl\/wp-json\/wp\/v2\/product"}],"about":[{"href":"https:\/\/shoppamo.com\/pl\/wp-json\/wp\/v2\/types\/product"}],"wp:featuredmedia":[{"embeddable":true,"href":"https:\/\/shoppamo.com\/pl\/wp-json\/wp\/v2\/media\/25440"}],"wp:attachment":[{"href":"https:\/\/shoppamo.com\/pl\/wp-json\/wp\/v2\/media?parent=25445"}],"wp:term":[{"taxonomy":"product_cat","embeddable":true,"href":"https:\/\/shoppamo.com\/pl\/wp-json\/wp\/v2\/product_cat?post=25445"},{"taxonomy":"product_tag","embeddable":true,"href":"https:\/\/shoppamo.com\/pl\/wp-json\/wp\/v2\/product_tag?post=25445"}],"curies":[{"name":"wp","href":"https:\/\/api.w.org\/{rel}","templated":true}]}}