{"id":26848,"date":"2021-10-29T08:15:24","date_gmt":"2021-10-29T06:15:24","guid":{"rendered":"https:\/\/smania.store\/pl\/produkt\/koc-z-rekawami-snughug\/"},"modified":"2024-07-05T09:32:31","modified_gmt":"2024-07-05T07:32:31","slug":"koc-z-rekawami-snughug","status":"publish","type":"product","link":"https:\/\/shoppamo.com\/pl\/produkt\/koc-z-rekawami-snughug\/","title":{"rendered":"Koc z r\u0119kawami SnugHug"},"content":{"rendered":"<div class=\"smania_landing_description_title\">Ciep\u0142a kreacja wypoczynkowa Koc z r\u0119kawami SnugHug<\/div>\n<div class=\"smania_landing_description_txt\">Ciesz si\u0119 ciep\u0142ym przytulaniem do kocyka z r\u0119kawami SnugHug!<\/div>\n<div class=\"smania_landing_description_subtitle\">Za\u0142\u00f3\u017c ciep\u0142y koc SnugHug i ciesz si\u0119 nim nawet w najzimniejsze dni. Wysokiej jako\u015bci wykonanie, w po\u0142\u0105czeniu z atrakcyjnym krojem, zadba o Tw\u00f3j komfort, zar\u00f3wno w domu, jak i podczas zimnych nocy pod gwiazdami.<\/div>\n<div class=\"smania_landing_description_list\">\n<ul>\n<li>Wykonany z ciep\u0142ego i wysokiej jako\u015bci polaru<\/li>\n<li>Mi\u0119kki i wygodny materia\u0142<\/li>\n<li>Posiada kaptur i r\u0119kawy do wi\u0119kszej wygody<\/li>\n<li>R\u00f3\u017cne opcje kolorystyczne<\/li>\n<li>Do u\u017cytku domowego i na \u015bwie\u017cym powietrzu<\/li>\n<\/ul><\/div>\n","protected":false},"excerpt":{"rendered":"<p>Wspania\u0142y design|Niewiarygodnie ciep\u0142y materia\u0142|Jako\u015bciowa produkcja|Niekt\u00f3re wariacje emituj\u0105 \u015bwiat\u0142o w ciemno\u015bci|Materia\u0142: 100% poliester|Niesamowity komfort|Jeden rozmiar dla wszystkich|Doskona\u0142y prezent na ka\u017cd\u0105 por\u0119 roku <\/p>\n","protected":false},"featured_media":50006,"template":"","meta":[],"product_cat":[2207,2479,21,2617],"product_tag":[1616,1521,1520,2482],"acf":[],"_links":{"self":[{"href":"https:\/\/shoppamo.com\/pl\/wp-json\/wp\/v2\/product\/26848"}],"collection":[{"href":"https:\/\/shoppamo.com\/pl\/wp-json\/wp\/v2\/product"}],"about":[{"href":"https:\/\/shoppamo.com\/pl\/wp-json\/wp\/v2\/types\/product"}],"wp:featuredmedia":[{"embeddable":true,"href":"https:\/\/shoppamo.com\/pl\/wp-json\/wp\/v2\/media\/50006"}],"wp:attachment":[{"href":"https:\/\/shoppamo.com\/pl\/wp-json\/wp\/v2\/media?parent=26848"}],"wp:term":[{"taxonomy":"product_cat","embeddable":true,"href":"https:\/\/shoppamo.com\/pl\/wp-json\/wp\/v2\/product_cat?post=26848"},{"taxonomy":"product_tag","embeddable":true,"href":"https:\/\/shoppamo.com\/pl\/wp-json\/wp\/v2\/product_tag?post=26848"}],"curies":[{"name":"wp","href":"https:\/\/api.w.org\/{rel}","templated":true}]}}