{"id":27378,"date":"2021-11-25T09:49:51","date_gmt":"2021-11-25T08:49:51","guid":{"rendered":"https:\/\/smania.store\/pl\/produkt\/wspinajacy-sie-mikolaj-pan-kringle\/"},"modified":"2024-11-11T11:27:20","modified_gmt":"2024-11-11T10:27:20","slug":"wspinajacy-sie-mikolaj-pan-kringle","status":"publish","type":"product","link":"https:\/\/shoppamo.com\/pl\/produkt\/wspinajacy-sie-mikolaj-pan-kringle\/","title":{"rendered":"Wspinaj\u0105cy si\u0119 Miko\u0142aj Pan Kringle"},"content":{"rendered":"<div class=\"smania_landing_description_title\">Nowo\u015b\u0107 w naszym sklepie! \ud83c\udf84 Wspinaj\u0105cy si\u0119 Miko\u0142aj Pan Kringle<\/div>\n<div class=\"smania_landing_description_txt\">Zabawny Pan Kringle tworzy idealn\u0105 \u015bwi\u0105teczn\u0105 atmosfer\u0119!<\/div>\n<div class=\"smania_landing_description_subtitle\">Nie martw si\u0119, je\u015bli Twoja choinka nie jest jeszcze udekorowana, a w domu nie pachnie \u015bwi\u0105tecznymi ciasteczkami. W tym roku o \u015bwi\u0105teczny nastr\u00f3j zadba wspinaj\u0105cy si\u0119 Pan Kringle! B\u0119dzie wspina\u0142 si\u0119 po swojej drabinie lub linie, \u015bpiewa\u0142 kol\u0119dy i og\u00f3lnie b\u0119dzie wspania\u0142\u0105 pami\u0105tk\u0105.<\/div>\n<div class=\"smania_landing_description_list\">\n<ul>\n<li>Mo\u017cesz wybra\u0107 spo\u015br\u00f3d trzech wspinaj\u0105cych si\u0119 Miko\u0142aj\u00f3w<\/li>\n<li>Dost\u0119pne dekoracje to Pan Kringle wspinaj\u0105cy si\u0119 po drabinie lub Miko\u0142aj wspinaj\u0105cy si\u0119 po linie<\/li>\n<li>Miko\u0142aj wykonuj\u0105cy salto na szczycie drabiny z pewno\u015bci\u0105 Ci\u0119 rozbawi<\/li>\n<li>Wszyscy Panowie Kringle graj\u0105 kol\u0119dy<\/li>\n<li>Wspania\u0142a dekoracja \u015bwi\u0105teczna dla ka\u017cdego domu<\/li>\n<\/ul><\/div>\n","protected":false},"excerpt":{"rendered":"<p>\u015awi\u0105teczna dekoracja, kt\u00f3r\u0105 mo\u017cna powiesi\u0107 w dowolnym miejscu|Miko\u0142aj robi\u0105cy salto zachwyci ka\u017cde dziecko|Rozja\u015bni\u0105 ka\u017cdy ponury zimowy wiecz\u00f3r|Zabawny prezent \u015bwi\u0105teczny|Zasilanie na 2 baterie AA (niedo\u0142\u0105czone)|Wielko\u015b\u0107 drabiny pochy\u0142ej: 70 cm; Miko\u0142aj: 20 cm|Wymiary drabiny wolnostoj\u0105cej: 42&nbsp;\u00d7&nbsp;22&nbsp;cm; Miko\u0142aj: 24 cm|Wymiary Miko\u0142aja wspinaj\u0105cego si\u0119 po linie: 12,5 \u00d7 13 \u00d7 21 cm<\/p>\n","protected":false},"featured_media":27372,"template":"","meta":[],"product_cat":[23,2167,2617],"product_tag":[1660],"acf":[],"_links":{"self":[{"href":"https:\/\/shoppamo.com\/pl\/wp-json\/wp\/v2\/product\/27378"}],"collection":[{"href":"https:\/\/shoppamo.com\/pl\/wp-json\/wp\/v2\/product"}],"about":[{"href":"https:\/\/shoppamo.com\/pl\/wp-json\/wp\/v2\/types\/product"}],"wp:featuredmedia":[{"embeddable":true,"href":"https:\/\/shoppamo.com\/pl\/wp-json\/wp\/v2\/media\/27372"}],"wp:attachment":[{"href":"https:\/\/shoppamo.com\/pl\/wp-json\/wp\/v2\/media?parent=27378"}],"wp:term":[{"taxonomy":"product_cat","embeddable":true,"href":"https:\/\/shoppamo.com\/pl\/wp-json\/wp\/v2\/product_cat?post=27378"},{"taxonomy":"product_tag","embeddable":true,"href":"https:\/\/shoppamo.com\/pl\/wp-json\/wp\/v2\/product_tag?post=27378"}],"curies":[{"name":"wp","href":"https:\/\/api.w.org\/{rel}","templated":true}]}}