{"id":27505,"date":"2021-12-06T11:35:30","date_gmt":"2021-12-06T10:35:30","guid":{"rendered":"https:\/\/smania.store\/pl\/produkt\/czubek-na-choinke-3d-star\/"},"modified":"2025-10-04T17:55:03","modified_gmt":"2025-10-04T15:55:03","slug":"czubek-na-choinke-3d-star","status":"publish","type":"product","link":"https:\/\/shoppamo.com\/pl\/produkt\/czubek-na-choinke-3d-star\/","title":{"rendered":"Czubek na choink\u0119 3D Star"},"content":{"rendered":"<div class=\"smania_landing_description_title\">Magiczne!\ud83c\udf84\ud83c\udf87 Czubek na choink\u0119 3D Star<\/div>\n<div class=\"smania_landing_description_txt\">Twoja choinka zas\u0142uguje na najlepsz\u0105 gwiazd\u0119!<\/div>\n<div class=\"smania_landing_description_subtitle\">Sp\u0119d\u017a tegoroczne \u015bwi\u0119ta Bo\u017cego Narodzenia podziwiaj\u0105c najpi\u0119kniejsz\u0105 choink\u0119, jak\u0105 kiedykolwiek udekorowa\u0142e\u015b. Czubek na choink\u0119 3D Star ociepli atmosfer\u0119 w Twoim domu i mi\u0142o zaskoczy Twoich go\u015bci.<\/div>\n<div class=\"smania_landing_description_list\">\n<ul>\n<li>Pi\u0119kna gwiazda tr\u00f3jwymiarowa, kt\u00f3ra wprowadzi magi\u0119 do Twojego domu<\/li>\n<li>Wykonana z wysokiej jako\u015bci materia\u0142\u00f3w, pokryta b\u0142yszcz\u0105cym proszkiem<\/li>\n<li>Regulowana wewn\u0119trzna \u017car\u00f3wka LED wy\u015bwietla p\u0142atki \u015bniegu na \u015bcianach i suficie<\/li>\n<li>Ta niesamowita ozdoba b\u0119dzie wisienk\u0105 na czubku Twojej choinki i roz\u015bwietli Twoje serce<\/li>\n<\/ul>\n<\/div>\n","protected":false},"excerpt":{"rendered":"<p>Nadaje si\u0119 do u\u017cytku wewn\u0119trznego|Zasi\u0119g projekcji: 2-5 m\u00b2|Im dalej od sufitu, tym wi\u0119kszy zasi\u0119g projekcji|Tworzy romantyczn\u0105 i przytuln\u0105 atmosfer\u0119|Dost\u0119pny w kolorze z\u0142otym i srebrnym|Materia\u0142y: ABS + plastik|Wymiary: 27 \u00d7 28 \u00d7 12 cm|D\u0142ugo\u015b\u0107 przewodu: 2,4 m<\/p>\n","protected":false},"featured_media":27499,"template":"","meta":[],"product_cat":[23,2167,2617],"product_tag":[1660],"acf":[],"_links":{"self":[{"href":"https:\/\/shoppamo.com\/pl\/wp-json\/wp\/v2\/product\/27505"}],"collection":[{"href":"https:\/\/shoppamo.com\/pl\/wp-json\/wp\/v2\/product"}],"about":[{"href":"https:\/\/shoppamo.com\/pl\/wp-json\/wp\/v2\/types\/product"}],"wp:featuredmedia":[{"embeddable":true,"href":"https:\/\/shoppamo.com\/pl\/wp-json\/wp\/v2\/media\/27499"}],"wp:attachment":[{"href":"https:\/\/shoppamo.com\/pl\/wp-json\/wp\/v2\/media?parent=27505"}],"wp:term":[{"taxonomy":"product_cat","embeddable":true,"href":"https:\/\/shoppamo.com\/pl\/wp-json\/wp\/v2\/product_cat?post=27505"},{"taxonomy":"product_tag","embeddable":true,"href":"https:\/\/shoppamo.com\/pl\/wp-json\/wp\/v2\/product_tag?post=27505"}],"curies":[{"name":"wp","href":"https:\/\/api.w.org\/{rel}","templated":true}]}}