{"id":28547,"date":"2022-01-07T07:05:25","date_gmt":"2022-01-07T06:05:25","guid":{"rendered":"https:\/\/smania.store\/pl\/produkt\/stojak-na-talerze-frooteck\/"},"modified":"2025-02-28T15:47:55","modified_gmt":"2025-02-28T14:47:55","slug":"stojak-na-talerze-frooteck","status":"publish","type":"product","link":"https:\/\/shoppamo.com\/pl\/produkt\/stojak-na-talerze-frooteck\/","title":{"rendered":"Stojak na owoce Frooteck"},"content":{"rendered":"<div class=\"smania_landing_description_title\">NOWO\u015a\u0106! Stojak na owoce Frooteck<\/div>\n<div class=\"smania_landing_description_txt\">Wielopoziomowe rozwi\u0105zanie do przechowywania ulubionych przek\u0105sek!<\/div>\n<div class=\"smania_landing_description_subtitle\">Zosta\u0144 najlepszym organizatorem zabaw w grupie przyjaci\u00f3\u0142 i zaprezentuj w efektowny spos\u00f3b wszystkie swoje kulinarne kreacje dzi\u0119ki stojakowi na owoce Frooteck. Ca\u0142y zestaw zawiera wielopoziomowy stojak i talerze.<\/div>\n<div class=\"smania_landing_description_list\">\n<ul>\n<li>Wysokiej jako\u015bci drewniany stojak<\/li>\n<li>Wyst\u0119puje w wariantach z 2 lub 3 poziomami<\/li>\n<li>Eleganckie talerze w zestawie<\/li>\n<li>Wspania\u0142y dodatek do Twojej kuchni lub jadalni<\/li>\n<li>Idealny do tworzenia wspania\u0142ych aran\u017cacji potraw dla go\u015bci<\/li>\n<\/ul><\/div>\n","protected":false},"excerpt":{"rendered":"<p>Niezb\u0119dny gad\u017cet dla os\u00f3b, kt\u00f3re uwielbiaj\u0105 organizowa\u0107 imprezy|Idealny dodatek do Twojej kuchni lub jadalni|Dost\u0119pny w dw\u00f3ch konfiguracjach|Wysokiej jako\u015bci drewniany stojak|Talerze posiadaj\u0105 naci\u0119cia dla dodatkowej stabilno\u015bci|Materia\u0142: drewno, tworzywo sztuczne|Rozmiar S: 2 poziomy \u2013 15 \u00d7 22 cm|Rozmiar L: 3 poziomy \u2013 15 \u00d7 35 cm<\/p>\n","protected":false},"featured_media":50854,"template":"","meta":[],"product_cat":[223,2260],"product_tag":[1496,1807],"acf":[],"_links":{"self":[{"href":"https:\/\/shoppamo.com\/pl\/wp-json\/wp\/v2\/product\/28547"}],"collection":[{"href":"https:\/\/shoppamo.com\/pl\/wp-json\/wp\/v2\/product"}],"about":[{"href":"https:\/\/shoppamo.com\/pl\/wp-json\/wp\/v2\/types\/product"}],"wp:featuredmedia":[{"embeddable":true,"href":"https:\/\/shoppamo.com\/pl\/wp-json\/wp\/v2\/media\/50854"}],"wp:attachment":[{"href":"https:\/\/shoppamo.com\/pl\/wp-json\/wp\/v2\/media?parent=28547"}],"wp:term":[{"taxonomy":"product_cat","embeddable":true,"href":"https:\/\/shoppamo.com\/pl\/wp-json\/wp\/v2\/product_cat?post=28547"},{"taxonomy":"product_tag","embeddable":true,"href":"https:\/\/shoppamo.com\/pl\/wp-json\/wp\/v2\/product_tag?post=28547"}],"curies":[{"name":"wp","href":"https:\/\/api.w.org\/{rel}","templated":true}]}}