{"id":30012,"date":"2022-05-12T06:54:19","date_gmt":"2022-05-12T04:54:19","guid":{"rendered":"https:\/\/smania.store\/pl\/produkt\/kulki-do-ukorzeniania-roslin-growball\/"},"modified":"2025-06-17T18:38:52","modified_gmt":"2025-06-17T16:38:52","slug":"kulki-do-ukorzeniania-roslin-growball","status":"publish","type":"product","link":"https:\/\/shoppamo.com\/pl\/produkt\/kulki-do-ukorzeniania-roslin-growball\/","title":{"rendered":"Kulki do ukorzeniania ro\u015blin GrowBall"},"content":{"rendered":"<div class=\"smania_landing_description_title\">Nowo\u015b\u0107! Klonuj ro\u015bliny \u0142atwo i bezpiecznie<\/div>\n<div class=\"smania_landing_description_txt\">Pomn\u00f3\u017c swoje cudowne ro\u015bliny w ci\u0105gu zaledwie kilku tygodni!<\/div>\n<div class=\"smania_landing_description_subtitle\">Przedstawiamy GrowBall, wysokoci\u015bnieniow\u0105 kul\u0119 do rozmna\u017cania, kt\u00f3ra rewolucjonizuje klonowanie ro\u015blin dla entuzjast\u00f3w ogrodnictwa. Sklonuj swoje ro\u015bliny bez zak\u0142\u00f3cania ich naturalnego wzrostu i stw\u00f3rz z \u0142atwo\u015bci\u0105 obfity ogr\u00f3d. Poznaj staro\u017cytn\u0105 metod\u0119 ukorzeniania powietrznego i o\u017cyw sw\u00f3j ogr\u00f3d dzi\u0119ki GrowBall!<\/div>\n<div class=\"smania_landing_description_list\">\n<ul>\n<li>Bezpieczne klonowanie \u2014 nie zak\u0142\u00f3ca naturalnego wzrostu ro\u015bliny matecznej<\/li>\n<li>Dzia\u0142a dla ro\u015blin w pomieszczeniach i na zewn\u0105trz<\/li>\n<li>Silniejsze korzenie i szybsze dojrzewanie<\/li>\n<li>Mo\u017cliwo\u015b\u0107 wielokrotnego u\u017cytku i trwa\u0142a konstrukcja z tworzywa PP<\/li>\n<li>Trzy dost\u0119pne rozmiary: 5, 8 i 12 cm<\/li>\n<\/ul><\/div>\n","protected":false},"excerpt":{"rendered":"<p>Doskona\u0142e dla r\u00f3\u017c, pn\u0105czy, drzew i innych ro\u015blin|Staro\u017cytna metoda ukorzeniania powietrznego dla efektywnego klonowania|Wyniki rozmna\u017cania widoczne w ci\u0105gu zaledwie 6\u20138 tygodni|Bezpieczne zamki zabezpieczaj\u0105ce dla stabilnego rozmna\u017cania|Przyjazne dla \u015brodowiska \u2014 nie wymaga stosowania \u015brodk\u00f3w chemicznych|Oszcz\u0119dno\u015b\u0107 pieni\u0119dzy dzi\u0119ki rozmna\u017caniu w\u0142asnych ro\u015blin|Idealny dla ogrodnik\u00f3w i entuzjast\u00f3w ro\u015blin|Uprawiaj trudne do ukorzenienia si\u0119 ro\u015bliny, takie jak magnolia i kamelia|Rozszerz sw\u00f3j ogr\u00f3d bez wysi\u0142ku|Zachwy\u0107 go\u015bci swoim bujnym, pe\u0142nym \u017cycia ogrodem|Ilo\u015b\u0107: 5 szt.|\u015arednica kuli: 5 cm (S), 8 cm (M), 12 cm (L)<\/p>\n","protected":false},"featured_media":41865,"template":"","meta":[],"product_cat":[16,2258],"product_tag":[1503],"acf":[],"_links":{"self":[{"href":"https:\/\/shoppamo.com\/pl\/wp-json\/wp\/v2\/product\/30012"}],"collection":[{"href":"https:\/\/shoppamo.com\/pl\/wp-json\/wp\/v2\/product"}],"about":[{"href":"https:\/\/shoppamo.com\/pl\/wp-json\/wp\/v2\/types\/product"}],"wp:featuredmedia":[{"embeddable":true,"href":"https:\/\/shoppamo.com\/pl\/wp-json\/wp\/v2\/media\/41865"}],"wp:attachment":[{"href":"https:\/\/shoppamo.com\/pl\/wp-json\/wp\/v2\/media?parent=30012"}],"wp:term":[{"taxonomy":"product_cat","embeddable":true,"href":"https:\/\/shoppamo.com\/pl\/wp-json\/wp\/v2\/product_cat?post=30012"},{"taxonomy":"product_tag","embeddable":true,"href":"https:\/\/shoppamo.com\/pl\/wp-json\/wp\/v2\/product_tag?post=30012"}],"curies":[{"name":"wp","href":"https:\/\/api.w.org\/{rel}","templated":true}]}}