{"id":30383,"date":"2022-06-08T06:32:43","date_gmt":"2022-06-08T04:32:43","guid":{"rendered":"https:\/\/smania.store\/pl\/produkt\/przenosna-mata-piknikowa-relaxnow\/"},"modified":"2024-07-05T09:32:33","modified_gmt":"2024-07-05T07:32:33","slug":"przenosna-mata-piknikowa-relaxnow","status":"publish","type":"product","link":"https:\/\/shoppamo.com\/pl\/produkt\/przenosna-mata-piknikowa-relaxnow\/","title":{"rendered":"Przeno\u015bna mata pla\u017cowa RelaxNow"},"content":{"rendered":"<div class=\"smania_landing_description_title\">NOWO\u015a\u0106! Przeno\u015bna mata pla\u017cowa RelaxNow<\/div>\n<div class=\"smania_landing_description_txt\">Zapewnij sobie komfort podczas le\u017cenia na piasku!<\/div>\n<div class=\"smania_landing_description_subtitle\">Ciesz si\u0119 wszystkimi przyjemno\u015bciami pla\u017cy, nie martwi\u0105c si\u0119 o uci\u0105\u017cliwy piasek czy wod\u0119. Wybierz pomi\u0119dzy naszymi modelami odpornymi na piasek i wod\u0119 i rozpocznij swoj\u0105 w\u0142asn\u0105, pe\u0142n\u0105 przyg\u00f3d letni\u0105 zabaw\u0119!<\/div>\n<div class=\"smania_landing_description_list\">\n<ul>\n<li>Przeno\u015bna i kompaktowa konstrukcja u\u0142atwiaj\u0105ca przechowywanie <\/li>\n<li>Wykonany z bardzo wytrzyma\u0142ego TPU i poliestru do codziennego u\u017cytku<\/li>\n<li>Zawiera 4 ko\u0142ki do zamocowania maty na miejscu <\/li>\n<li>Idealna na camping, pla\u017c\u0119 lub jako mata do zabawy<\/li>\n<li>Pozb\u0105d\u017a si\u0119 uci\u0105\u017cliwego piasku za jednym machni\u0119ciem<\/li>\n<\/ul><\/div>\n","protected":false},"excerpt":{"rendered":"<p>Wystarczaj\u0105co du\u017ca dla ca\u0142ej rodziny|B\u0142yskawicznie pozb\u0119dziesz si\u0119 resztek piasku|Wodoodporna pow\u0142oka|Lekki i wytrzyma\u0142y materia\u0142|Do u\u017cytku w pomieszczeniach i na zewn\u0105trz|Tkanina zapobiegaj\u0105ca zadrapaniom|Sk\u0142adana i \u0142atwa do przenoszenia|4 ko\u0142ki do mocowania w zestawie|\u0141atwa do czyszczenia|Materia\u0142: poliester i TPU<\/p>\n","protected":false},"featured_media":45802,"template":"","meta":[],"product_cat":[2311,21,2260],"product_tag":[1519],"acf":[],"_links":{"self":[{"href":"https:\/\/shoppamo.com\/pl\/wp-json\/wp\/v2\/product\/30383"}],"collection":[{"href":"https:\/\/shoppamo.com\/pl\/wp-json\/wp\/v2\/product"}],"about":[{"href":"https:\/\/shoppamo.com\/pl\/wp-json\/wp\/v2\/types\/product"}],"wp:featuredmedia":[{"embeddable":true,"href":"https:\/\/shoppamo.com\/pl\/wp-json\/wp\/v2\/media\/45802"}],"wp:attachment":[{"href":"https:\/\/shoppamo.com\/pl\/wp-json\/wp\/v2\/media?parent=30383"}],"wp:term":[{"taxonomy":"product_cat","embeddable":true,"href":"https:\/\/shoppamo.com\/pl\/wp-json\/wp\/v2\/product_cat?post=30383"},{"taxonomy":"product_tag","embeddable":true,"href":"https:\/\/shoppamo.com\/pl\/wp-json\/wp\/v2\/product_tag?post=30383"}],"curies":[{"name":"wp","href":"https:\/\/api.w.org\/{rel}","templated":true}]}}