{"id":30596,"date":"2022-06-16T07:07:14","date_gmt":"2022-06-16T05:07:14","guid":{"rendered":"https:\/\/smania.store\/pl\/produkt\/krasnal-ogrodowy-moonie\/"},"modified":"2025-07-17T14:32:48","modified_gmt":"2025-07-17T12:32:48","slug":"krasnal-ogrodowy-moonie","status":"publish","type":"product","link":"https:\/\/shoppamo.com\/pl\/produkt\/krasnal-ogrodowy-moonie\/","title":{"rendered":"Krasnal ogrodowy Moonie"},"content":{"rendered":"<div class=\"smania_landing_description_title\">\u015amieszne! Krasnal ogrodowy Moonie<\/div>\n<div class=\"smania_landing_description_txt\">Poznaj najnowszego cz\u0142onka swojej rodziny ogrodowej!<\/div>\n<div class=\"smania_landing_description_subtitle\">Niegrzeczny krasnal ogrodowy Moonie powita Twoich go\u015bci w spos\u00f3b, kt\u00f3rego nigdy nie zapomn\u0105! Poka\u017c swoim s\u0105siadom, kto ma najwi\u0119ksze poczucie humoru na waszej ulicy.<\/div>\n<div class=\"smania_landing_description_list\">\n<ul>\n<li>Nietypowa dekoracja, kt\u00f3ra roz\u015bmieszy Twoich go\u015bci<\/li>\n<li>Wykonany z trwa\u0142ej \u017cywicy<\/li>\n<li>R\u0119cznie malowane i wyko\u0144czone pow\u0142ok\u0105 odporn\u0105 na promieniowanie UV<\/li>\n<li>Pi\u0119kne linie i \u017cywe kolory<\/li>\n<li>Fantastyczny prezent z okazji nowego domu<\/li>\n<\/ul><\/div>\n","protected":false},"excerpt":{"rendered":"<p>Wspania\u0142a dekoracja wewn\u0119trzna lub zewn\u0119trzna|Pi\u0119kne linie i \u017cywe kolory|Wspania\u0142y dodatek do Twojej kolekcji krasnali|Dla os\u00f3b z najbardziej szalonym poczuciem humoru|R\u0119cznie malowany|R\u0119cznie malowany|Wymiary: 13,8 \u00d7 15 cm|Waga: 196 g<\/p>\n","protected":false},"featured_media":30590,"template":"","meta":[],"product_cat":[16,2258],"product_tag":[1503,1528],"acf":[],"_links":{"self":[{"href":"https:\/\/shoppamo.com\/pl\/wp-json\/wp\/v2\/product\/30596"}],"collection":[{"href":"https:\/\/shoppamo.com\/pl\/wp-json\/wp\/v2\/product"}],"about":[{"href":"https:\/\/shoppamo.com\/pl\/wp-json\/wp\/v2\/types\/product"}],"wp:featuredmedia":[{"embeddable":true,"href":"https:\/\/shoppamo.com\/pl\/wp-json\/wp\/v2\/media\/30590"}],"wp:attachment":[{"href":"https:\/\/shoppamo.com\/pl\/wp-json\/wp\/v2\/media?parent=30596"}],"wp:term":[{"taxonomy":"product_cat","embeddable":true,"href":"https:\/\/shoppamo.com\/pl\/wp-json\/wp\/v2\/product_cat?post=30596"},{"taxonomy":"product_tag","embeddable":true,"href":"https:\/\/shoppamo.com\/pl\/wp-json\/wp\/v2\/product_tag?post=30596"}],"curies":[{"name":"wp","href":"https:\/\/api.w.org\/{rel}","templated":true}]}}