{"id":32091,"date":"2022-09-23T14:04:35","date_gmt":"2022-09-23T12:04:35","guid":{"rendered":"https:\/\/smania.store\/pl\/produkt\/kulista-przystawka-do-szlifierki-katowej-concawood\/"},"modified":"2025-01-28T20:04:02","modified_gmt":"2025-01-28T19:04:02","slug":"kulista-przystawka-do-szlifierki-katowej-concawood","status":"publish","type":"product","link":"https:\/\/shoppamo.com\/pl\/produkt\/kulista-przystawka-do-szlifierki-katowej-concawood\/","title":{"rendered":"Kulista przystawka do szlifierki k\u0105towej ConcaWood"},"content":{"rendered":"<div class=\"smania_landing_description_title\">Nowo\u015b\u0107! Kulista przystawka do szlifierki k\u0105towej ConcaWood<\/div>\n<div class=\"smania_landing_description_txt\">Wyj\u0105tkowa przystawka do wykonywania unikalnych rze\u017ab z drewna!<\/div>\n<div class=\"smania_landing_description_subtitle\">ConcaWood jest przystawk\u0105 do szlifierki o kszta\u0142cie kulistym, kt\u00f3ra umo\u017cliwia szybkie wydr\u0105\u017canie wkl\u0119s\u0142ych powierzchni w projektach zwi\u0105zanych z obr\u00f3bk\u0105 drewna. Zosta\u0142a ona zaprojektowana tak, aby zapewni\u0107 wyj\u0105tkow\u0105 kontrol\u0119, r\u00f3wnowag\u0119 i wydajno\u015b\u0107 podczas swobodnego kszta\u0142towania i rze\u017abienia w drewnie.<\/div>\n<div class=\"smania_landing_description_list\">\n<ul>\n<li>Idealna do rze\u017abienia i wykonywania g\u0142adkich wg\u0142\u0119bie\u0144<\/li>\n<li>Tworzy pi\u0119kn\u0105, g\u0142adk\u0105 faktur\u0119 na powierzchniach drewnianych<\/li>\n<li>Wyj\u0105tkowo ostre z\u0119by zapewniaj\u0105 wydajne ci\u0119cie<\/li>\n<li>Zapewnia niesamowit\u0105 kontrol\u0119 i wydajno\u015b\u0107<\/li>\n<li>Nadaje si\u0119 do szlifierek k\u0105towych z gwintem 10 lub 14 mm<\/li>\n<\/ul><\/div>\n","protected":false},"excerpt":{"rendered":"<p>Idealne do rze\u017abienia dowolnych kszta\u0142t\u00f3w|Tworzy g\u0142adk\u0105 powierzchni\u0119|Wygodna i \u0142atwa obs\u0142uga|Szybkie, precyzyjne i \u0142atwe do kontrolowania ci\u0119cie drewna|Nadaje si\u0119 do szlifierek k\u0105towych z gwintem o \u015brednicy wrzeciona 10 lub 14 mm|\u015arednica g\u0142owicy: 40 mm|D\u0142ugo\u015b\u0107: 108 mm|Materia\u0142: stal w\u0119glowa<\/p>\n","protected":false},"featured_media":32084,"template":"","meta":[],"product_cat":[222,2258],"product_tag":[1791],"acf":[],"_links":{"self":[{"href":"https:\/\/shoppamo.com\/pl\/wp-json\/wp\/v2\/product\/32091"}],"collection":[{"href":"https:\/\/shoppamo.com\/pl\/wp-json\/wp\/v2\/product"}],"about":[{"href":"https:\/\/shoppamo.com\/pl\/wp-json\/wp\/v2\/types\/product"}],"wp:featuredmedia":[{"embeddable":true,"href":"https:\/\/shoppamo.com\/pl\/wp-json\/wp\/v2\/media\/32084"}],"wp:attachment":[{"href":"https:\/\/shoppamo.com\/pl\/wp-json\/wp\/v2\/media?parent=32091"}],"wp:term":[{"taxonomy":"product_cat","embeddable":true,"href":"https:\/\/shoppamo.com\/pl\/wp-json\/wp\/v2\/product_cat?post=32091"},{"taxonomy":"product_tag","embeddable":true,"href":"https:\/\/shoppamo.com\/pl\/wp-json\/wp\/v2\/product_tag?post=32091"}],"curies":[{"name":"wp","href":"https:\/\/api.w.org\/{rel}","templated":true}]}}