{"id":32496,"date":"2022-10-11T13:25:32","date_gmt":"2022-10-11T11:25:32","guid":{"rendered":"https:\/\/smania.store\/pl\/produkt\/torba-na-dokumenty-docsafe\/"},"modified":"2025-07-06T07:09:26","modified_gmt":"2025-07-06T05:09:26","slug":"torba-na-dokumenty-docsafe","status":"publish","type":"product","link":"https:\/\/shoppamo.com\/pl\/produkt\/torba-na-dokumenty-docsafe\/","title":{"rendered":"Torba na dokumenty DocSafe"},"content":{"rendered":"<div class=\"smania_landing_description_title\">NOWO\u015a\u0106! Torba na dokumenty DocSafe<\/div>\n<div class=\"smania_landing_description_txt\">Zabezpiecz swoje niezb\u0119dne dokumenty papierowe!<\/div>\n<div class=\"smania_landing_description_subtitle\">Niekt\u00f3re dokumenty papierowe nadal odgrywaj\u0105 du\u017c\u0105 rol\u0119 w Twoim biznesie i \u017cyciu prywatnym. Dzi\u0119ki torbie ochronnej i do przechowywania DocSafe Twoje dokumenty b\u0119d\u0105 uporz\u0105dkowane, a jednocze\u015bnie zapewni\u0105 ochron\u0119, kt\u00f3rej potrzebujesz.<\/div>\n<div class=\"smania_landing_description_list\">\n<ul>\n<li>Wiele, \u0142atwo odpinanych arkuszy<\/li>\n<li>R\u00f3\u017cne przegr\u00f3dki mog\u0105 przechowywa\u0107 wszystkie Twoje dokumenty<\/li>\n<li>Wysokiej jako\u015bci, trwa\u0142y i wodoodporny materia\u0142<\/li>\n<li>3-cyfrowy zamek zabezpieczaj\u0105cy dla dodatkowej ochrony<\/li>\n<li>Idealny do kart, paszport\u00f3w, arkuszy papieru A4, zdj\u0119\u0107 i innych dokument\u00f3w<\/li>\n<\/ul><\/div>\n","protected":false},"excerpt":{"rendered":"<p>3-cyfrowy zamek zabezpieczaj\u0105cy|Zabezpieczaj\u0105ca ta\u015bma elastyczna dla \u0142atwego transportu|Praktyczny uchwyt do przenoszenia|P\u0142ynnie przesuwaj\u0105cy si\u0119 zamek b\u0142yskawiczny|4 odpinanych arkuszy|Mo\u017cliwo\u015b\u0107 wyboru pomi\u0119dzy r\u00f3\u017cnymi kolorami|Wymiary: 37 \u00d7 27 \u00d7 20 cm|Materia\u0142: tkanina oxford<\/p>\n","protected":false},"featured_media":34874,"template":"","meta":[],"product_cat":[16],"product_tag":[1516],"acf":[],"_links":{"self":[{"href":"https:\/\/shoppamo.com\/pl\/wp-json\/wp\/v2\/product\/32496"}],"collection":[{"href":"https:\/\/shoppamo.com\/pl\/wp-json\/wp\/v2\/product"}],"about":[{"href":"https:\/\/shoppamo.com\/pl\/wp-json\/wp\/v2\/types\/product"}],"wp:featuredmedia":[{"embeddable":true,"href":"https:\/\/shoppamo.com\/pl\/wp-json\/wp\/v2\/media\/34874"}],"wp:attachment":[{"href":"https:\/\/shoppamo.com\/pl\/wp-json\/wp\/v2\/media?parent=32496"}],"wp:term":[{"taxonomy":"product_cat","embeddable":true,"href":"https:\/\/shoppamo.com\/pl\/wp-json\/wp\/v2\/product_cat?post=32496"},{"taxonomy":"product_tag","embeddable":true,"href":"https:\/\/shoppamo.com\/pl\/wp-json\/wp\/v2\/product_tag?post=32496"}],"curies":[{"name":"wp","href":"https:\/\/api.w.org\/{rel}","templated":true}]}}