{"id":33819,"date":"2022-11-18T09:28:01","date_gmt":"2022-11-18T08:28:01","guid":{"rendered":"https:\/\/smania.store\/pl\/produkt\/pokrowiec-na-fotel-fleecy\/"},"modified":"2023-05-01T17:19:54","modified_gmt":"2023-05-01T15:19:54","slug":"pokrowiec-na-fotel-fleecy","status":"publish","type":"product","link":"https:\/\/shoppamo.com\/pl\/produkt\/pokrowiec-na-fotel-fleecy\/","title":{"rendered":"Pokrowiec na fotel Fleecy"},"content":{"rendered":"<div class=\"smania_landing_description_title\">Nowo\u015b\u0107! Pokrowiec na fotel Fleecy<\/div>\n<div class=\"smania_landing_description_txt\">Ochronny pokrowiec na Tw\u00f3j ulubiony fotel!<\/div>\n<div class=\"smania_landing_description_subtitle\">Zabezpiecz swoje miejsce do siedzenia przed rozlaniem i plamami dzi\u0119ki pokrowcowi na fotel Fleecy, kt\u00f3ry mo\u017cna pra\u0107 w pralce. Wykonany jest z mi\u0119kkiego i przytulnego materia\u0142u, kt\u00f3ry zakrywa wszystkie wa\u017cne cz\u0119\u015bci fotela i ma wyj\u0105tkowy szczeg\u00f3\u0142 \u2013 dwie kieszenie boczne wystarczaj\u0105co du\u017ce na czasopisma, gazety lub inne niezb\u0119dniki relaksacyjne.<\/div>\n<div class=\"smania_landing_description_list\">\n<ul>\n<li>Nadaje si\u0119 do foteli i le\u017canek<\/li>\n<li>Pokrywa r\u00f3wnie\u017c podn\u00f3\u017cek i pod\u0142okietniki<\/li>\n<li>Antypo\u015blizgowy sp\u00f3d i elastyczne paski<\/li>\n<li>Dwie wygodne kieszenie boczne<\/li>\n<li>Zapewnia dodatkowe ciep\u0142o i komfort<\/li>\n<\/ul><\/div>\n","protected":false},"excerpt":{"rendered":"<p>Zabezpiecza powierzchni\u0119 fotelu|Praktyczne kieszenie boczne|Mi\u0119kki, wygodny i przytulny materia\u0142|Antypo\u015blizgowy sp\u00f3d|Neutralny be\u017cowy kolor|Rozmiar: 195 \u00d7 168 cm|Materia\u0142: polar poliestrowy|Maksymalna temperatura prania: 30 \u00b0C<\/p>\n","protected":false},"featured_media":33810,"template":"","meta":[],"product_cat":[16,2207],"product_tag":[1528],"acf":[],"_links":{"self":[{"href":"https:\/\/shoppamo.com\/pl\/wp-json\/wp\/v2\/product\/33819"}],"collection":[{"href":"https:\/\/shoppamo.com\/pl\/wp-json\/wp\/v2\/product"}],"about":[{"href":"https:\/\/shoppamo.com\/pl\/wp-json\/wp\/v2\/types\/product"}],"wp:featuredmedia":[{"embeddable":true,"href":"https:\/\/shoppamo.com\/pl\/wp-json\/wp\/v2\/media\/33810"}],"wp:attachment":[{"href":"https:\/\/shoppamo.com\/pl\/wp-json\/wp\/v2\/media?parent=33819"}],"wp:term":[{"taxonomy":"product_cat","embeddable":true,"href":"https:\/\/shoppamo.com\/pl\/wp-json\/wp\/v2\/product_cat?post=33819"},{"taxonomy":"product_tag","embeddable":true,"href":"https:\/\/shoppamo.com\/pl\/wp-json\/wp\/v2\/product_tag?post=33819"}],"curies":[{"name":"wp","href":"https:\/\/api.w.org\/{rel}","templated":true}]}}