{"id":34069,"date":"2022-11-25T13:49:04","date_gmt":"2022-11-25T12:49:04","guid":{"rendered":"https:\/\/smania.store\/pl\/produkt\/tanczaca-choinka-jollytree\/"},"modified":"2023-12-12T19:05:00","modified_gmt":"2023-12-12T18:05:00","slug":"tanczaca-choinka-jollytree","status":"publish","type":"product","link":"https:\/\/shoppamo.com\/pl\/produkt\/tanczaca-choinka-jollytree\/","title":{"rendered":"Ta\u0144cz\u0105ca choinka JollyTree"},"content":{"rendered":"<div class=\"smania_landing_description_title\">\u015awi\u0105tecznie! Ta\u0144cz\u0105ca choinka JollyTree<\/div>\n<div class=\"smania_landing_description_txt\">Zabierz \u015bwi\u0119ta do swojego domu!<\/div>\n<div class=\"smania_landing_description_subtitle\">Udekoruj sw\u00f3j dom niesamowit\u0105 ta\u0144cz\u0105c\u0105 choink\u0105 JollyTree i zapro\u015b ducha \u015bwi\u0105t pod sw\u00f3j dach!<\/div>\n<div class=\"smania_landing_description_list\">\n<ul>\n<li>Ta\u0144czy do popularnej melodii \u015bwi\u0105tecznej<\/li>\n<li>\u015awietne ruchy taneczne jak na tak ma\u0142\u0105 choink\u0119<\/li>\n<li>Wisienka na szczycie Twojej \u015bwi\u0105tecznej dekoracji<\/li>\n<li>Zabawna twarz i urocze ruchome ramiona<\/li>\n<\/ul><\/div>\n","protected":false},"excerpt":{"rendered":"<p>\u015apiewa kol\u0119d\u0119 \u201eJingle Bells\u201d|Niesamowite ruchy taneczne|Wspania\u0142y prezent dla dzieci i rodzin|Zasilanie: 3 \u00d7 bateria AA (niedo\u0142\u0105czone)|Materia\u0142: plastik, flanela|Rozmiar S: 7 \u00d7 16 cm|Rozmiar M: 8 \u00d7 20 cm|Rozmiar L: 10 \u00d7 24 cm<\/p>\n","protected":false},"featured_media":34243,"template":"","meta":[],"product_cat":[23,2167,2617],"product_tag":[1660],"acf":[],"_links":{"self":[{"href":"https:\/\/shoppamo.com\/pl\/wp-json\/wp\/v2\/product\/34069"}],"collection":[{"href":"https:\/\/shoppamo.com\/pl\/wp-json\/wp\/v2\/product"}],"about":[{"href":"https:\/\/shoppamo.com\/pl\/wp-json\/wp\/v2\/types\/product"}],"wp:featuredmedia":[{"embeddable":true,"href":"https:\/\/shoppamo.com\/pl\/wp-json\/wp\/v2\/media\/34243"}],"wp:attachment":[{"href":"https:\/\/shoppamo.com\/pl\/wp-json\/wp\/v2\/media?parent=34069"}],"wp:term":[{"taxonomy":"product_cat","embeddable":true,"href":"https:\/\/shoppamo.com\/pl\/wp-json\/wp\/v2\/product_cat?post=34069"},{"taxonomy":"product_tag","embeddable":true,"href":"https:\/\/shoppamo.com\/pl\/wp-json\/wp\/v2\/product_tag?post=34069"}],"curies":[{"name":"wp","href":"https:\/\/api.w.org\/{rel}","templated":true}]}}