{"id":42408,"date":"2023-05-10T10:04:24","date_gmt":"2023-05-10T08:04:24","guid":{"rendered":"https:\/\/smania.store\/pl\/produkt\/bbq-stempel-sizzler\/"},"modified":"2024-07-05T09:32:34","modified_gmt":"2024-07-05T07:32:34","slug":"bbq-stempel-sizzler","status":"publish","type":"product","link":"https:\/\/shoppamo.com\/pl\/produkt\/bbq-stempel-sizzler\/","title":{"rendered":"BBQ stempel Sizzler"},"content":{"rendered":"<div class=\"smania_landing_description_title\">Nowo\u015b\u0107! BBQ stempel Sizzler<\/div>\n<div class=\"smania_landing_description_txt\">ZASKOCZ SWOICH GO\u015aCI SPERSONALIZOWANYMI STEKAMI!<\/div>\n<div class=\"smania_landing_description_subtitle\">Dodaj uroku kolejnej imprezie BBQ z naszym wysokiej jako\u015bci branderem Sizzler. Dzi\u0119ki 55 literom i 8 spacjom \u0142atwo dodasz unikalne wiadomo\u015bci, imiona lub \u017carty do swoich stek\u00f3w, burger\u00f3w, kurczak\u00f3w, a nawet warzyw. Kup branding iron Sizzler ju\u017c teraz i zosta\u0144 prawdziwym mistrzem grilla!<\/div>\n<div class=\"smania_landing_description_list\">\n<ul>\n<li>Unikalne wiadomo\u015bci, nazwy i \u017carty<\/li>\n<li>\u0141atwa zmiana napisu<\/li>\n<li>Dodaje rado\u015bci Twojej imprezie BBQ<\/li>\n<li>Nadaje si\u0119 idealnie do stek\u00f3w, burger\u00f3w, kurczaka, a nawet warzyw<\/li>\n<li>Wykonany z wysokiej jako\u015bci, trwa\u0142ych materia\u0142\u00f3w<\/li>\n<\/ul><\/div>\n","protected":false},"excerpt":{"rendered":"<p>\u017baroodporna drewniana r\u0105czka|Lekki i przeno\u015bny|\u015awietny prezent dla mi\u0142o\u015bnik\u00f3w grillowania|Zawiera 55 liter i 8 spacji|\u0141atwy w u\u017cyciu i czyszczeniu|Trwa\u0142y i zr\u00f3wnowa\u017cony|Materia\u0142: stop aluminium, drewno|Wymiary: 43,5 \u00d7 8,7 cm<\/p>\n","protected":false},"featured_media":42398,"template":"","meta":[],"product_cat":[223],"product_tag":[1496],"acf":[],"_links":{"self":[{"href":"https:\/\/shoppamo.com\/pl\/wp-json\/wp\/v2\/product\/42408"}],"collection":[{"href":"https:\/\/shoppamo.com\/pl\/wp-json\/wp\/v2\/product"}],"about":[{"href":"https:\/\/shoppamo.com\/pl\/wp-json\/wp\/v2\/types\/product"}],"wp:featuredmedia":[{"embeddable":true,"href":"https:\/\/shoppamo.com\/pl\/wp-json\/wp\/v2\/media\/42398"}],"wp:attachment":[{"href":"https:\/\/shoppamo.com\/pl\/wp-json\/wp\/v2\/media?parent=42408"}],"wp:term":[{"taxonomy":"product_cat","embeddable":true,"href":"https:\/\/shoppamo.com\/pl\/wp-json\/wp\/v2\/product_cat?post=42408"},{"taxonomy":"product_tag","embeddable":true,"href":"https:\/\/shoppamo.com\/pl\/wp-json\/wp\/v2\/product_tag?post=42408"}],"curies":[{"name":"wp","href":"https:\/\/api.w.org\/{rel}","templated":true}]}}