{"id":43124,"date":"2023-06-02T09:51:16","date_gmt":"2023-06-02T07:51:16","guid":{"rendered":"https:\/\/smania.store\/pl\/produkt\/przenosny-organizer-na-okulary-eyego\/"},"modified":"2024-02-21T21:29:16","modified_gmt":"2024-02-21T20:29:16","slug":"przenosny-organizer-na-okulary-eyego","status":"publish","type":"product","link":"https:\/\/shoppamo.com\/pl\/produkt\/przenosny-organizer-na-okulary-eyego\/","title":{"rendered":"Przeno\u015bny organizer na okulary EyeGo"},"content":{"rendered":"<div class=\"smania_landing_description_title\">Nowo\u015b\u0107! Przeno\u015bny organizer do okular\u00f3w EyeGo<\/div>\n<div class=\"smania_landing_description_txt\">W\u0142\u00f3\u017c okulary, zwi\u0144, w\u0142\u00f3\u017c do torby i ruszaj w drog\u0119!<\/div>\n<div class=\"smania_landing_description_subtitle\">EyeGo charakteryzuje si\u0119 praktycznym i stylowym wzorem, kt\u00f3ry idealnie pasuje do ka\u017cdej walizki i plecaka, dzi\u0119ki czemu idealnie sprawdza si\u0119 w podr\u00f3\u017cy. Posiada 6 oddzielnych miejsc na okulary, wi\u0119c nie musisz si\u0119 martwi\u0107 o ich uszkodzenie.<\/div>\n<div class=\"smania_landing_description_list\">\n<ul>\n<li>Odpowiedni dla wszystkich rozmiar\u00f3w okular\u00f3w<\/li>\n<li>Podszewka z zamszu dla ochrony<\/li>\n<li>Unikalna sk\u0142adana konstrukcja<\/li>\n<li>6 oddzielnych miejsc do przechowywania<\/li>\n<li>Idealny w podr\u00f3\u017cy<\/li>\n<\/ul><\/div>\n","protected":false},"excerpt":{"rendered":"<p>Mo\u017cliwo\u015b\u0107 przechowywania do 6 par okular\u00f3w|Unikalna sk\u0142adana konstrukcja, kt\u00f3ra pozwala zaoszcz\u0119dzi\u0107 miejsce|Praktyczny uchwyt pozwala na przenoszenie go lub powieszenie na \u015bcianie|Bezpieczne zamkni\u0119cie na potr\u00f3jny przycisk|Mo\u017cesz go r\u00f3wnie\u017c u\u017cy\u0107 do przechowywania zegark\u00f3w, bi\u017cuterii, kosmetyk\u00f3w i innych ma\u0142ych rzeczy|Chroni Twoje okulary przed kurzem i uszkodzeniami|Dost\u0119pny w 2 stylowych kolorach|Wymiary: 16,5 \u00d7 16,2 \u00d7 14,5 cm<\/p>\n","protected":false},"featured_media":43116,"template":"","meta":[],"product_cat":[22],"product_tag":[1615],"acf":[],"_links":{"self":[{"href":"https:\/\/shoppamo.com\/pl\/wp-json\/wp\/v2\/product\/43124"}],"collection":[{"href":"https:\/\/shoppamo.com\/pl\/wp-json\/wp\/v2\/product"}],"about":[{"href":"https:\/\/shoppamo.com\/pl\/wp-json\/wp\/v2\/types\/product"}],"wp:featuredmedia":[{"embeddable":true,"href":"https:\/\/shoppamo.com\/pl\/wp-json\/wp\/v2\/media\/43116"}],"wp:attachment":[{"href":"https:\/\/shoppamo.com\/pl\/wp-json\/wp\/v2\/media?parent=43124"}],"wp:term":[{"taxonomy":"product_cat","embeddable":true,"href":"https:\/\/shoppamo.com\/pl\/wp-json\/wp\/v2\/product_cat?post=43124"},{"taxonomy":"product_tag","embeddable":true,"href":"https:\/\/shoppamo.com\/pl\/wp-json\/wp\/v2\/product_tag?post=43124"}],"curies":[{"name":"wp","href":"https:\/\/api.w.org\/{rel}","templated":true}]}}