{"id":44515,"date":"2023-07-19T11:20:36","date_gmt":"2023-07-19T09:20:36","guid":{"rendered":"https:\/\/smania.store\/pl\/produkt\/zestaw-organizerow-do-szafy-tidix\/"},"modified":"2024-06-18T02:58:37","modified_gmt":"2024-06-18T00:58:37","slug":"zestaw-organizerow-do-szafy-tidix","status":"publish","type":"product","link":"https:\/\/shoppamo.com\/pl\/produkt\/zestaw-organizerow-do-szafy-tidix\/","title":{"rendered":"Zestaw organizer\u00f3w do szafy TidiX"},"content":{"rendered":"<div class=\"smania_landing_description_title\">Nowo\u015b\u0107! Organizer do szafy TidiX<\/div>\n<div class=\"smania_landing_description_txt\">Wykorzystaj w pe\u0142ni swoj\u0105 przestrze\u0144 w szafie!<\/div>\n<div class=\"smania_landing_description_subtitle\">Uporz\u0105dkuj swoje ulubione majtki, skarpetki, biustonosze lub akcesoria dzi\u0119ki wszechstronnemu organizerowi do szafy TidiX. Dzi\u0119ki regulowanym przegr\u00f3dkom, kompaktowym rozmiarom i instalacji bez wiercenia otwor\u00f3w, te eleganckie i solidne pude\u0142ka do przechowywania s\u0105 idealne do maksymalizacji pionowej przestrzeni w szafie, komodzie lub na \u015bcianie.<\/div>\n<div class=\"smania_landing_description_list\">\n<ul>\n<li>Elegancki, przejrzysty projekt<\/li>\n<li>6 regulowanych schowk\u00f3w<\/li>\n<li>Mo\u017cliwo\u015b\u0107 przechowywania wielu majtek, skarpetek lub biustonoszy<\/li>\n<li>Instalacja bez u\u017cycia narz\u0119dzi dla wszechstronnego zastosowania<\/li>\n<li>Dost\u0119pne w 3 kolorach jako zestaw 4 sztuk<\/li>\n<\/ul><\/div>\n","protected":false},"excerpt":{"rendered":"<p>6 kom\u00f3r|Wyjmowane przegrody|P\u0142ynnie wysuwana konstrukcja|Oszcz\u0119dno\u015b\u0107 miejsca|Odpowiednie na kable, bi\u017cuteri\u0119, przyprawy i inne drobne przedmioty|Instalacja bez wiercenia|Odporne na kurz i wod\u0119|Materia\u0142: HIPS, PET|Wymiary: 36 \u00d7 8,3 \u00d7 10,7 cm|Waga: 400 g\/szt.<\/p>\n","protected":false},"featured_media":44506,"template":"","meta":[],"product_cat":[16,2419,2462],"product_tag":[2484],"acf":[],"_links":{"self":[{"href":"https:\/\/shoppamo.com\/pl\/wp-json\/wp\/v2\/product\/44515"}],"collection":[{"href":"https:\/\/shoppamo.com\/pl\/wp-json\/wp\/v2\/product"}],"about":[{"href":"https:\/\/shoppamo.com\/pl\/wp-json\/wp\/v2\/types\/product"}],"wp:featuredmedia":[{"embeddable":true,"href":"https:\/\/shoppamo.com\/pl\/wp-json\/wp\/v2\/media\/44506"}],"wp:attachment":[{"href":"https:\/\/shoppamo.com\/pl\/wp-json\/wp\/v2\/media?parent=44515"}],"wp:term":[{"taxonomy":"product_cat","embeddable":true,"href":"https:\/\/shoppamo.com\/pl\/wp-json\/wp\/v2\/product_cat?post=44515"},{"taxonomy":"product_tag","embeddable":true,"href":"https:\/\/shoppamo.com\/pl\/wp-json\/wp\/v2\/product_tag?post=44515"}],"curies":[{"name":"wp","href":"https:\/\/api.w.org\/{rel}","templated":true}]}}