{"id":46924,"date":"2023-10-09T07:45:40","date_gmt":"2023-10-09T05:45:40","guid":{"rendered":"https:\/\/smania.store\/pl\/produkt\/dzieciecy-kocyk-polarowy-z-rekawami-snughug\/"},"modified":"2024-07-05T09:32:35","modified_gmt":"2024-07-05T07:32:35","slug":"dzieciecy-kocyk-polarowy-z-rekawami-snughug","status":"publish","type":"product","link":"https:\/\/shoppamo.com\/pl\/produkt\/dzieciecy-kocyk-polarowy-z-rekawami-snughug\/","title":{"rendered":"Dzieci\u0119cy kocyk polarowy z r\u0119kawami SnugHug"},"content":{"rendered":"<div class=\"smania_landing_description_title\">Nowo\u015b\u0107! Dzieci\u0119cy kocyk polarowy z r\u0119kawami SnugHug<\/div>\n<div class=\"smania_landing_description_txt\">SnugHug tu\u017c tu\u017c: zabawny i przytulny komfort dla dzieci!<\/div>\n<div class=\"smania_landing_description_subtitle\">Przedstawiamy dzieci\u0119cy koc polarowy SnugHug z r\u0119kawami \u2014 idealne po\u0142\u0105czenie ciep\u0142a i rado\u015bci. Wykonany z wysokiej jako\u015bci polaru z wyj\u0105tkowo ciep\u0142\u0105 i mi\u0119kk\u0105 podszewk\u0105, ten koc zosta\u0142 zaprojektowany tak, aby zapewni\u0107 maluchom przytulno\u015b\u0107 i szcz\u0119\u015bcie, niezale\u017cnie od tego, czy odpoczywaj\u0105 w domu, czy prze\u017cywaj\u0105 przygody na \u015bwie\u017cym powietrzu.<\/div>\n<div class=\"smania_landing_description_list\">\n<ul>\n<li>Wykonany z wysokiej jako\u015bci, ciep\u0142ego materia\u0142u polarowego<\/li>\n<li>Wyj\u0105tkowo ciep\u0142a i mi\u0119kka podszewka<\/li>\n<li>Kaptur i r\u0119kawy zapewniaj\u0105 przyjemne uczucie ciep\u0142a na ca\u0142ym ciele<\/li>\n<li>5 r\u00f3\u017cnych wzor\u00f3w do wyboru<\/li>\n<li>Do noszenia zar\u00f3wno wewn\u0105trz, jak i na zewn\u0105trz<\/li>\n<\/ul><\/div>\n","protected":false},"excerpt":{"rendered":"<p>Zabawny wzory|Niesamowicie cieplutki|Wysoka jako\u015b\u0107 szycia|Wyj\u0105tkowy komfort|Niekt\u00f3re wariacje emituj\u0105 \u015bwiat\u0142o w ciemno\u015bci|Materia\u0142: 100% w\u0142\u00f3kna poliestrowe|Unisex|Jeden rozmiar, odpowiedni dla dzieci do 12 lat (wzrost poni\u017cej 155 cm)|Idealny prezent<\/p>\n","protected":false},"featured_media":47165,"template":"","meta":[],"product_cat":[2207,2167,2479,21,2617],"product_tag":[1520,2483],"acf":[],"_links":{"self":[{"href":"https:\/\/shoppamo.com\/pl\/wp-json\/wp\/v2\/product\/46924"}],"collection":[{"href":"https:\/\/shoppamo.com\/pl\/wp-json\/wp\/v2\/product"}],"about":[{"href":"https:\/\/shoppamo.com\/pl\/wp-json\/wp\/v2\/types\/product"}],"wp:featuredmedia":[{"embeddable":true,"href":"https:\/\/shoppamo.com\/pl\/wp-json\/wp\/v2\/media\/47165"}],"wp:attachment":[{"href":"https:\/\/shoppamo.com\/pl\/wp-json\/wp\/v2\/media?parent=46924"}],"wp:term":[{"taxonomy":"product_cat","embeddable":true,"href":"https:\/\/shoppamo.com\/pl\/wp-json\/wp\/v2\/product_cat?post=46924"},{"taxonomy":"product_tag","embeddable":true,"href":"https:\/\/shoppamo.com\/pl\/wp-json\/wp\/v2\/product_tag?post=46924"}],"curies":[{"name":"wp","href":"https:\/\/api.w.org\/{rel}","templated":true}]}}