{"id":28528,"date":"2022-11-02T08:30:49","date_gmt":"2022-11-02T07:30:49","guid":{"rendered":"https:\/\/smania.store\/ro\/?page_id=28528"},"modified":"2024-05-21T10:26:45","modified_gmt":"2024-05-21T08:26:45","slug":"outlet","status":"publish","type":"page","link":"https:\/\/shoppamo.com\/ro\/outlet\/","title":{"rendered":"Lichidare de stoc"},"content":{"rendered":"<p>[dfvu_outlet]Smania Outlet ofer\u0103 o selec\u021bie imens\u0103 de produse interesante \u0219i practice cu reduceri de p\u00e2n\u0103 la {outlet_discount}! Profit\u0103 de aceast\u0103 oportunitate \u00eenainte de epuizarea stocurilor! \u00ce\u021bi dorim s\u0103 ai parte de o experien\u021b\u0103 de shopping pl\u0103cut\u0103![\/dfvu_outlet]<\/p>\n\n\n<div class=\"wp-block-image smania_category_image_topper smania_category_image_topper-desktop\">\n<figure class=\"aligncenter size-large\" id=\"smania_category_page_img_main\"><img decoding=\"async\" src=\"https:\/\/s-mania.si\/wp-content\/uploads\/OUTLET-desktop-banner-1024x287.png\" alt=\"\" class=\"wp-image-35282\"\/><\/figure><\/div>\n\n<div class=\"wp-block-image smania_category_image_topper smania_category_image_topper-mobile\">\n<figure class=\"aligncenter size-full\" id=\"smania_category_page_img_main\"><img decoding=\"async\" src=\"https:\/\/s-mania.si\/wp-content\/uploads\/OUTLET-mobile-banner.png\" alt=\"\" class=\"wp-image-35291\"\/><\/figure><\/div>\n\n\n<br>\n<div class=\"smania_home_title\" style=\"text-align: left\">\n<span style=\"color:#C20114;font-weight:bold;font-size:42px\">Toate articolele<\/span>\n<\/div>\n","protected":false},"excerpt":{"rendered":"","protected":false},"author":1,"featured_media":0,"parent":0,"menu_order":0,"comment_status":"closed","ping_status":"closed","template":"","meta":[],"acf":[],"_links":{"self":[{"href":"https:\/\/shoppamo.com\/ro\/wp-json\/wp\/v2\/pages\/28528"}],"collection":[{"href":"https:\/\/shoppamo.com\/ro\/wp-json\/wp\/v2\/pages"}],"about":[{"href":"https:\/\/shoppamo.com\/ro\/wp-json\/wp\/v2\/types\/page"}],"author":[{"embeddable":true,"href":"https:\/\/shoppamo.com\/ro\/wp-json\/wp\/v2\/users\/1"}],"replies":[{"embeddable":true,"href":"https:\/\/shoppamo.com\/ro\/wp-json\/wp\/v2\/comments?post=28528"}],"version-history":[{"count":2,"href":"https:\/\/shoppamo.com\/ro\/wp-json\/wp\/v2\/pages\/28528\/revisions"}],"predecessor-version":[{"id":48613,"href":"https:\/\/shoppamo.com\/ro\/wp-json\/wp\/v2\/pages\/28528\/revisions\/48613"}],"wp:attachment":[{"href":"https:\/\/shoppamo.com\/ro\/wp-json\/wp\/v2\/media?parent=28528"}],"curies":[{"name":"wp","href":"https:\/\/api.w.org\/{rel}","templated":true}]}}