{"id":16875,"date":"2021-09-30T10:45:38","date_gmt":"2021-09-30T08:45:38","guid":{"rendered":"https:\/\/smania.store\/ro\/izdelek\/set-pentru-sablare-umeda-powerblast\/"},"modified":"2024-09-02T01:55:09","modified_gmt":"2024-09-01T23:55:09","slug":"set-pentru-sablare-umeda-powerblast","status":"publish","type":"product","link":"https:\/\/shoppamo.com\/ro\/produs\/set-pentru-sablare-umeda-powerblast\/","title":{"rendered":"Set pentru sablare umed\u0103 PowerBlast"},"content":{"rendered":"<div class=\"smania_landing_description_title\">NOU! Set pentru sablare umed\u0103 PowerBlast<\/div>\n<div class=\"smania_landing_description_txt\">\u00cendep\u0103rteaz\u0103 rugina de pe orice suprafa\u021b\u0103 \u00een doar c\u00e2teva secunde!<\/div>\n<div class=\"smania_landing_description_subtitle\">O modalitate rapid\u0103 \u0219i eficient\u0103 de a \u00eendep\u0103rta rugina, vopseaua sau murd\u0103ria persistent\u0103. Preg\u0103te\u0219te suprafe\u021bele pentru o aplicare nou\u0103, f\u0103r\u0103 utilizarea substan\u021belor chimice puternice, acizilor \u0219i diluan\u021bilor.<\/div>\n<div class=\"smania_landing_description_list\">\n<ul>\n<li>\u00cendep\u0103rteaz\u0103 rapid depunerile nedorite de pe beton \u0219i metal<\/li>\n<li>Compatibil cu majoritatea aparatele de sp\u0103lat cu presiune<\/li>\n<li>Construc\u021bia de \u00eenalt\u0103 calitate asigur\u0103 o presiune puternic\u0103 \u0219i constant\u0103<\/li>\n<li>Instalare simpl\u0103 cu ajutorul unui conector rapid<\/li>\n<li>Extrem de eficient pentru diverse lucr\u0103ri din jurul casei<\/li>\n<\/ul>\n<\/div>\n","protected":false},"excerpt":{"rendered":"<p>Set pentru sablare umed\u0103|\u00cendep\u0103rteaz\u0103 rugina, vopseaua \u0219i petele|U\u0219or de utilizat|Realizat din materiale de \u00eenalt\u0103 calitate|Tip conector: 1\/4 &#8222;|Lungimea tubului: 275 cm|Materiale: cauciuc, o\u021bel, ABS|Un cadou excelent pentru me\u0219teri<\/p>\n","protected":false},"featured_media":26545,"template":"","meta":[],"product_cat":[1916,222],"product_tag":[1526,1237],"acf":[],"_links":{"self":[{"href":"https:\/\/shoppamo.com\/ro\/wp-json\/wp\/v2\/product\/16875"}],"collection":[{"href":"https:\/\/shoppamo.com\/ro\/wp-json\/wp\/v2\/product"}],"about":[{"href":"https:\/\/shoppamo.com\/ro\/wp-json\/wp\/v2\/types\/product"}],"wp:featuredmedia":[{"embeddable":true,"href":"https:\/\/shoppamo.com\/ro\/wp-json\/wp\/v2\/media\/26545"}],"wp:attachment":[{"href":"https:\/\/shoppamo.com\/ro\/wp-json\/wp\/v2\/media?parent=16875"}],"wp:term":[{"taxonomy":"product_cat","embeddable":true,"href":"https:\/\/shoppamo.com\/ro\/wp-json\/wp\/v2\/product_cat?post=16875"},{"taxonomy":"product_tag","embeddable":true,"href":"https:\/\/shoppamo.com\/ro\/wp-json\/wp\/v2\/product_tag?post=16875"}],"curies":[{"name":"wp","href":"https:\/\/api.w.org\/{rel}","templated":true}]}}