{"id":18378,"date":"2021-10-01T06:06:38","date_gmt":"2021-10-01T04:06:38","guid":{"rendered":"https:\/\/smania.store\/ro\/izdelek\/centura-de-fitness-sweatler\/"},"modified":"2024-07-05T10:24:48","modified_gmt":"2024-07-05T08:24:48","slug":"centura-de-fitness-sweatler","status":"publish","type":"product","link":"https:\/\/shoppamo.com\/ro\/produs\/centura-de-fitness-sweatler\/","title":{"rendered":"Centur\u0103 de fitness Sweatler"},"content":{"rendered":"<div class=\"smania_landing_description_title\">Nou! Centur\u0103 de fitness Sweatler<\/div>\n<div class=\"smania_landing_description_txt\">Transpir\u0103 \u0219i fii \u00een form\u0103!<\/div>\n<div class=\"smania_landing_description_subtitle\">Folose\u0219te centura Sweatler \u00een combina\u021bie cu exerci\u021biile fizice \u0219i o alimenta\u021bie s\u0103n\u0103toas\u0103 \u0219i fii sigur c\u0103 \u00ee\u021bi vei atinge toate #fitnessgoals! Aceast\u0103 centur\u0103 stimuleaz\u0103 transpira\u021bia \u00een zona abdominal\u0103 \u0219i te poate ajuta s\u0103 ob\u021bii o siluet\u0103 de vis mai rapid ca niciodat\u0103.<\/div>\n<div class=\"smania_landing_description_list\">\n<ul>\n<li>Te poate ajuta s\u0103-\u021bi atingi mai rapid obiectivele de fitness <\/li>\n<li>Fabricat\u0103 din materiale elastice \u0219i confortabile<\/li>\n<li>Design unisex \u0219i m\u0103rime universal\u0103<\/li>\n<li>Func\u021bioneaz\u0103 cel mai bine \u00een combina\u021bie cu exerci\u021biile fizice \u0219i o alimenta\u021bie s\u0103n\u0103toas\u0103<\/li>\n<li>Discret\u0103 sub haine<\/li>\n<\/ul><\/div>\n","protected":false},"excerpt":{"rendered":"<p>Design unisex |Te poate ajuta s\u0103-\u021bi atingi mai rapid obiectivele de fitness|Ofer\u0103 suport spatelui \u00een timpul exerci\u021biilor|Elastic\u0103 \u0219i confortabil\u0103 |Materiale: nailon, poliester|Dimensiuni: 107,5 \u00d7 20,5 cm<\/p>\n","protected":false},"featured_media":26654,"template":"","meta":[],"product_cat":[1876,21],"product_tag":[1255],"acf":[],"_links":{"self":[{"href":"https:\/\/shoppamo.com\/ro\/wp-json\/wp\/v2\/product\/18378"}],"collection":[{"href":"https:\/\/shoppamo.com\/ro\/wp-json\/wp\/v2\/product"}],"about":[{"href":"https:\/\/shoppamo.com\/ro\/wp-json\/wp\/v2\/types\/product"}],"wp:featuredmedia":[{"embeddable":true,"href":"https:\/\/shoppamo.com\/ro\/wp-json\/wp\/v2\/media\/26654"}],"wp:attachment":[{"href":"https:\/\/shoppamo.com\/ro\/wp-json\/wp\/v2\/media?parent=18378"}],"wp:term":[{"taxonomy":"product_cat","embeddable":true,"href":"https:\/\/shoppamo.com\/ro\/wp-json\/wp\/v2\/product_cat?post=18378"},{"taxonomy":"product_tag","embeddable":true,"href":"https:\/\/shoppamo.com\/ro\/wp-json\/wp\/v2\/product_tag?post=18378"}],"curies":[{"name":"wp","href":"https:\/\/api.w.org\/{rel}","templated":true}]}}