{"id":18627,"date":"2021-10-01T06:22:01","date_gmt":"2021-10-01T04:22:01","guid":{"rendered":"https:\/\/smania.store\/ro\/izdelek\/prosop-rotund-de-plaja-mandala\/"},"modified":"2025-08-02T13:22:42","modified_gmt":"2025-08-02T11:22:42","slug":"prosop-rotund-de-plaja-mandala","status":"publish","type":"product","link":"https:\/\/shoppamo.com\/ro\/produs\/prosop-rotund-de-plaja-mandala\/","title":{"rendered":"Prosop rotund de plaj\u0103 Mandala"},"content":{"rendered":"<div class=\"smania_landing_description_title\">Nou! Prosop rotund de plaj\u0103 Mandala<\/div>\n<div class=\"smania_landing_description_txt\">Pentru o zi pl\u0103cut\u0103 la plaj\u0103!<\/div>\n<div class=\"smania_landing_description_subtitle\">Acest accesoriu extrem de  moale \u0219i durabil  poate fi folosit ca  prosop sau p\u0103tur\u0103. Ia-l cu tine la plaj\u0103, picnic sau pur \u0219i simplu a\u0219eaz\u0103-l pe teras\u0103 \u0219i bucur\u0103-te de var\u0103.<\/div>\n<div class=\"smania_landing_description_list\">\n<ul>\n<li>Aspect boem la mod\u0103<\/li>\n<li>Incredibil de moale \u0219i pl\u0103cut la atingere<\/li>\n<li>Extrem de absorbant \u0219i se usuc\u0103 rapid<\/li>\n<li>Dimensiunea perfect\u0103 pentru a te \u00eenf\u0103\u0219ura cu el<\/li>\n<li>Culori vibrante care nu se estompeaz\u0103<\/li>\n<\/ul><\/div>\n","protected":false},"excerpt":{"rendered":"<p>Potrivit ca prosop, p\u0103tur\u0103 sau pies\u0103 decorativ\u0103|Modele geometrice uimitoare|Se usuc\u0103 rapid \u0219i este u\u0219or de cur\u0103\u021bat|Culori frumoase \u0219i vibrante|Extra moale \u0219i confortabil|Extrem de absorbant|Dimensiuni: 150 \u00d7 150 cm|Material: microfibr\u0103<\/p>\n","protected":false},"featured_media":18622,"template":"","meta":[],"product_cat":[21,1966],"product_tag":[1703],"acf":[],"_links":{"self":[{"href":"https:\/\/shoppamo.com\/ro\/wp-json\/wp\/v2\/product\/18627"}],"collection":[{"href":"https:\/\/shoppamo.com\/ro\/wp-json\/wp\/v2\/product"}],"about":[{"href":"https:\/\/shoppamo.com\/ro\/wp-json\/wp\/v2\/types\/product"}],"wp:featuredmedia":[{"embeddable":true,"href":"https:\/\/shoppamo.com\/ro\/wp-json\/wp\/v2\/media\/18622"}],"wp:attachment":[{"href":"https:\/\/shoppamo.com\/ro\/wp-json\/wp\/v2\/media?parent=18627"}],"wp:term":[{"taxonomy":"product_cat","embeddable":true,"href":"https:\/\/shoppamo.com\/ro\/wp-json\/wp\/v2\/product_cat?post=18627"},{"taxonomy":"product_tag","embeddable":true,"href":"https:\/\/shoppamo.com\/ro\/wp-json\/wp\/v2\/product_tag?post=18627"}],"curies":[{"name":"wp","href":"https:\/\/api.w.org\/{rel}","templated":true}]}}