{"id":21318,"date":"2021-12-11T10:02:40","date_gmt":"2021-12-11T09:02:40","guid":{"rendered":"https:\/\/smania.store\/ro\/produs\/stea-3d-pentru-bradul-de-craciun\/"},"modified":"2024-07-05T10:24:51","modified_gmt":"2024-07-05T08:24:51","slug":"stea-3d-pentru-bradul-de-craciun","status":"publish","type":"product","link":"https:\/\/shoppamo.com\/ro\/produs\/stea-3d-pentru-bradul-de-craciun\/","title":{"rendered":"Stea 3D pentru bradul de Cr\u0103ciun"},"content":{"rendered":"<div class=\"smania_landing_description_title\">Magic!\ud83c\udf84\ud83c\udf87 Stea 3D pentru bradul de Cr\u0103ciun<\/div>\n<div class=\"smania_landing_description_txt\">Bradul t\u0103u de Cr\u0103ciun merit\u0103 cea mai bun\u0103 stea!<\/div>\n<div class=\"smania_landing_description_subtitle\">Petrece s\u0103rb\u0103torile de Cr\u0103ciun din acest an admir\u00e2nd cel mai frumos brad pe care l-ai \u00eempodobit vreodat\u0103. Steaua 3D pentru bradul de s\u0103rb\u0103tori va \u00eenc\u0103lzi atmosfera din casa ta \u0219i \u00ee\u021bi va surprinde frumos oaspe\u021bii.<\/div>\n<div class=\"smania_landing_description_list\">\n<ul>\n<li>Stea tridimensional\u0103 frumoas\u0103 care va aduce magie \u00een casa ta<\/li>\n<li>Fabricat\u0103 din materiale de \u00eenalt\u0103 calitate, acoperite cu pulbere str\u0103lucitoare<\/li>\n<li>Becul LED din interior proiecteaz\u0103 fulgi de z\u0103pad\u0103 pe pere\u021bi \u0219i pe tavan<\/li>\n<li>Acest ornament uimitor va fi cirea\u0219a din v\u00e2rful bradului t\u0103u de Cr\u0103ciun \u0219i va lumina casa<\/li>\n<\/ul>\n<\/div>\n","protected":false},"excerpt":{"rendered":"<p>Ideal\u0103 pentru utilizarea \u00een interior|Raza de proiec\u021bie a luminilor: 2-5 m\u00b2|Cu c\u00e2t este mai departe de tavan, cu at\u00e2t raza de proiec\u021bie este mai mare|Ofer\u0103 o atmosfer\u0103 romantic\u0103 \u0219i confortabil\u0103 |Disponibil\u0103 pe auriu \u0219i argintiu|Materiale: ABS + plastic |Dimensiuni: 27 \u00d7 28 \u00d7 12 cm|Lungimea cablului: 2,4 metri<\/p>\n","protected":false},"featured_media":21312,"template":"","meta":[],"product_cat":[23,2298,1811],"product_tag":[1779],"acf":[],"_links":{"self":[{"href":"https:\/\/shoppamo.com\/ro\/wp-json\/wp\/v2\/product\/21318"}],"collection":[{"href":"https:\/\/shoppamo.com\/ro\/wp-json\/wp\/v2\/product"}],"about":[{"href":"https:\/\/shoppamo.com\/ro\/wp-json\/wp\/v2\/types\/product"}],"wp:featuredmedia":[{"embeddable":true,"href":"https:\/\/shoppamo.com\/ro\/wp-json\/wp\/v2\/media\/21312"}],"wp:attachment":[{"href":"https:\/\/shoppamo.com\/ro\/wp-json\/wp\/v2\/media?parent=21318"}],"wp:term":[{"taxonomy":"product_cat","embeddable":true,"href":"https:\/\/shoppamo.com\/ro\/wp-json\/wp\/v2\/product_cat?post=21318"},{"taxonomy":"product_tag","embeddable":true,"href":"https:\/\/shoppamo.com\/ro\/wp-json\/wp\/v2\/product_tag?post=21318"}],"curies":[{"name":"wp","href":"https:\/\/api.w.org\/{rel}","templated":true}]}}