{"id":24452,"date":"2022-05-13T09:32:25","date_gmt":"2022-05-13T07:32:25","guid":{"rendered":"https:\/\/smania.store\/ro\/produs\/sfere-pentru-marcotare-aeriana-growball\/"},"modified":"2025-06-25T10:15:23","modified_gmt":"2025-06-25T08:15:23","slug":"sfere-pentru-marcotare-aeriana-growball","status":"publish","type":"product","link":"https:\/\/shoppamo.com\/ro\/produs\/sfere-pentru-marcotare-aeriana-growball\/","title":{"rendered":"Sfere pentru \u00eenmul\u021birea plantelor GrowBall"},"content":{"rendered":"<div class=\"smania_landing_description_title\">NOU! Sfere pentru \u00eenmul\u021birea plantelor GrowBall<\/div>\n<div class=\"smania_landing_description_txt\">Multiplic\u0103-\u021bi minunile din gr\u0103din\u0103 \u00een doar c\u00e2teva s\u0103pt\u0103m\u00e2ni!<\/div>\n<div class=\"smania_landing_description_subtitle\">\u00ce\u021bi prezent\u0103m GrowBall, sferele de propagare cu presiune ridicat\u0103 care revolu\u021bioneaz\u0103 propagarea plantelor \u0219i sunt adorate de c\u0103tre pasiona\u021bii de gr\u0103din\u0103rit. \u00cenmul\u021be\u0219te-\u021bi plantele f\u0103r\u0103 a le afecta cre\u0219terea natural\u0103 \u0219i creeaz\u0103 o gr\u0103din\u0103 frumoas\u0103 \u0219i bogat\u0103 f\u0103r\u0103 efort. Descoper\u0103 magia \u00eenmul\u021birii prin marcotaj aerian \u0219i transform\u0103-\u021bi gr\u0103dina \u00eentr-un loc de basm cu ajutorul sferelor GrowBall! <\/div>\n<div class=\"smania_landing_description_list\">\n<ul>\n<li>\u00cenmul\u021bire sigur\u0103 \u2013 nu d\u0103uneaz\u0103 plantelor mam\u0103<\/li>\n<li>Perfecte pentru plantele de interior \u0219i exterior<\/li>\n<li>R\u0103d\u0103cini mai puternice \u0219i cre\u0219tere mai rapid\u0103<\/li>\n<li>Design reutilizabil, fabricate din plastic PP robust<\/li>\n<li>Disponibile \u00een 3 m\u0103rimi: 5, 8 \u0219i 12 cm<\/li>\n<\/ul><\/div>\n","protected":false},"excerpt":{"rendered":"<p>Perfecte pentru trandafiri, plante c\u0103\u021b\u0103r\u0103toare, copaci etc.|Metoda veche de \u00eenmul\u021bire prin marcotaj aerian ofer\u0103 rezultate uimitoare|Rezultate de \u00eenmul\u021bire vizibile \u00een doar 6\u20138 s\u0103pt\u0103m\u00e2ni|Sistemul de \u00eenchidere fiabil asigur\u0103 o \u00eenmul\u021bire stabil\u0103|Ecologic \u2013 nu necesit\u0103 substan\u021be chimice|Economise\u0219te bani prin \u00eenmul\u021birea propriilor plante|Ideale pentru gr\u0103dinari \u0219i pasiona\u021bii de plante|\u00cenmul\u021be\u0219te plantele greu de \u00eenr\u0103d\u0103cinat, cum ar fi magnolia \u0219i camelia |Cre\u0219te-\u021bi gr\u0103dina f\u0103r\u0103 efort|Impresioneaz\u0103-\u021bi oaspe\u021bii cu gr\u0103dina ta bogat\u0103 \u0219i \u00eenfloritoare|Cantitate: 5 buc\u0103\u021bi|Diametru sfer\u0103 (cm): 5 (S), 8 (M), 12 (L)<\/p>\n","protected":false},"featured_media":37133,"template":"","meta":[],"product_cat":[16,1916],"product_tag":[1241],"acf":[],"_links":{"self":[{"href":"https:\/\/shoppamo.com\/ro\/wp-json\/wp\/v2\/product\/24452"}],"collection":[{"href":"https:\/\/shoppamo.com\/ro\/wp-json\/wp\/v2\/product"}],"about":[{"href":"https:\/\/shoppamo.com\/ro\/wp-json\/wp\/v2\/types\/product"}],"wp:featuredmedia":[{"embeddable":true,"href":"https:\/\/shoppamo.com\/ro\/wp-json\/wp\/v2\/media\/37133"}],"wp:attachment":[{"href":"https:\/\/shoppamo.com\/ro\/wp-json\/wp\/v2\/media?parent=24452"}],"wp:term":[{"taxonomy":"product_cat","embeddable":true,"href":"https:\/\/shoppamo.com\/ro\/wp-json\/wp\/v2\/product_cat?post=24452"},{"taxonomy":"product_tag","embeddable":true,"href":"https:\/\/shoppamo.com\/ro\/wp-json\/wp\/v2\/product_tag?post=24452"}],"curies":[{"name":"wp","href":"https:\/\/api.w.org\/{rel}","templated":true}]}}