{"id":38694,"date":"2023-06-08T13:35:22","date_gmt":"2023-06-08T11:35:22","guid":{"rendered":"https:\/\/smania.store\/ro\/produs\/organizator-portabil-pentru-ochelari-eyego\/"},"modified":"2023-12-29T01:55:42","modified_gmt":"2023-12-29T00:55:42","slug":"organizator-portabil-pentru-ochelari-eyego","status":"publish","type":"product","link":"https:\/\/shoppamo.com\/ro\/produs\/organizator-portabil-pentru-ochelari-eyego\/","title":{"rendered":"Organizator portabil pentru ochelari EyeGo"},"content":{"rendered":"<div class=\"smania_landing_description_title\">Nou! Organizator portabil pentru ochelari EyeGo<\/div>\n<div class=\"smania_landing_description_txt\">Pune ochelarii, ruleaz\u0103-l, pune-l \u00een geant\u0103 \u0219i e\u0219ti gata de plecare!<\/div>\n<div class=\"smania_landing_description_subtitle\">Organizatorul EyeGo are un design practic \u0219i elegant, care \u00eencape perfect \u00een orice valiz\u0103 sau rucsac, f\u0103c\u00e2ndu-l ideal pentru c\u0103l\u0103torii. Acesta dispune de 6 compartimente separate pentru ochelarii t\u0103i, astfel \u00eenc\u00e2t s\u0103 nu-\u021bi faci griji cu privire la deteriorarea acestora.<\/div>\n<div class=\"smania_landing_description_list\">\n<ul>\n<li>Potrivit pentru ochelarii de toate dimensiunile<\/li>\n<li>C\u0103ptu\u0219it cu piele de c\u0103prioar\u0103 pentru protec\u021bie<\/li>\n<li>Design pliabil unic<\/li>\n<li>6 compartimente pentru depozitare<\/li>\n<li>Perfect pentru c\u0103l\u0103torii<\/li>\n<\/ul><\/div>\n","protected":false},"excerpt":{"rendered":"<p>Depoziteaz\u0103 p\u00e2n\u0103 la 6 perechi de ochelari de soare |Designul pliabil unic permite economisirea spa\u021biului|M\u00e2nerul practic \u00ee\u021bi permite s\u0103 \u00eel transpor\u021bi sau s\u0103 \u00eel at\u00e2rni pe perete|\u00cenchidere sigur\u0103 cu trei capse |\u00cel po\u021bi folosi \u0219i pentru a depozita ceasuri, bijuterii, cosmetice \u0219i alte obiecte mici|Protejeaz\u0103 ochelarii de praf \u0219i deteriorare|Disponibil \u00een 2 culori elegante|Dimensiuni: 16,5 \u00d7 16,2 \u00d7 14,5 cm<\/p>\n","protected":false},"featured_media":38686,"template":"","meta":[],"product_cat":[22],"product_tag":[1262],"acf":[],"_links":{"self":[{"href":"https:\/\/shoppamo.com\/ro\/wp-json\/wp\/v2\/product\/38694"}],"collection":[{"href":"https:\/\/shoppamo.com\/ro\/wp-json\/wp\/v2\/product"}],"about":[{"href":"https:\/\/shoppamo.com\/ro\/wp-json\/wp\/v2\/types\/product"}],"wp:featuredmedia":[{"embeddable":true,"href":"https:\/\/shoppamo.com\/ro\/wp-json\/wp\/v2\/media\/38686"}],"wp:attachment":[{"href":"https:\/\/shoppamo.com\/ro\/wp-json\/wp\/v2\/media?parent=38694"}],"wp:term":[{"taxonomy":"product_cat","embeddable":true,"href":"https:\/\/shoppamo.com\/ro\/wp-json\/wp\/v2\/product_cat?post=38694"},{"taxonomy":"product_tag","embeddable":true,"href":"https:\/\/shoppamo.com\/ro\/wp-json\/wp\/v2\/product_tag?post=38694"}],"curies":[{"name":"wp","href":"https:\/\/api.w.org\/{rel}","templated":true}]}}