{"id":41230,"date":"2023-08-11T07:57:17","date_gmt":"2023-08-11T05:57:17","guid":{"rendered":"https:\/\/smania.store\/ro\/produs\/set-de-organizatoare-pentru-dulapuri-tidix\/"},"modified":"2024-06-14T16:58:42","modified_gmt":"2024-06-14T14:58:42","slug":"set-de-organizatoare-pentru-dulapuri-tidix","status":"publish","type":"product","link":"https:\/\/shoppamo.com\/ro\/produs\/set-de-organizatoare-pentru-dulapuri-tidix\/","title":{"rendered":"Set de organizatoare pentru dulapuri TidiX"},"content":{"rendered":"<div class=\"smania_landing_description_title\">NOU! Organizator pentru dulapuri TidiX<\/div>\n<div class=\"smania_landing_description_txt\">Profit\u0103 la maximum de spa\u021biul din dulapul t\u0103u!<\/div>\n<div class=\"smania_landing_description_subtitle\">Organizeaz\u0103-\u021bi chilo\u021bii, \u0219osetele, sutienele sau accesoriile preferate cu ajutorul organizatorului versatil pentru dulap TidiX. Cu compartimente reglabile, dimensiuni compacte \u0219i instalare f\u0103r\u0103 g\u0103urire, aceste organizatoare elegante \u0219i robuste sunt perfecte pentru a maximiza spa\u021biul vertical din dulap sau de pe perete.<\/div>\n<div class=\"smania_landing_description_list\">\n<ul>\n<li>Design elegant \u0219i transparent<\/li>\n<li>6 compartimente de depozitare ajustabile<\/li>\n<li>Perfect pentru depozitarea chilo\u021bilor, \u0219osetelor sau sutienelor<\/li>\n<li>Instalarea f\u0103r\u0103 g\u0103urire permite o utilizare versatil\u0103<\/li>\n<li>Disponibil \u00een 3 culori \u00een seturi de 4 buc\u0103\u021bi<\/li>\n<\/ul><\/div>\n","protected":false},"excerpt":{"rendered":"<p>6 compartimente|Compartimente deta\u0219abile|Design cu glisare lin\u0103|Economise\u0219te spa\u021biu|Potrivit pentru cabluri, bijuterii, condimente \u0219i alte obiecte mici|Instalare f\u0103r\u0103 g\u0103urire|Rezistent la praf \u0219i ap\u0103|Materiale: HIPS, PET|Dimensiuni: 36 \u00d7 8,3 \u00d7 10,7 cm|Greutate: 400 g\/bucata<\/p>\n","protected":false},"featured_media":41221,"template":"","meta":[],"product_cat":[16,2111,2142],"product_tag":[2170],"acf":[],"_links":{"self":[{"href":"https:\/\/shoppamo.com\/ro\/wp-json\/wp\/v2\/product\/41230"}],"collection":[{"href":"https:\/\/shoppamo.com\/ro\/wp-json\/wp\/v2\/product"}],"about":[{"href":"https:\/\/shoppamo.com\/ro\/wp-json\/wp\/v2\/types\/product"}],"wp:featuredmedia":[{"embeddable":true,"href":"https:\/\/shoppamo.com\/ro\/wp-json\/wp\/v2\/media\/41221"}],"wp:attachment":[{"href":"https:\/\/shoppamo.com\/ro\/wp-json\/wp\/v2\/media?parent=41230"}],"wp:term":[{"taxonomy":"product_cat","embeddable":true,"href":"https:\/\/shoppamo.com\/ro\/wp-json\/wp\/v2\/product_cat?post=41230"},{"taxonomy":"product_tag","embeddable":true,"href":"https:\/\/shoppamo.com\/ro\/wp-json\/wp\/v2\/product_tag?post=41230"}],"curies":[{"name":"wp","href":"https:\/\/api.w.org\/{rel}","templated":true}]}}