{"id":11713,"date":"2021-09-25T11:08:26","date_gmt":"2021-09-25T11:08:26","guid":{"rendered":"https:\/\/s-mania.si\/?page_id=11713"},"modified":"2021-09-29T06:37:01","modified_gmt":"2021-09-29T04:37:01","slug":"politika-piskotkov","status":"publish","type":"page","link":"https:\/\/shoppamo.com\/si\/politika-piskotkov\/","title":{"rendered":"Politika pi\u0161kotkov"},"content":{"rendered":"<div class=\"cli_pg_page_contaner\">\n<h3><span data-sheets-value=\"{&quot;1&quot;:2,&quot;2&quot;:&quot;O tej politiki pi\u0161kotkov&quot;}\" data-sheets-userformat=\"{&quot;2&quot;:9089,&quot;3&quot;:{&quot;1&quot;:0},&quot;10&quot;:1,&quot;11&quot;:4,&quot;12&quot;:0,&quot;16&quot;:10}\">O tej politiki pi\u0161kotkov<\/span><\/h3>\n<div>\n<p><span data-sheets-value=\"{&quot;1&quot;:2,&quot;2&quot;:&quot;Ta Politika pi\u0161kotkov pojasnjuje, kaj so pi\u0161kotki in kako jih uporabljamo, vrste pi\u0161kotkov, ki jih uporabljamo, tj. podatke, ki jih zbiramo z uporabo pi\u0161kotkov in kako se ti podatki uporabljajo, ter kako nadzirati nastavitve pi\u0161kotkov. Za dodatne informacije o tem, kako uporabljamo, hranimo in varujemo va\u0161e osebne podatke, glejte na\u0161o politiko zasebnosti.\\n\\nSvoje soglasje lahko kadar koli spremenite ali umaknete iz izjave o pi\u0161kotkih na na\u0161i spletni strani.\\n\\nVe\u010d o tem, kdo smo, kako se lahko obrnete na nas in kako obdelujemo osebne podatke v na\u0161i politiki zasebnosti.\\n\\nVa\u0161e soglasje velja za naslednje domene: smania.store &quot;}\" data-sheets-userformat=\"{&quot;2&quot;:8961,&quot;3&quot;:{&quot;1&quot;:0},&quot;11&quot;:4,&quot;12&quot;:0,&quot;16&quot;:10}\">Ta Politika pi\u0161kotkov pojasnjuje, kaj so pi\u0161kotki in kako jih uporabljamo, vrste pi\u0161kotkov, ki jih uporabljamo, tj. podatke, ki jih zbiramo z uporabo pi\u0161kotkov in kako se ti podatki uporabljajo, ter kako nadzirati nastavitve pi\u0161kotkov. Za dodatne informacije o tem, kako uporabljamo, hranimo in varujemo va\u0161e osebne podatke, glejte na\u0161o politiko zasebnosti.<\/span><\/p>\n<p>Svoje soglasje lahko kadar koli spremenite ali umaknete iz izjave o pi\u0161kotkih na na\u0161i spletni strani.<br \/>\nVe\u010d o tem, kdo smo, kako se lahko obrnete na nas in kako obdelujemo osebne podatke v na\u0161i politiki zasebnosti.<br \/>\nVa\u0161e soglasje velja za naslednje domene: s-mania.si<br \/>\n[user_consent_state]<\/p>\n<\/div>\n<h3><span data-sheets-value=\"{&quot;1&quot;:2,&quot;2&quot;:&quot;Kaj so pi\u0161kotki?&quot;}\" data-sheets-userformat=\"{&quot;2&quot;:9089,&quot;3&quot;:{&quot;1&quot;:0},&quot;10&quot;:1,&quot;11&quot;:4,&quot;12&quot;:0,&quot;16&quot;:10}\">Kaj so pi\u0161kotki?<\/span><\/h3>\n<div><span data-sheets-value=\"{&quot;1&quot;:2,&quot;2&quot;:&quot;Pi\u0161kotki so majhne besedilne datoteke, ki se uporabljajo za shranjevanje majhnih kosov informacij. Shranijo se v va\u0161o napravo, ko je spletno mesto nalo\u017eeno v brskalnik. Ti pi\u0161kotki nam pomagajo, da spletno mesto deluje pravilno, ga naredimo varnej\u0161ega, zagotovimo bolj\u0161o uporabni\u0161ko izku\u0161njo in razumemo delovanje spletnega mesta ter analiziramo, kaj deluje in kje ga je treba izbolj\u0161ati.&quot;}\" data-sheets-userformat=\"{&quot;2&quot;:9089,&quot;3&quot;:{&quot;1&quot;:0},&quot;10&quot;:1,&quot;11&quot;:4,&quot;12&quot;:0,&quot;16&quot;:10}\">Pi\u0161kotki so majhne besedilne datoteke, ki se uporabljajo za shranjevanje majhnih kosov informacij. Shranijo se v va\u0161o napravo, ko je spletno mesto nalo\u017eeno v brskalnik. Ti pi\u0161kotki nam pomagajo, da spletno mesto deluje pravilno, ga naredimo varnej\u0161ega, zagotovimo bolj\u0161o uporabni\u0161ko izku\u0161njo in razumemo delovanje spletnega mesta ter analiziramo, kaj deluje in kje ga je treba izbolj\u0161ati.<\/span><\/div>\n<div><\/div>\n<h3><span data-sheets-value=\"{&quot;1&quot;:2,&quot;2&quot;:&quot;Kako uporabljamo pi\u0161kotke?&quot;}\" data-sheets-userformat=\"{&quot;2&quot;:9089,&quot;3&quot;:{&quot;1&quot;:0},&quot;10&quot;:1,&quot;11&quot;:4,&quot;12&quot;:0,&quot;16&quot;:10}\">Kako uporabljamo pi\u0161kotke?<\/span><\/h3>\n<div><span data-sheets-value=\"{&quot;1&quot;:2,&quot;2&quot;:&quot;Kot ve\u010dina spletnih storitev tudi na\u0161e spletno mesto uporablja pi\u0161kotke prve in tretje osebe za ve\u010d namenov. Lastni pi\u0161kotki so ve\u010dinoma potrebni za pravilno delovanje spletnega mesta in ne zbirajo nobenih va\u0161ih osebnih podatkov.\\n\\nPi\u0161kotki tretjih oseb, ki se uporabljajo na na\u0161i spletni strani, so namenjeni predvsem razumevanju delovanja spletne strani, interakciji z na\u0161o spletno stranjo, varovanju na\u0161ih storitev, zagotavljanju oglasov, ki so za vas pomembni, in vam skupaj zagotavljajo bolj\u0161ega in izbolj\u0161anega uporabnika izku\u0161nje in pomagajte pospe\u0161iti va\u0161o prihodnjo interakcijo z na\u0161o spletno stranjo.&quot;}\" data-sheets-userformat=\"{&quot;2&quot;:9089,&quot;3&quot;:{&quot;1&quot;:0},&quot;10&quot;:1,&quot;11&quot;:4,&quot;12&quot;:0,&quot;16&quot;:10}\"><span data-sheets-value=\"{&quot;1&quot;:2,&quot;2&quot;:&quot;Kot ve\u010dina spletnih storitev tudi na\u0161e spletno mesto uporablja pi\u0161kotke prve in tretje osebe za ve\u010d namenov. Lastni pi\u0161kotki so ve\u010dinoma potrebni za pravilno delovanje spletnega mesta in ne zbirajo nobenih va\u0161ih osebnih podatkov.\\n\\nPi\u0161kotki tretjih oseb, ki se uporabljajo na na\u0161i spletni strani, so namenjeni predvsem razumevanju delovanja spletne strani, interakciji z na\u0161o spletno stranjo, varovanju na\u0161ih storitev, zagotavljanju oglasov, ki so za vas pomembni, in vam skupaj zagotavljajo bolj\u0161ega in izbolj\u0161anega uporabnika izku\u0161nje in pomagajte pospe\u0161iti va\u0161o prihodnjo interakcijo z na\u0161o spletno stranjo.&quot;}\" data-sheets-userformat=\"{&quot;2&quot;:9089,&quot;3&quot;:{&quot;1&quot;:0},&quot;10&quot;:1,&quot;11&quot;:4,&quot;12&quot;:0,&quot;16&quot;:10}\">Kot ve\u010dina spletnih storitev tudi na\u0161e spletno mesto uporablja pi\u0161kotke prve in tretje osebe za ve\u010d namenov. Lastni pi\u0161kotki so ve\u010dinoma potrebni za pravilno delovanje spletnega mesta in ne zbirajo nobenih va\u0161ih osebnih podatkov.<\/span><\/span><\/p>\n<p>Pi\u0161kotki tretjih oseb, ki se uporabljajo na na\u0161i spletni strani, so namenjeni predvsem razumevanju delovanja spletne strani, interakciji z na\u0161o spletno stranjo, varovanju na\u0161ih storitev, zagotavljanju oglasov, ki so za vas pomembni, in vam skupaj zagotavljajo bolj\u0161ega in izbolj\u0161anega uporabnika izku\u0161nje in pomagajte pospe\u0161iti va\u0161o prihodnjo interakcijo z na\u0161o spletno stranjo.<\/p>\n<\/div>\n<div><\/div>\n<h3><span data-sheets-value=\"{&quot;1&quot;:2,&quot;2&quot;:&quot;Katere vrste pi\u0161kotkov uporabljamo?&quot;}\" data-sheets-userformat=\"{&quot;2&quot;:9089,&quot;3&quot;:{&quot;1&quot;:0},&quot;10&quot;:1,&quot;11&quot;:4,&quot;12&quot;:0,&quot;16&quot;:10}\">Katere vrste pi\u0161kotkov uporabljamo?<\/span><\/h3>\n<div>\n<p><span data-sheets-value=\"{&quot;1&quot;:2,&quot;2&quot;:&quot;Nujni: Nekateri pi\u0161kotki so nujni, \u010de \u017eelite do\u017eiveti polno funkcionalnost na\u0161ega spletnega mesta. Omogo\u010damo nam vzdr\u017eevanje uporabni\u0161kih sej in prepre\u010devanje kakr\u0161nih koli koli varnostnih gro\u017eenj. Ne zbirajo in ne shranjujejo nobenih osebnih podatkov. Ti pi\u0161kotki na primer omogo\u010dajo prijavo v svoj ra\u010dun in dodajanje izdelkov v ko\u0161arico ter varno odjavite.\\n\\nStatistika: Ti pi\u0161kotki shranjujejo podatke, tako da \u0161tevilo iskalcev spletnega mesta, \u0161tevilo edinstvenih raziskovalcev, katerih stran spletnega mesta so obiskani, vir obiska itd. Ti podatki nam pomagajo razumeti in analizirati, kako dobro deluje spletno mesto in kjer koli je treba izbolj\u0161ati.\\n\\nTr\u017eenje: Na na\u0161ih spletnih straneh so oglasi. Ti pi\u0161kotki se uporabljajo za prilagajanje oglasov, ki vam jih prikazujemo, tako da tako za pomembne. Ti pi\u0161kotki nam prav tako pomagajo spremljati u\u010dinkovitost teh ogla\u0161evalskih akcij.\\n\\nPodatki, shranjeni v teh pi\u0161kotnih, lahko tretji ponudniki oglasov uporabljajo tudi za prikazovanje oglasov na drugih spletnih mestih v brskalniku.\\n\\nFunkcionalni: To so pi\u0161kotki, ki pomagajo nekaterim nebistvenim funkcijam na na\u0161i spletni strani. Te funkcije vklju\u010dujejo vdelavo vsebine, kot videoposnetke, ali skupno rabo vsebine spletnega mesta na platformah dru\u017ebenih medijev.\\n\\nNastavitve: Ti pi\u0161kotki nam pomagajo shraniti va\u0161e nastavitve in nastavitve brskanja, kot so jezikovne nastavitve, tako da boste imeli bolj\u0161e in u\u010dinkovitej\u0161e izku\u0161nje pri prihodnjih obiskih spletnega mesta.&quot;}\" data-sheets-userformat=\"{&quot;2&quot;:9089,&quot;3&quot;:{&quot;1&quot;:0},&quot;10&quot;:1,&quot;11&quot;:4,&quot;12&quot;:0,&quot;16&quot;:10}\"><strong>Nujni:<\/strong> Nekateri pi\u0161kotki so nujni, \u010de \u017eelite do\u017eiveti polno funkcionalnost na\u0161ega spletnega mesta. Omogo\u010damo nam vzdr\u017eevanje uporabni\u0161kih sej in prepre\u010devanje kakr\u0161nih koli koli varnostnih gro\u017eenj. Ne zbirajo in ne shranjujejo nobenih osebnih podatkov. Ti pi\u0161kotki na primer omogo\u010dajo prijavo v svoj ra\u010dun in dodajanje izdelkov v ko\u0161arico ter varno odjavite.<\/span><\/p>\n<p><strong>Statistika:<\/strong> Ti pi\u0161kotki shranjujejo podatke, tako da \u0161tevilo iskalcev spletnega mesta, \u0161tevilo edinstvenih raziskovalcev, katerih stran spletnega mesta so obiskani, vir obiska itd. Ti podatki nam pomagajo razumeti in analizirati, kako dobro deluje spletno mesto in kjer koli je treba izbolj\u0161ati.<\/p>\n<p><strong>Tr\u017eenje:<\/strong> Na na\u0161ih spletnih straneh so oglasi. Ti pi\u0161kotki se uporabljajo za prilagajanje oglasov, ki vam jih prikazujemo, tako da tako za pomembne. Ti pi\u0161kotki nam prav tako pomagajo spremljati u\u010dinkovitost teh ogla\u0161evalskih akcij.<br \/>\nPodatki, shranjeni v teh pi\u0161kotnih, lahko tretji ponudniki oglasov uporabljajo tudi za prikazovanje oglasov na drugih spletnih mestih v brskalniku.<\/p>\n<p><strong>Funkcionalni:<\/strong> To so pi\u0161kotki, ki pomagajo nekaterim nebistvenim funkcijam na na\u0161i spletni strani. Te funkcije vklju\u010dujejo vdelavo vsebine, kot videoposnetke, ali skupno rabo vsebine spletnega mesta na platformah dru\u017ebenih medijev.<\/p>\n<p><strong>Nastavitve:<\/strong> Ti pi\u0161kotki nam pomagajo shraniti va\u0161e nastavitve in nastavitve brskanja, kot so jezikovne nastavitve, tako da boste imeli bolj\u0161e in u\u010dinkovitej\u0161e izku\u0161nje pri prihodnjih obiskih spletnega mesta.[cookie_audit columns=&#8221;cookie,description&#8221; heading=&#8221;The below list details the cookies used in our website.&#8221;]<\/p>\n<\/div>\n<h3>Kako lahko nadziram nastavitve pi\u0161kotkov?<\/h3>\n<div>\u010ce se pozneje med sejo brskanja odlo\u010dite spremeniti svoje nastavitve, lahko na zaslonu kliknete zavihek \u00bbPolitika pi\u0161kotkov\u00ab. To bo znova prikazalo obvestilo o soglasju, ki vam omogo\u010da, da spremenite svoje nastavitve ali v celoti umaknete privolitev. Poleg tega razli\u010dni brskalniki ponujajo razli\u010dne na\u010dine blokiranja in brisanja pi\u0161kotkov, ki jih uporabljajo spletna mesta. Nastavitve brskalnika lahko spremenite tako, da pi\u0161kotke blokirate\/izbri\u0161ete. \u010ce \u017eelite izvedeti ve\u010d o upravljanju in brisanju pi\u0161kotkov, obi\u0161\u010dite wikipedia.org, www.allaboutcookies.org.<\/div>\n<\/div>\n","protected":false},"excerpt":{"rendered":"<p>O tej politiki pi\u0161kotkov Ta Politika pi\u0161kotkov pojasnjuje, kaj so pi\u0161kotki in kako jih uporabljamo, vrste pi\u0161kotkov, ki jih uporabljamo, tj. podatke, ki jih zbiramo z uporabo pi\u0161kotkov in kako se ti podatki uporabljajo, ter kako nadzirati nastavitve pi\u0161kotkov. Za dodatne informacije o tem, kako uporabljamo, hranimo in varujemo va\u0161e osebne podatke, glejte na\u0161o politiko [&hellip;]<\/p>\n","protected":false},"author":1,"featured_media":0,"parent":0,"menu_order":0,"comment_status":"closed","ping_status":"closed","template":"","meta":{"_acf_changed":false,"footnotes":""},"acf":[],"_links":{"self":[{"href":"https:\/\/shoppamo.com\/si\/wp-json\/wp\/v2\/pages\/11713"}],"collection":[{"href":"https:\/\/shoppamo.com\/si\/wp-json\/wp\/v2\/pages"}],"about":[{"href":"https:\/\/shoppamo.com\/si\/wp-json\/wp\/v2\/types\/page"}],"author":[{"embeddable":true,"href":"https:\/\/shoppamo.com\/si\/wp-json\/wp\/v2\/users\/1"}],"replies":[{"embeddable":true,"href":"https:\/\/shoppamo.com\/si\/wp-json\/wp\/v2\/comments?post=11713"}],"version-history":[{"count":5,"href":"https:\/\/shoppamo.com\/si\/wp-json\/wp\/v2\/pages\/11713\/revisions"}],"predecessor-version":[{"id":67453,"href":"https:\/\/shoppamo.com\/si\/wp-json\/wp\/v2\/pages\/11713\/revisions\/67453"}],"wp:attachment":[{"href":"https:\/\/shoppamo.com\/si\/wp-json\/wp\/v2\/media?parent=11713"}],"curies":[{"name":"wp","href":"https:\/\/api.w.org\/{rel}","templated":true}]}}