{"id":36064,"date":"2022-10-28T09:33:17","date_gmt":"2022-10-28T07:33:17","guid":{"rendered":"https:\/\/s-mania.si\/?page_id=36064"},"modified":"2022-11-30T17:26:59","modified_gmt":"2022-11-30T16:26:59","slug":"nagradna-igra","status":"publish","type":"page","link":"https:\/\/shoppamo.com\/si\/nagradna-igra\/","title":{"rendered":"Nagradna igra"},"content":{"rendered":"\n<p>SPLO\u0160NI POGOJI NAGRADNE IGRE<\/p>\n\n\n\n<p><strong>1. OSNOVNI PODATKI O NAGRADNI IGRI<\/strong><\/p>\n\n\n\n<p>1.1 Organizator nagradne igre je dru\u017eba DFVU d.o.o. Dru\u017eba za posredni\u0161tvo, Liparjeva cesta 6A, 1234 Menge\u0161 (v nadaljevanju DFVU oz. organizator).<\/p>\n\n\n\n<p>1.2 Nagradna igra bo potekala na Facebook strani www.facebook.com\/smania.si v obdobju od 30.11.2022 do 6.12.2022 do 23:59 (v nadaljevanju obdobje) in se zaklju\u010di z \u017erebanjem nagrajencev.<\/p>\n\n\n\n<p>1.3 \u017drebanje nagrajenca bo izvedeno naslednji delovni dan po zaklju\u010dku igralnega obdobja, objava pa najpozneje v roku petih (5) delovnih dni.<\/p>\n\n\n\n<p>1.4 Nagradna igra ni v nobeni povezavi s Facebookom in ni v nobenem primeru sponzorirana, podprta ali organizirana s strani dru\u017eabnega omre\u017eja Facebook.&nbsp; Prejemnik podatkov, ki jih daje na razpolago udele\u017eenec, ni Facebook, ampak dru\u017eba DFVU, kot lastnik Smania Facebook strani. Za vsebino nagradne igre je izklju\u010dno odgovoren organizator \u2013 in ne Facebook. Facebook ne prevzame nobene odgovornosti v povezavi z nagradno igro.<\/p>\n\n\n\n<p>1.5 Pogoji nagradne igre in dodatne informacije o nagradni igri so objavljeni na spletni strani <a href=\"https:\/\/s-mania.si\/nagradna-igra\/\">https:\/\/s-mania.si\/nagradna-igra\/<\/a>. Organizator si pridr\u017euje pravico, da kadarkoli spremeni pravila nagradne igre ali jo prekine.<\/p>\n\n\n\n<p><strong>2. UDELE\u017dENCI NAGRADNE IGRE<\/strong><\/p>\n\n\n\n<p>&nbsp;2.1 Udele\u017eenec nagradne igre je lahko vsaka polnoletna fizi\u010dna oseba s stalnim prebivali\u0161\u010dem v Republiki Sloveniji, ki skladno s pravili nagradne igre v \u010dasu trajanja nagradne igre komentira ali v\u0161e\u010dka objavo. Z navedenim dejanjem se udele\u017eenec nagradne igre strinja, da sogla\u0161a s pogoji nagradne igre. V nagradni igri ne smejo sodelovati zaposleni pri podjetju DFVU d.o.o. in njihovi dru\u017einski \u010dlani.<\/p>\n\n\n\n<p><strong>3. POTEK NAGRADNE IGRE<\/strong><\/p>\n\n\n\n<p>3.1 Udele\u017eenec se s komentiranjem ali v\u0161e\u010dkanjem objave na \u010dasovnici strani Facebook in sogla\u0161anjem s pogoji nagradne igre lahko poteguje za nagrado. V izboru bodo upo\u0161tevani vsi komentarji ali v\u0161e\u010dki, ki bodo objavljeni ali v\u0161e\u010dkani pod objavo do konca obdobja . Udele\u017eenec lahko v nagradni igri sodeluje ve\u010dkrat, vendar vsaki\u010d z novim komentarjem, nagrado kljub ve\u010d komentarjev pa lahko prejme zgolj enkrat (1x).<\/p>\n\n\n\n<p>3.2 Nakup v spletni trgovini organizatorja ni pogoj za sodelovanje v nagradni igri.<\/p>\n\n\n\n<p>3.3 Organizator nagradne igre si pridr\u017euje pravico, da po lastni presoji ne objavi oziroma izbri\u0161e morebitne neprimerne, \u017ealjive ali kakorkoli sporne komentarje.<\/p>\n\n\n\n<p><strong>4. NAGRADE NAGRADNE IGRE<\/strong><\/p>\n\n\n\n<p>4.1 DFVU bo v okviru te nagradne igre podelil 1x po 2 vstopnici za tradicionalni koncert: Zimska pravljica v Vi\u0161nji Gori.<\/p>\n\n\n\n<p>4.2 Nagrad ni mo\u017eno zamenjati za denar.<\/p>\n\n\n\n<p>&nbsp;4.3 Pravice prevzema nagrade ni mogo\u010de prenesti na tretjo osebo.<\/p>\n\n\n\n<p>4.4 Udele\u017eenci so seznanjeni z mo\u017enostjo osvojitve nagrade, ki je lahko predmet obdav\u010ditve po Zakonu o dohodnini. Akontacijo za dohodnino za nagrado pla\u010da organizator, nagrajenec pa je kot zavezanec za dohodnino (2. odst. 35. \u010dlena ZDavP-2) organizatorju dol\u017ean pisno predlo\u017eiti natan\u010dne osebne podatke (ime in priimek, naslov stalnega prebivali\u0161\u010da, dav\u010dno izpostavo, svojo dav\u010dno \u0161tevilko in morebitne potrebne druge podatke) in sicer najkasneje v roku 14 dni od prejema obvestila o prevzemu nagrade (ali v drugem roku, ki bo naveden v obvestilu). \u010ce nagrajenec organizatorju teh podatkov ne posreduje v zahtevanem roku, od organizatorja ni upravi\u010den zahtevati izro\u010ditve nagrade. Organizator je v teh primerih (odklonitev ali nepravo\u010dasno posredovani predpisani osebni podatki) prost vseh obveznosti, ki izhajajo iz teh pravil do nagrajenca. Predlo\u017eitev navedenih podatkov je pogoj za prevzem vsake nagrade, katere vrednost presega 42 EUR z DDV. Nagrajenec se strinja in je seznanjen s tem, da se lahko s prejemom nagrade uvrstijo v vi\u0161ji dohodninski razred. V tem primeru nosijo vso finan\u010dno odgovornost in posledice sami.<\/p>\n\n\n\n<p><strong>5. NAGRAJENCI NAGRADNE IGRE<\/strong><\/p>\n\n\n\n<p>5.1 Udele\u017eenci, ki so uspe\u0161no zaklju\u010dili igro, sodelujejo v nagradnem \u017erebanju, ki ne bo javno, ampak ga bo izpeljala za ta namen imenovana 2-\u010dlanska komisija, na sede\u017eu podjetja DFVU.&nbsp; Po kon\u010danem \u017erebanju bo komisija sestavila zapisnik \u017erebanja.<\/p>\n\n\n\n<p>5.2 Organizator bo nagrajenca o prejeti nagradi obvestil najpozneje v roku petih (5) delovnih dni po izboru na \u010dasovnici www.facebook.com\/smania.si oziroma pod komentarjem ali objavo iz\u017erebanega nagrajenca. Isto\u010dasno bo nagrajenec pozvan, da se javi v nabiralnik strani www.facebook.com\/smania.si v roku dveh (2) delovnih dni ter po\u0161lje sporo\u010dilo z imenom, priimkom in naslovom, kamor jim bo dru\u017eba DFVU d.o.o. poslala nagrado. Osebni prevzem nagrade ni mo\u017een. Nagrajenca z po\u0161iljanjem nagrad, ne bremenijo nikakr\u0161ni stro\u0161ki.<\/p>\n\n\n\n<p>5.3 V primeru, da se nagrajenec v roku dveh (2) delovnih dni od vro\u010ditve obvestila o prejemu nagrade ne bo odzval in posredoval zahtevanih podatkov, se bo \u0161telo, da umika svojo udele\u017ebo v nagradni igri in se hkrati odpoveduje pravici do nagrade. V tem primeru se nagrada ne podeli.<\/p>\n\n\n\n<p>5.4 Nagrajenec bo objavljen na portalu www.facebook.com\/smania.si v roku petih (5) delovnih dni po izvedenem izboru. S sodelovanjem v nagradni igri se udele\u017eenec strinja z objavo njegovega imena in priimka v okviru nagrajencev te nagradne igre. To soglasje se lahko kadarkoli prekli\u010de brez vpliva na sodelovanje v nagradni igri ali pravice do nagrade.<\/p>\n\n\n\n<p>5.6 Dru\u017eba DFVU bo nagrado izro\u010dila v roku dvajsetih (20) delovnih dni od datuma prejema popolnih podatkov navedenih v to\u010dki 4.4 pravil nagradne igre.<\/p>\n\n\n\n<p><strong>6. IZKLJU\u010cITEV IZ NAGRADNE IGRE<\/strong><\/p>\n\n\n\n<p>V primeru, opisanem v to\u010dki 2.5 in v primeru kr\u0161itve navedenih pogojev o sodelovanju v nagradni igri si organizator pridr\u017euje pravico, da kr\u0161itelje\/sodelujo\u010de izklju\u010di iz nagradne igre brez predhodnega opozorila. Izklju\u010dene bodo osebe, ki uporabljajo nezakonite pripomo\u010dke (npr. hacker tools, viruse, Trojance itd.) ali si druga\u010de pridobijo koristi s pomo\u010djo manipulacije. Tudi osebe, ki sodelujejo v imenu tretjih oseb (z njihovo vednostjo ali brez njihove vednosti) so lahko izklju\u010dene iz nagradne igre. Sodelovanje preko dru\u0161tev nagradnih iger, avtomatskih storitev in predvsem preko profesionalne slu\u017ebe z nagradnimi igrami ni dovoljeno. V primeru izklju\u010ditve sodelovanja iz nagradne igre, se nagrajencem lahko naknadno odvzamejo nagrade ali zahtevajo nazaj \u017ee izpla\u010dane oz. izro\u010dene nagrade. V primeru, da naknadno izklju\u010deni nagrajenec ne razpolaga ve\u010d z izro\u010deno nagrado, lahko dru\u017eba DFVU od navedene osebe zahteva denarni znesek v vi\u0161ini vrednosti izro\u010dene nagrade.<\/p>\n\n\n\n<p><strong>7. IZKLJU\u010cITEV ODGOVORNOSTI<\/strong><\/p>\n\n\n\n<p>Organizator ni odgovoren za neposredno ali posredno \u0161kodo, ki izhaja iz sodelovanja v nagradni igri, \u010de je stre\u017enik nedosegljiv, razen \u010de je to mogo\u010de pripisati skrajno malomarnim ali namernim dejanjem, ki jih je dol\u017ean organizator zastopati. Poleg tega organizator ni odgovoren za kakr\u0161nekoli tehni\u010dne napake in motnje, zlasti izpadov omre\u017eja, elektronike ali ra\u010dunalnikov. Sodelovanje je na lastno odgovornost.<\/p>\n\n\n\n<p><strong>8. ZASEBNOST IN VAROVANJE PODATKOV UPORABNIKA<\/strong><\/p>\n\n\n\n<p>S sodelovanjem v nagradni igri se \u0161teje, da je dana osebna privolitev udele\u017eenca za zbiranje osebnih podatkov za namen izvedbe nagradne igre skladno s pogoji nagradne igre. Nagrajenec se s sodelovanjem v nagradni igri strinja z objavo svojega uporabni\u0161kega imena na svoji \u010dasovnici, v komentarju pod nagradno igro, na spletni strani nagradne igre in na spletni strani organizatorja za namen razglasitve nagrajenca nagradne igre v povezavi s promocijo organizatorja, za kar od organizatorja ne bo zahteval pla\u010dila ali od\u0161kodnine. Organizator bo za namen izvedbe nagradne igre obdeloval osebne podatke sodelujo\u010dih, razvidne iz Facebook profila (uporabni\u0161ko ime). Osebne podatke nagrajenca (ime, priimek, naslov) bo organizator obdeloval za namen razglasitve nagrajenca ter v tej zvezi lastne promocije, kot tudi za namen podelitve (in izro\u010ditve) nagrade. Organizator se pri tem \u0161teje za upravljavca zgoraj navedenih osebnih podatkov. Organizator bo podatke sodelujo\u010dih in zapisnik komisije hranil \u0161e dve leti po koncu nagradne igre, podatke nagrajenca pa 10 let oz. v skladu z dav\u010dno zakonodajo. Sodelujo\u010di ima pod pogoji, ki jih dolo\u010dajo veljavni predpisi, pravico do informiranosti, dostopa do osebnih podatkov, popravka, izbrisa, omejitve obdelave, prenosljivosti, ugovora, do neavtomatizirano sprejete odlo\u010ditve, prito\u017ebe nadzornemu organu (informacijski poobla\u0161\u010denec) in umika soglasja k obdelavi. Kontakt osebe, poobla\u0161\u010dene za varstvo osebnih podatkov pri dru\u017ebi DFVU: info@dfvu.org. Sodelujo\u010di lahko v \u010dasu trajanja nagradne igre prekli\u010de sodelovanje v nagradni igri, s \u010dimer bodo njegovi osebni podatki izbrisani iz baze osebnih podatkov. Zahtevo za prenehanje sodelovanja v nagradni igri poda v obliki zasebnega sporo\u010dila spletne strani nagradne igre. Organizator bo osebne podatke skrbno varoval, skladno z Zakonom o varstvu osebnih podatkov (ZVOP1; Uradni list RS, \u0161t 94\/2007-UPB1) in Zakonom o elektronskih komunikacijah (ZEKom-1; Uradni list RS, \u0161t. 109\/12, 110\/13, 40\/14 \u2013 ZIN-B, 54\/14 \u2013 odl. US, 81\/15 in 40\/17) ter Splo\u0161no uredbo EU o varstvu podatkov (v nadaljevanju GDPR).<\/p>\n","protected":false},"excerpt":{"rendered":"<p>SPLO\u0160NI POGOJI NAGRADNE IGRE 1. OSNOVNI PODATKI O NAGRADNI IGRI 1.1 Organizator nagradne igre je dru\u017eba DFVU d.o.o. Dru\u017eba za posredni\u0161tvo, Liparjeva cesta 6A, 1234 Menge\u0161 (v nadaljevanju DFVU oz. organizator). 1.2 Nagradna igra bo potekala na Facebook strani www.facebook.com\/smania.si v obdobju od 30.11.2022 do 6.12.2022 do 23:59 (v nadaljevanju obdobje) in se zaklju\u010di z [&hellip;]<\/p>\n","protected":false},"author":1,"featured_media":0,"parent":0,"menu_order":0,"comment_status":"closed","ping_status":"closed","template":"","meta":{"_acf_changed":false,"footnotes":""},"acf":[],"_links":{"self":[{"href":"https:\/\/shoppamo.com\/si\/wp-json\/wp\/v2\/pages\/36064"}],"collection":[{"href":"https:\/\/shoppamo.com\/si\/wp-json\/wp\/v2\/pages"}],"about":[{"href":"https:\/\/shoppamo.com\/si\/wp-json\/wp\/v2\/types\/page"}],"author":[{"embeddable":true,"href":"https:\/\/shoppamo.com\/si\/wp-json\/wp\/v2\/users\/1"}],"replies":[{"embeddable":true,"href":"https:\/\/shoppamo.com\/si\/wp-json\/wp\/v2\/comments?post=36064"}],"version-history":[{"count":5,"href":"https:\/\/shoppamo.com\/si\/wp-json\/wp\/v2\/pages\/36064\/revisions"}],"predecessor-version":[{"id":40559,"href":"https:\/\/shoppamo.com\/si\/wp-json\/wp\/v2\/pages\/36064\/revisions\/40559"}],"wp:attachment":[{"href":"https:\/\/shoppamo.com\/si\/wp-json\/wp\/v2\/media?parent=36064"}],"curies":[{"name":"wp","href":"https:\/\/api.w.org\/{rel}","templated":true}]}}