{"id":17115,"date":"2021-10-29T08:21:41","date_gmt":"2021-10-29T06:21:41","guid":{"rendered":"https:\/\/s-mania.si\/izdelek\/odeja-z-rokavi-snughug\/"},"modified":"2025-05-30T04:19:36","modified_gmt":"2025-05-30T02:19:36","slug":"odeja-z-rokavi-snughug","status":"publish","type":"product","link":"https:\/\/shoppamo.com\/si\/izdelek\/odeja-z-rokavi-snughug\/","title":{"rendered":"Odeja z rokavi SnugHug"},"content":{"rendered":"<div class=\"smania_landing_description_title\">Nova atrakcija spletne trgovine!Odeja z rokavi SnugHug<\/div>\n<div class=\"smania_landing_description_txt\">Stisnite se v topel objem odeje z rokavi SnugHug!<\/div>\n<div class=\"smania_landing_description_subtitle\">Nadenite toplo odejo z rokavi SnugHug in u\u017eivajte tudi v najhladnej\u0161ih dneh. Kakovostna izdelava in simpati\u010den izgled bosta poskrbela za va\u0161e udobje tako doma, kot tudi v hladnih no\u010deh pod zvezdami.<\/div>\n<div class=\"smania_landing_description_list\">\n<ul>\n<li>Izdelana iz toplega in kakovostnega materiala<\/li>\n<li>Mehka in udobna<\/li>\n<li>S kapuco in elasti\u010dnimi rokavi za ohranjanje toplote<\/li>\n<li>Na voljo ve\u010d barvnih razli\u010dic<\/li>\n<li>Za notranjo in zunanjo uporabo<\/li>\n<\/ul><\/div>\n","protected":false},"excerpt":{"rendered":"<p>Simpati\u010dna|Topla|Kvalitetna izdelava|Dolo\u010deni modeli se svetijo v temi|Material: Sinteti\u010dna vlakna|Izjemno udobje|Univerzalna velikost|Popolno darilo v zimskem \u010dasu<\/p>\n","protected":false},"featured_media":74656,"template":"","meta":{"_acf_changed":false},"product_cat":[873,1127,21,1269],"product_tag":[317,315,1130,320],"acf":[],"_links":{"self":[{"href":"https:\/\/shoppamo.com\/si\/wp-json\/wp\/v2\/product\/17115"}],"collection":[{"href":"https:\/\/shoppamo.com\/si\/wp-json\/wp\/v2\/product"}],"about":[{"href":"https:\/\/shoppamo.com\/si\/wp-json\/wp\/v2\/types\/product"}],"wp:featuredmedia":[{"embeddable":true,"href":"https:\/\/shoppamo.com\/si\/wp-json\/wp\/v2\/media\/74656"}],"wp:attachment":[{"href":"https:\/\/shoppamo.com\/si\/wp-json\/wp\/v2\/media?parent=17115"}],"wp:term":[{"taxonomy":"product_cat","embeddable":true,"href":"https:\/\/shoppamo.com\/si\/wp-json\/wp\/v2\/product_cat?post=17115"},{"taxonomy":"product_tag","embeddable":true,"href":"https:\/\/shoppamo.com\/si\/wp-json\/wp\/v2\/product_tag?post=17115"}],"curies":[{"name":"wp","href":"https:\/\/api.w.org\/{rel}","templated":true}]}}