{"id":18476,"date":"2021-11-25T09:55:14","date_gmt":"2021-11-25T08:55:14","guid":{"rendered":"https:\/\/s-mania.si\/izdelek\/plezajoci-bozicek-mr-kringle\/"},"modified":"2024-09-24T18:11:25","modified_gmt":"2024-09-24T16:11:25","slug":"plezajoci-bozicek-mr-kringle","status":"publish","type":"product","link":"https:\/\/shoppamo.com\/si\/izdelek\/plezajoci-bozicek-mr-kringle\/","title":{"rendered":"Plezajo\u010di Bo\u017ei\u010dek Mr. Kringle"},"content":{"rendered":"<div class=\"smania_landing_description_title\">Novo! \ud83c\udf84 Plezajo\u010di Bo\u017ei\u010dek Mr. Kringle<\/div>\n<div class=\"smania_landing_description_txt\">Zabaven Mr. Kringle ustvari pravo bo\u017ei\u010dno vzdu\u0161je!<\/div>\n<div class=\"smania_landing_description_subtitle\">Nikar ne skrbite, \u010de va\u0161a smre\u010dica \u0161e ni okra\u0161ena in va\u0161 dom \u0161e ne di\u0161i po bo\u017ei\u010dnih pi\u0161kotih. Letos bo za vzdu\u0161je poskrbel plezajo\u010di Bo\u017ei\u010dek! Preplezal bo svojo lestev ali vrv, pel bo\u017ei\u010dne pesmi in vas \u010dudovito presenetil.<\/div>\n<div class=\"smania_landing_description_list\">\n<ul>\n<li>Izbirate lahko med tremi plezajo\u010dimi Bo\u017ei\u010dki<\/li>\n<li>Na voljo je Mr. Kringle, ki pleza po lestvi, ali Bo\u017ei\u010dek, ki pleza po vrvi<\/li>\n<li>Zagotovo pa vas bo nasmejal stari mo\u017e, ki naredi preobrat na vrhu lestve<\/li>\n<li>Vsi dobri mo\u017eje predvajajo bo\u017ei\u010dne pesmi<\/li>\n<li>\u010cudovita prazni\u010dna dekoracija za vsak dom<\/li>\n<\/ul>\n<\/div>\n","protected":false},"excerpt":{"rendered":"<p>Prazni\u010dna dekoracija, ki jo lahko obesite kamorkoli|Bo\u017ei\u010dek, ki naredi preobrat razveseli vsakega otroka|Popestrijo vsak turoben zimski ve\u010der|Zabavno darilo za bo\u017ei\u010d|Delovanje na 2 AA bateriji (nista prilo\u017eeni)|Velikost lestve, ki se prisloni: 70 cm; Bo\u017ei\u010dek: 20 cm|Velikost samostoje\u010de lestve: 42 \u00d7 22 cm; Bo\u017ei\u010dek: 24 cm |Velikost Bo\u017ei\u010dka, ki pleza po vrvi: 12,5 \u00d7 13 \u00d7 21 cm<\/p>\n","protected":false},"featured_media":18470,"template":"","meta":{"_acf_changed":false},"product_cat":[834,874,1269,23],"product_tag":[261],"acf":[],"_links":{"self":[{"href":"https:\/\/shoppamo.com\/si\/wp-json\/wp\/v2\/product\/18476"}],"collection":[{"href":"https:\/\/shoppamo.com\/si\/wp-json\/wp\/v2\/product"}],"about":[{"href":"https:\/\/shoppamo.com\/si\/wp-json\/wp\/v2\/types\/product"}],"wp:featuredmedia":[{"embeddable":true,"href":"https:\/\/shoppamo.com\/si\/wp-json\/wp\/v2\/media\/18470"}],"wp:attachment":[{"href":"https:\/\/shoppamo.com\/si\/wp-json\/wp\/v2\/media?parent=18476"}],"wp:term":[{"taxonomy":"product_cat","embeddable":true,"href":"https:\/\/shoppamo.com\/si\/wp-json\/wp\/v2\/product_cat?post=18476"},{"taxonomy":"product_tag","embeddable":true,"href":"https:\/\/shoppamo.com\/si\/wp-json\/wp\/v2\/product_tag?post=18476"}],"curies":[{"name":"wp","href":"https:\/\/api.w.org\/{rel}","templated":true}]}}