{"id":39228,"date":"2022-11-25T13:57:32","date_gmt":"2022-11-25T12:57:32","guid":{"rendered":"https:\/\/s-mania.si\/izdelek\/plesoce-bozicno-drevo-jollytree\/"},"modified":"2023-12-15T12:41:56","modified_gmt":"2023-12-15T11:41:56","slug":"plesoce-bozicno-drevo-jollytree","status":"publish","type":"product","link":"https:\/\/shoppamo.com\/si\/izdelek\/plesoce-bozicno-drevo-jollytree\/","title":{"rendered":"Ple\u0161o\u010de bo\u017ei\u010dno drevo JollyTree"},"content":{"rendered":"<div class=\"smania_landing_description_title\">Prazni\u010dno!Ple\u0161o\u010de bo\u017ei\u010dno drevo JollyTree!<\/div>\n<div class=\"smania_landing_description_txt\">Prikli\u010dite prazni\u010dno vzdu\u0161je v svoj dom!<\/div>\n<div class=\"smania_landing_description_subtitle\">Okrasite svoj dom z neverjetnim ple\u0161o\u010dim bo\u017ei\u010dnim drevescem JollyTree in povabite bo\u017ei\u010dni duh pod svojo streho!<\/div>\n<div class=\"smania_landing_description_list\">\n<ul>\n<li>Ple\u0161e na priljubljeno bo\u017ei\u010dno melodijo<\/li>\n<li>Odli\u010dni plesni gibi za tako majhno drevesce<\/li>\n<li>Popoln dodatek k va\u0161im bo\u017ei\u010dnim okraskom<\/li>\n<li>Zabaven obraz in prikupne premikajo\u010de se roke<\/li>\n<\/ul><\/div>\n","protected":false},"excerpt":{"rendered":"<p>Poje pesem \u00bbJingle Bells\u00ab|Osupljivi plesni gibi|Odli\u010dno darilo za otroke in dru\u017eine|Poganjajo ga 3 AA baterije (niso vklju\u010dene)|Material: plastika, flanela|Velikost S: 7 \u00d7 16 cm|Velikost M: 8 \u00d7 20 cm|Velikost L: 10 \u00d7 24 cm<\/p>\n","protected":false},"featured_media":44134,"template":"","meta":{"_acf_changed":false},"product_cat":[834,1269,23],"product_tag":[261],"acf":[],"_links":{"self":[{"href":"https:\/\/shoppamo.com\/si\/wp-json\/wp\/v2\/product\/39228"}],"collection":[{"href":"https:\/\/shoppamo.com\/si\/wp-json\/wp\/v2\/product"}],"about":[{"href":"https:\/\/shoppamo.com\/si\/wp-json\/wp\/v2\/types\/product"}],"wp:featuredmedia":[{"embeddable":true,"href":"https:\/\/shoppamo.com\/si\/wp-json\/wp\/v2\/media\/44134"}],"wp:attachment":[{"href":"https:\/\/shoppamo.com\/si\/wp-json\/wp\/v2\/media?parent=39228"}],"wp:term":[{"taxonomy":"product_cat","embeddable":true,"href":"https:\/\/shoppamo.com\/si\/wp-json\/wp\/v2\/product_cat?post=39228"},{"taxonomy":"product_tag","embeddable":true,"href":"https:\/\/shoppamo.com\/si\/wp-json\/wp\/v2\/product_tag?post=39228"}],"curies":[{"name":"wp","href":"https:\/\/api.w.org\/{rel}","templated":true}]}}