{"id":60085,"date":"2023-06-02T09:50:47","date_gmt":"2023-06-02T07:50:47","guid":{"rendered":"https:\/\/s-mania.si\/izdelek\/prenosni-organizator-za-ocala-eyego\/"},"modified":"2024-02-01T10:42:31","modified_gmt":"2024-02-01T09:42:31","slug":"prenosni-organizator-za-ocala-eyego","status":"publish","type":"product","link":"https:\/\/shoppamo.com\/si\/izdelek\/prenosni-organizator-za-ocala-eyego\/","title":{"rendered":"Prenosni organizator za o\u010dala EyeGo"},"content":{"rendered":"<div class=\"smania_landing_description_title\">Novo! Prenosni organizator za o\u010dala EyeGo<\/div>\n<div class=\"smania_landing_description_txt\">Vstavite o\u010dala, zvijte, pospravite v torbo in lahko greste!<\/div>\n<div class=\"smania_landing_description_subtitle\">Organizator EyeGo se pona\u0161a s prakti\u010dno in elegantno obliko, ki se odli\u010dno prilega v vsak kov\u010dek in nahrbtnik, zato je idealen za potovanja. V njem se skriva 6 lo\u010denih predelkov ki va\u0161a o\u010dala \u0161\u010ditijo pred po\u0161kodbami.<\/div>\n<div class=\"smania_landing_description_list\">\n<ul>\n<li>Primeren za o\u010dala vseh velikosti<\/li>\n<li>Oblo\u017een s semi\u0161em za za\u0161\u010dito<\/li>\n<li>Edinstvena zlo\u017eljiva zasnova<\/li>\n<li>6 predelkov za shranjevanje<\/li>\n<li>Idealen za potovanja<\/li>\n<\/ul><\/div>\n","protected":false},"excerpt":{"rendered":"<p>Shranite do 6 o\u010dal|Edinstvena zlo\u017eljiva zasnova prihrani prostor|Prakti\u010den ro\u010daj za prena\u0161anje ali obe\u0161anje na steno|Varno zapiranje s tremi gumbi|Uporaben tudi za ure, nakit, kozmetiko in druge majhne predmete|\u0160\u010diti o\u010dala pred prahom in po\u0161kodbami|Na voljo v 2 elegantnih barvah|Mere: 16,5 \u00d7 16,2 \u00d7 14,5 cm<\/p>\n","protected":false},"featured_media":60077,"template":"","meta":{"_acf_changed":false},"product_cat":[22],"product_tag":[520],"acf":[],"_links":{"self":[{"href":"https:\/\/shoppamo.com\/si\/wp-json\/wp\/v2\/product\/60085"}],"collection":[{"href":"https:\/\/shoppamo.com\/si\/wp-json\/wp\/v2\/product"}],"about":[{"href":"https:\/\/shoppamo.com\/si\/wp-json\/wp\/v2\/types\/product"}],"wp:featuredmedia":[{"embeddable":true,"href":"https:\/\/shoppamo.com\/si\/wp-json\/wp\/v2\/media\/60077"}],"wp:attachment":[{"href":"https:\/\/shoppamo.com\/si\/wp-json\/wp\/v2\/media?parent=60085"}],"wp:term":[{"taxonomy":"product_cat","embeddable":true,"href":"https:\/\/shoppamo.com\/si\/wp-json\/wp\/v2\/product_cat?post=60085"},{"taxonomy":"product_tag","embeddable":true,"href":"https:\/\/shoppamo.com\/si\/wp-json\/wp\/v2\/product_tag?post=60085"}],"curies":[{"name":"wp","href":"https:\/\/api.w.org\/{rel}","templated":true}]}}