{"id":63426,"date":"2023-07-19T11:19:29","date_gmt":"2023-07-19T09:19:29","guid":{"rendered":"https:\/\/s-mania.si\/izdelek\/set-garderobnih-organizatorjev-tidix\/"},"modified":"2024-01-24T15:36:06","modified_gmt":"2024-01-24T14:36:06","slug":"set-garderobnih-organizatorjev-tidix","status":"publish","type":"product","link":"https:\/\/shoppamo.com\/si\/izdelek\/set-garderobnih-organizatorjev-tidix\/","title":{"rendered":"Set garderobnih organizatorjev TidiX"},"content":{"rendered":"<div class=\"smania_landing_description_title\">NOVO! Garderobni organizator TidiX<\/div>\n<div class=\"smania_landing_description_txt\">Izkoristite prostor v svoji omari!<\/div>\n<div class=\"smania_landing_description_subtitle\">Organizirajte svoje najljub\u0161e hla\u010dke, nogavice, modr\u010dke ali dodatke z vsestranskim garderobnim organizatorjem TidiX. Z nastavljivimi predelki, kompaktno velikostjo, in namestitvijo brez vrtanja je ta elegantna in trpe\u017ena \u0161katla za shranjevanje kot nala\u0161\u010d za maksimalen izkoristek navpi\u010dnega prostora v va\u0161i omari, komodi ali na steni.<\/div>\n<div class=\"smania_landing_description_list\">\n<ul>\n<li>Elegantna, prozorna zasnova<\/li>\n<li>6 nastavljivih predelkov za shranjevanje<\/li>\n<li>Za ve\u010d hla\u010dk, nogavic ali modr\u010dkov<\/li>\n<li>Namestitev brez vrtanja za vsestransko uporabo<\/li>\n<li>Na voljo v 3 barvah kot komplet 4 kosov<\/li>\n<\/ul><\/div>\n","protected":false},"excerpt":{"rendered":"<p>6 predelkov|Odstranljive pregrade|Izvle\u010dna zasnova brez zatikanja|Prihrani prostor|Primeren za kable, nakit, za\u010dimbe in druge majhne predmete|Namestitev brez vrtanja|Odporen na prah in vodo|Material: HIPS, PET|Mere: 36 \u00d7 8,3 \u00d7 10,7 cm|Te\u017ea: 400 g\/kos<\/p>\n","protected":false},"featured_media":63417,"template":"","meta":{"_acf_changed":false},"product_cat":[16,1072],"product_tag":[305],"acf":[],"_links":{"self":[{"href":"https:\/\/shoppamo.com\/si\/wp-json\/wp\/v2\/product\/63426"}],"collection":[{"href":"https:\/\/shoppamo.com\/si\/wp-json\/wp\/v2\/product"}],"about":[{"href":"https:\/\/shoppamo.com\/si\/wp-json\/wp\/v2\/types\/product"}],"wp:featuredmedia":[{"embeddable":true,"href":"https:\/\/shoppamo.com\/si\/wp-json\/wp\/v2\/media\/63417"}],"wp:attachment":[{"href":"https:\/\/shoppamo.com\/si\/wp-json\/wp\/v2\/media?parent=63426"}],"wp:term":[{"taxonomy":"product_cat","embeddable":true,"href":"https:\/\/shoppamo.com\/si\/wp-json\/wp\/v2\/product_cat?post=63426"},{"taxonomy":"product_tag","embeddable":true,"href":"https:\/\/shoppamo.com\/si\/wp-json\/wp\/v2\/product_tag?post=63426"}],"curies":[{"name":"wp","href":"https:\/\/api.w.org\/{rel}","templated":true}]}}